{"id":750406,"date":"2025-08-28T04:19:53","date_gmt":"2025-08-28T01:19:53","guid":{"rendered":"https:\/\/roveyayinevi.com.tr\/index.php\/urun\/tevrat-da-mucizedir\/"},"modified":"2026-04-16T03:03:40","modified_gmt":"2026-04-16T00:03:40","slug":"tevrat-da-mucizedir","status":"publish","type":"product","link":"https:\/\/roveyayinevi.com.tr\/index.php\/urun\/tevrat-da-mucizedir\/","title":{"rendered":"Tevrat Da Mucizedir"},"content":{"rendered":"<p>Evrim bug\u00fcn i\u00e7in onlarca bilim dal\u0131 taraf\u0131ndan g\u00f6zlemlenen bir ger\u00e7ekliktir. Dolay\u0131s\u0131yla ilk insanlar \u00e7ocukluk seviyesinde ya\u015fad\u0131klar\u0131 ve soyut de\u011ferleri idrak etmedikleri i\u00e7in; putperestlik yani her bir kabilenin somut bir putu var olmu\u015ftur. Bu ise o d\u00f6nem i\u00e7in yanl\u0131\u015f de\u011fil idi. (\u0130bn Arabi) \u00c7\u00fcnk\u00fc bu do\u011fal fakat ilkel inan\u00e7lar, insanlar\u0131 g\u00f6receli olarak birli\u011fe, aidiyete ve yine g\u00f6receli olarak rekabete sevk etti\u011fi gibi; o inan\u00e7lar sayesinde bilim ve medeniyet gibi bir\u00e7ok soyut kavram da \u00f6\u011freniliyordu. Tevrat\u2019ta (Tekvin, 6\/8) ve Kur\u2019an\u2019da (4\/163) g\u00f6r\u00fcld\u00fc\u011f\u00fc gibi; ilk semavi din, Nuh d\u00f6nemi ile ba\u015fl\u0131yor. Din gelince art\u0131k b\u00f6l\u00fcnmeye sebep olan kabile ve klanlara mahsus putlar yerine herkesin tapt\u0131\u011f\u0131 manas\u0131na gelen Elohim kelimesi kullan\u0131lmaya ba\u015fland\u0131. Elo tap\u0131lan demektir; him de herkes demektir. \u0130kisi beraber Herkesin Tanr\u0131s\u0131 manas\u0131na gelir. Yani kelime \u00e7o\u011ful edat\u0131 alm\u0131\u015f de\u011fildir; herkesin tapt\u0131\u011f\u0131 manas\u0131na gelen isim tamlamas\u0131d\u0131r. E\u011fer ba\u015fta Arkeoloji olmak \u00fczere bilimsel disiplinleri esas al\u0131rsak, Yahudi milletinin Milattan 700 y\u0131l \u00f6ncesini bilmiyoruz diyebiliriz. Yani Akadlar, Milattan 2000 y\u0131l \u00f6nce Mezopotamya\u2019da imparatorluk kurdular; sonra be\u015fe b\u00f6l\u00fcnd\u00fcler. Bu 2000 y\u0131l\u0131n 1300 y\u0131l\u0131 Yahudiler i\u00e7in g\u00f6\u00e7ebelik olarak ge\u00e7mi\u015f. Milattan 700 y\u0131l \u00f6ncesinden Filistin\u2019de G\u00fcney ve Kuzey iki krall\u0131k kurduklar\u0131n\u0131 tarihen biliyoruz. Bundan \u00f6ncesi i\u00e7in Yahudilere y\u00f6nelik Orta Do\u011fuda \u00f6zellikle Filistin\u2019de hi\u00e7bir tarih ve arkeolojik veri bulunmam\u0131\u015ft\u0131r. Tufan K\u0131ssas\u0131n\u0131, onun Akad versiyonu olan G\u0131lgam\u0131\u015f Destan\u0131 ile kar\u015f\u0131la\u015ft\u0131rd\u0131\u011f\u0131m\u0131zda, Yahudilerin \u00e7ok dindar, g\u00f6\u00e7ebe ve Akad k\u00fclt\u00fcr\u00fcn\u00fcn ge\u00e7 d\u00f6nem bir devam\u0131 oldu\u011funu anl\u0131yoruz. Arketipler konusunda \u00e7ok verimli bir k\u00fclt\u00fcre sahip olan Akadlar\u0131n torunlar\u0131ndan olan Yahudilerden \u00e7ok peygamberler gelmi\u015ftir. Her birisi metafizik a\u00e7\u0131l\u0131mlar\u0131n\u0131 yani ald\u0131klar\u0131 vahyi bir havuz gibi olan Talmud\u2019a ge\u00e7iriyorlard\u0131. Sonra dini yetkililer, onlar\u0131 millete mal ediyorlard\u0131. Fakat g\u00f6\u00e7ebelik bitince ve akabinde krall\u0131klar kurulunca insanlar o metafizik ve sosyal kollektif kavramlar\u0131 tarih sand\u0131lar. \u00c7\u00fcnk\u00fc di\u011fer milletlere kar\u015f\u0131 \u00fcst\u00fcnl\u00fcklerini ispat etmek zorunda idiler. Babil s\u00fcrg\u00fcn\u00fcne (M.\u00d6. 608-538) kadar b\u00f6yle devam etti. S\u00fcrg\u00fcnde Tevrat kaybolunca \u00dczeyir Peygamber taraf\u0131ndan yeniden yaz\u0131ya ge\u00e7irildi. \u00dczeyir\u2019in Yahudi tarihinde \u00f6n plana \u00e7\u0131k\u0131\u015f\u0131 Babil s\u00fcrg\u00fcn\u00fc sonras\u0131 d\u00f6neme rastlar. Onun bu d\u00f6nemde ger\u00e7ekle\u015ftirdi\u011fi en \u00f6nemli bir faaliyet Tevrat\u2019\u0131 yeniden yazmas\u0131d\u0131r. Ezra ve Nehemya kitaplar\u0131nda, Musa\u2019n\u0131n \u015feriat\u0131 konusunda \u201czeyrek bir yaz\u0131c\u0131\u201d olarak nitelenmesinin yan\u0131nda \u201cdin bilgini\u201d anlam\u0131nda \u201ck\u00e2hin\u201d diye de an\u0131lm\u0131\u015ft\u0131r. Haggadac\u0131 gelenekte ise \u00dczeyir\u2019e \u00e7ok b\u00fcy\u00fck bir sayg\u0131nl\u0131k atfedilmi\u015f; onun s\u0131radan bir rahip-k\u00e2hin de\u011fil \u00e7ok b\u00fcy\u00fck bir din\u00ee lider oldu\u011fu kabul edilmi\u015ftir. \u00dczeyir Yahudilerce peygamber-\u00fcst\u00fc konuma sahip m\u00fcmtaz bir \u015fahsiyet olarak telakki edilmi\u015ftir. \u00dczeyir\u2019i Hz. Musa ile mukayese eden Rabbiler onun da Musa gibi Tevrat\u2019\u0131 almaya lay\u0131k oldu\u011funu iddia etmi\u015f ve bu iddialar\u0131n\u0131 \u201cE\u011fer Musa d\u00fcnyaya daha \u00f6nce gelmemi\u015f olsayd\u0131 Tevrat \u00dczeyir\u2019e vahyedilirdi\u201d s\u00f6z\u00fcyle kli\u015fele\u015ftirmi\u015flerdir. <\/p>\n","protected":false},"excerpt":{"rendered":"<p>Evrim bug\u00fcn i\u00e7in onlarca bilim dal\u0131 taraf\u0131ndan g\u00f6zlemlenen bir ger\u00e7ekliktir. Dolay\u0131s\u0131yla ilk insanlar \u00e7ocukluk seviyesinde ya\u015fad\u0131klar\u0131 ve soyut de\u011ferleri idrak etmedikleri i\u00e7in; putperestlik yani her bir<span class=\"excerpt-hellip\"> [\u2026]<\/span><\/p>\n","protected":false},"featured_media":0,"template":"","meta":{"_monsterinsights_skip_tracking":false,"_monsterinsights_sitenote_active":false,"_monsterinsights_sitenote_note":"","_monsterinsights_sitenote_category":0},"product_brand":[],"product_cat":[12718],"product_tag":[],"class_list":{"0":"post-750406","1":"product","2":"type-product","3":"status-publish","5":"product_cat-din","6":"pa_cilt-ciltsiz","7":"pa_tur-kitap","8":"pa_yayinevi-gulnar-yayinlari","9":"pa_yazar-bahaeddin-saglam","11":"first","12":"instock","13":"sale","14":"shipping-taxable","15":"purchasable","16":"product-type-simple"},"_links":{"self":[{"href":"https:\/\/roveyayinevi.com.tr\/index.php\/wp-json\/wp\/v2\/product\/750406","targetHints":{"allow":["GET"]}}],"collection":[{"href":"https:\/\/roveyayinevi.com.tr\/index.php\/wp-json\/wp\/v2\/product"}],"about":[{"href":"https:\/\/roveyayinevi.com.tr\/index.php\/wp-json\/wp\/v2\/types\/product"}],"wp:attachment":[{"href":"https:\/\/roveyayinevi.com.tr\/index.php\/wp-json\/wp\/v2\/media?parent=750406"}],"wp:term":[{"taxonomy":"product_brand","embeddable":true,"href":"https:\/\/roveyayinevi.com.tr\/index.php\/wp-json\/wp\/v2\/product_brand?post=750406"},{"taxonomy":"product_cat","embeddable":true,"href":"https:\/\/roveyayinevi.com.tr\/index.php\/wp-json\/wp\/v2\/product_cat?post=750406"},{"taxonomy":"product_tag","embeddable":true,"href":"https:\/\/roveyayinevi.com.tr\/index.php\/wp-json\/wp\/v2\/product_tag?post=750406"}],"curies":[{"name":"wp","href":"https:\/\/api.w.org\/{rel}","templated":true}]}}