{"id":750404,"date":"2025-08-28T04:19:49","date_gmt":"2025-08-28T01:19:49","guid":{"rendered":"https:\/\/roveyayinevi.com.tr\/index.php\/urun\/mistisizm-ve-mistik-siir\/"},"modified":"2026-04-16T03:03:40","modified_gmt":"2026-04-16T00:03:40","slug":"mistisizm-ve-mistik-siir","status":"publish","type":"product","link":"https:\/\/roveyayinevi.com.tr\/index.php\/urun\/mistisizm-ve-mistik-siir\/","title":{"rendered":"Mistisizm ve Mistik \u015eiir"},"content":{"rendered":"<p>Modern T\u00fcrk \u015fiiri hem k\u00f6kl\u00fc mistik gelene\u011fin birikimlerinden yararlanarak hem de ba\u015fka mistik \u00f6\u011fretilerden etkilenerek evrensel mistisizmin \u00f6l\u00e7\u00fctlerine uyumlu yeni \u00f6rnekler yaratmay\u0131 ba\u015farm\u0131\u015ft\u0131r. Dini veya metafizik \u015fiirden apayr\u0131 sularda seyreden mistik \u015fiir, asl\u0131nda \u015fiirin \u00f6zg\u00fcl do\u011fas\u0131na ait olu\u015fuyla, kolektif bilincin i\u00e7inde s\u0131k\u0131\u015fan insan tekine mahrem deneyimin me\u015fruiyetini hat\u0131rlatmaktad\u0131r. 1980 sonras\u0131 T\u00fcrk \u015fiirinde be\u015f farkl\u0131 ba\u015fl\u0131ktaki mistik e\u011filimlerin incelendi\u011fi bu \u00e7al\u0131\u015fma rasyonalist-pozitivist k\u00fclt\u00fcr devriminin g\u00f6lgesinde \u015fiirin bazen derinden ve dolayl\u0131, bazen de a\u00e7\u0131k\u00e7a ve g\u00fcr bir sesle insani varolu\u015fa sa\u011flam bir zihinsel katk\u0131 sundu\u011funu ortaya koymaktad\u0131r. Bu y\u00f6n\u00fcyle ve bu \u00e7al\u0131\u015fmada ele al\u0131nd\u0131\u011f\u0131 \u015fekliyle mistik \u015fiir, lirizmden kopmadan ve felsefi d\u00fc\u015f\u00fcnceyle ko\u015fut bir bi\u00e7imde hem bireylere hem topluma \u201cs\u00f6z\u201d\u00fcn eskimeyece\u011fini de g\u00f6stermektedir.<\/p>\n","protected":false},"excerpt":{"rendered":"<p>Modern T\u00fcrk \u015fiiri hem k\u00f6kl\u00fc mistik gelene\u011fin birikimlerinden yararlanarak hem de ba\u015fka mistik \u00f6\u011fretilerden etkilenerek evrensel mistisizmin \u00f6l\u00e7\u00fctlerine uyumlu yeni \u00f6rnekler yaratmay\u0131 ba\u015farm\u0131\u015ft\u0131r. Dini veya metafizik<span class=\"excerpt-hellip\"> [\u2026]<\/span><\/p>\n","protected":false},"featured_media":0,"template":"","meta":{"_monsterinsights_skip_tracking":false,"_monsterinsights_sitenote_active":false,"_monsterinsights_sitenote_note":"","_monsterinsights_sitenote_category":0},"product_brand":[],"product_cat":[13072,12291],"product_tag":[],"class_list":{"0":"post-750404","1":"product","2":"type-product","3":"status-publish","5":"product_cat-arastirma-inceleme-referans","6":"product_cat-edebiyat","7":"pa_cilt-ciltsiz","8":"pa_tur-kitap","9":"pa_yayinevi-otuken-nesriyat","10":"pa_yazar-mehmet-akinci","12":"first","13":"instock","14":"sale","15":"shipping-taxable","16":"purchasable","17":"product-type-simple"},"_links":{"self":[{"href":"https:\/\/roveyayinevi.com.tr\/index.php\/wp-json\/wp\/v2\/product\/750404","targetHints":{"allow":["GET"]}}],"collection":[{"href":"https:\/\/roveyayinevi.com.tr\/index.php\/wp-json\/wp\/v2\/product"}],"about":[{"href":"https:\/\/roveyayinevi.com.tr\/index.php\/wp-json\/wp\/v2\/types\/product"}],"wp:attachment":[{"href":"https:\/\/roveyayinevi.com.tr\/index.php\/wp-json\/wp\/v2\/media?parent=750404"}],"wp:term":[{"taxonomy":"product_brand","embeddable":true,"href":"https:\/\/roveyayinevi.com.tr\/index.php\/wp-json\/wp\/v2\/product_brand?post=750404"},{"taxonomy":"product_cat","embeddable":true,"href":"https:\/\/roveyayinevi.com.tr\/index.php\/wp-json\/wp\/v2\/product_cat?post=750404"},{"taxonomy":"product_tag","embeddable":true,"href":"https:\/\/roveyayinevi.com.tr\/index.php\/wp-json\/wp\/v2\/product_tag?post=750404"}],"curies":[{"name":"wp","href":"https:\/\/api.w.org\/{rel}","templated":true}]}}