{"id":750403,"date":"2025-08-28T04:19:49","date_gmt":"2025-08-28T01:19:49","guid":{"rendered":"https:\/\/roveyayinevi.com.tr\/index.php\/urun\/peri-tarot-kartlari\/"},"modified":"2026-04-16T03:03:39","modified_gmt":"2026-04-16T00:03:39","slug":"peri-tarot-kartlari","status":"publish","type":"product","link":"https:\/\/roveyayinevi.com.tr\/index.php\/urun\/peri-tarot-kartlari\/","title":{"rendered":"Peri Tarot Kartlar\u0131"},"content":{"rendered":"<p>Peri Tarot Kartlar\u0131, \u00e7ok satan Melek Tarot Kartlar\u0131\u2019n\u0131n mu\u0308kemmel bir e\u015fidir. (Daha do\u011fru ve ayr\u0131nt\u0131l\u0131 okumalar yapmak i\u00e7in bu iki desteyi kar\u0131\u015ft\u0131rabilirsiniz!). 78 Kartl\u0131k Deste ve Rehber Kitap.   Periler kendimize gu\u0308venimizi ve du\u0308nyada pozitif bir de\u011fi\u015fiklik yapma yetimize inanc\u0131m\u0131z\u0131 da i\u00e7eren du\u0308nyevi konularda hepimize yard\u0131m eden do\u011fa melekleridir. Bu 78 muhte\u015fem kart \u201cg\u00f6ru\u0308nmez tac\u0131n\u0131z\u0131 takman\u0131za\u201d ve ya\u015fam amac\u0131n\u0131z\u0131 ger\u00e7ekle\u015ftirmenize yard\u0131m etmek i\u00e7in tasarlanm\u0131\u015ft\u0131r. Radleigh Valentine, Peri Tarot Kartlar\u0131\u2019n\u0131 \u201c\u00f6zsayg\u0131 destesi\u201d olarak adland\u0131r\u0131yor, \u00e7u\u0308nku\u0308 resimler ve s\u00f6zler hep bu niyetle doludur. Destede arka planda \u0130ngiltere\u2019de Glastonbury\u2019nin simgesel olarak yer ald\u0131\u011f\u0131 Peri Krallar\u0131, Krali\u00e7eleri, Prensesleri ve Prensleriyle tan\u0131\u015facaks\u0131n\u0131z. Her kartta \u00e7izilen ve rehber kitapta a\u00e7\u0131klanan perilerin bilgeli\u011fi hayat\u0131n\u0131z\u0131 \u0130lahi sihrin yoluna sokarak h\u0131zland\u0131rman\u0131za yard\u0131m edecektir! <\/p>\n","protected":false},"excerpt":{"rendered":"<p>Peri Tarot Kartlar\u0131, \u00e7ok satan Melek Tarot Kartlar\u0131\u2019n\u0131n mu\u0308kemmel bir e\u015fidir. (Daha do\u011fru ve ayr\u0131nt\u0131l\u0131 okumalar yapmak i\u00e7in bu iki desteyi kar\u0131\u015ft\u0131rabilirsiniz!). 78 Kartl\u0131k Deste ve<span class=\"excerpt-hellip\"> [\u2026]<\/span><\/p>\n","protected":false},"featured_media":0,"template":"","meta":{"_monsterinsights_skip_tracking":false,"_monsterinsights_sitenote_active":false,"_monsterinsights_sitenote_note":"","_monsterinsights_sitenote_category":0},"product_brand":[],"product_cat":[19840,12364],"product_tag":[],"class_list":{"0":"post-750403","1":"product","2":"type-product","3":"status-publish","5":"product_cat-astroloji","6":"product_cat-genel-konular","7":"pa_cilt-ciltsiz","8":"pa_tur-kitap","9":"pa_yayinevi-butik-yayinlari","10":"pa_yazar-radleigh-valentine","12":"first","13":"instock","14":"sale","15":"shipping-taxable","16":"purchasable","17":"product-type-simple"},"_links":{"self":[{"href":"https:\/\/roveyayinevi.com.tr\/index.php\/wp-json\/wp\/v2\/product\/750403","targetHints":{"allow":["GET"]}}],"collection":[{"href":"https:\/\/roveyayinevi.com.tr\/index.php\/wp-json\/wp\/v2\/product"}],"about":[{"href":"https:\/\/roveyayinevi.com.tr\/index.php\/wp-json\/wp\/v2\/types\/product"}],"wp:attachment":[{"href":"https:\/\/roveyayinevi.com.tr\/index.php\/wp-json\/wp\/v2\/media?parent=750403"}],"wp:term":[{"taxonomy":"product_brand","embeddable":true,"href":"https:\/\/roveyayinevi.com.tr\/index.php\/wp-json\/wp\/v2\/product_brand?post=750403"},{"taxonomy":"product_cat","embeddable":true,"href":"https:\/\/roveyayinevi.com.tr\/index.php\/wp-json\/wp\/v2\/product_cat?post=750403"},{"taxonomy":"product_tag","embeddable":true,"href":"https:\/\/roveyayinevi.com.tr\/index.php\/wp-json\/wp\/v2\/product_tag?post=750403"}],"curies":[{"name":"wp","href":"https:\/\/api.w.org\/{rel}","templated":true}]}}