{"id":750401,"date":"2025-08-28T04:19:46","date_gmt":"2025-08-28T01:19:46","guid":{"rendered":"https:\/\/roveyayinevi.com.tr\/index.php\/urun\/gorme-engellilerin-imzasi\/"},"modified":"2026-04-16T03:03:39","modified_gmt":"2026-04-16T00:03:39","slug":"gorme-engellilerin-imzasi","status":"publish","type":"product","link":"https:\/\/roveyayinevi.com.tr\/index.php\/urun\/gorme-engellilerin-imzasi\/","title":{"rendered":"G\u00f6rme Engellilerin \u0130mzas\u0131"},"content":{"rendered":"<p>\u0130\u00e7indekiler     B\u0130R\u0130NC\u0130 B\u00d6L\u00dcM G\u00d6RME ENGELL\u0130N\u0130N \u0130MZASI KAVRAMI, H\u00dcKM\u00dcN KORUMA AMACI, \u00d6ZEL D\u00dcZENLEME GEREKL\u0130L\u0130\u011e\u0130, KAR\u015eILA\u015eTIRMALI HUKUKTAK\u0130 DURUM VE T\u00dcRK HUKUKU A\u00c7ISINDAN GEL\u0130\u015e\u0130M S\u00dcREC\u0130   \u0130K\u0130NC\u0130 B\u00d6L\u00dcM G\u00d6RME ENGELL\u0130LER\u0130N HUKUKSAL \u0130\u015eLEMLER\u0130   \u00dc\u00c7\u00dcNC\u00dc B\u00d6L\u00dcM YAZILI GE\u00c7ERL\u0130L\u0130K \u015eEKL\u0130NE TAB\u0130 HUKUKSAL \u0130\u015eLEMLERDE G\u00d6RME ENGELL\u0130LER\u0130N \u0130MZASI   D\u00d6RD\u00dcNC\u00dc B\u00d6L\u00dcM HUKUK MUHAKEMELER\u0130 KANUNUNUN \u0130MZA ATAMAYANLARLA \u0130LG\u0130L\u0130 D\u00dcZENLEMES\u0130 VE T\u00dcRK BOR\u00c7LAR KANUNU \u0130LE UYUMU   BE\u015e\u0130NC\u0130 B\u00d6L\u00dcM G\u00d6RME ENGELL\u0130LER\u0130N \u0130MZASINA \u0130L\u0130\u015eK\u0130N D\u00dcZENLEMELER\u0130N KORUMA AMACI ve HUKUKUN B\u00dcT\u00dcNL\u00dc\u011e\u00dc A\u00c7ISINDAN \u00d6NER\u0130LER <\/p>\n","protected":false},"excerpt":{"rendered":"<p>\u0130\u00e7indekiler B\u0130R\u0130NC\u0130 B\u00d6L\u00dcM G\u00d6RME ENGELL\u0130N\u0130N \u0130MZASI KAVRAMI, H\u00dcKM\u00dcN KORUMA AMACI, \u00d6ZEL D\u00dcZENLEME GEREKL\u0130L\u0130\u011e\u0130, KAR\u015eILA\u015eTIRMALI HUKUKTAK\u0130 DURUM VE T\u00dcRK HUKUKU A\u00c7ISINDAN GEL\u0130\u015e\u0130M S\u00dcREC\u0130 \u0130K\u0130NC\u0130 B\u00d6L\u00dcM G\u00d6RME ENGELL\u0130LER\u0130N<span class=\"excerpt-hellip\"> [\u2026]<\/span><\/p>\n","protected":false},"featured_media":0,"template":"","meta":{"_monsterinsights_skip_tracking":false,"_monsterinsights_sitenote_active":false,"_monsterinsights_sitenote_note":"","_monsterinsights_sitenote_category":0},"product_brand":[],"product_cat":[12573,12566],"product_tag":[],"class_list":{"0":"post-750401","1":"product","2":"type-product","3":"status-publish","5":"product_cat-akademik-kitaplar","6":"product_cat-egitim","7":"pa_cilt-ciltsiz","8":"pa_tur-kitap","9":"pa_yayinevi-gazi-kitabevi","10":"pa_yazar-sebnem-nebioglu-oner","12":"first","13":"instock","14":"sale","15":"shipping-taxable","16":"purchasable","17":"product-type-simple"},"_links":{"self":[{"href":"https:\/\/roveyayinevi.com.tr\/index.php\/wp-json\/wp\/v2\/product\/750401","targetHints":{"allow":["GET"]}}],"collection":[{"href":"https:\/\/roveyayinevi.com.tr\/index.php\/wp-json\/wp\/v2\/product"}],"about":[{"href":"https:\/\/roveyayinevi.com.tr\/index.php\/wp-json\/wp\/v2\/types\/product"}],"wp:attachment":[{"href":"https:\/\/roveyayinevi.com.tr\/index.php\/wp-json\/wp\/v2\/media?parent=750401"}],"wp:term":[{"taxonomy":"product_brand","embeddable":true,"href":"https:\/\/roveyayinevi.com.tr\/index.php\/wp-json\/wp\/v2\/product_brand?post=750401"},{"taxonomy":"product_cat","embeddable":true,"href":"https:\/\/roveyayinevi.com.tr\/index.php\/wp-json\/wp\/v2\/product_cat?post=750401"},{"taxonomy":"product_tag","embeddable":true,"href":"https:\/\/roveyayinevi.com.tr\/index.php\/wp-json\/wp\/v2\/product_tag?post=750401"}],"curies":[{"name":"wp","href":"https:\/\/api.w.org\/{rel}","templated":true}]}}