{"id":750399,"date":"2025-08-28T04:19:44","date_gmt":"2025-08-28T01:19:44","guid":{"rendered":"https:\/\/roveyayinevi.com.tr\/index.php\/urun\/profesyonel-futbol-kulup-yoneticilerinin-liderlik-yonelimlerikisilik-ozellikleri-ve-empati-duzeyleri\/"},"modified":"2026-04-16T03:03:39","modified_gmt":"2026-04-16T00:03:39","slug":"profesyonel-futbol-kulup-yoneticilerinin-liderlik-yonelimlerikisilik-ozellikleri-ve-empati-duzeyleri","status":"publish","type":"product","link":"https:\/\/roveyayinevi.com.tr\/index.php\/urun\/profesyonel-futbol-kulup-yoneticilerinin-liderlik-yonelimlerikisilik-ozellikleri-ve-empati-duzeyleri\/","title":{"rendered":"Profesyonel Futbol Kul\u00fcp Y\u00f6neticilerinin Liderlik Y\u00f6nelimleri,Ki\u015filik \u00d6zellikleri ve Empati D\u00fczeyleri"},"content":{"rendered":"<p>\u0130\u00e7indekiler   1. G\u0130R\u0130\u015e 2. GENEL B\u0130LG\u0130LER 2.1. Liderlik 2.1.1. Liderlik kuramlar\u0131 2.1.2. Liderlik y\u00f6nelimleri 2.1.3. Liderlik ve y\u00f6neticilik aras\u0131ndaki farklar 2.1.4. Etkili liderlik 2.2. Y\u00f6neticilik 2.3. Spor Y\u00f6netimi ve Spor Y\u00f6neticisi 2.4. Amat\u00f6r ve Profesyonel Futbol Kul\u00fcpleri 2.5. Profesyonel Futbol Kul\u00fcplerinin Kurulmas\u0131 2.6. Spor Kul\u00fcplerinin \u015eirketle\u015fmesi 2.7. Sporda Liderlik 2.8. Ki\u015filik Kavram\u0131 2.8.1. Ki\u015fili\u011fin olu\u015fmas\u0131na etki eden fakt\u00f6rler 2.8.2. Ki\u015filik \u00f6zellikleri 2.8.3. Ki\u015filik tipleri 2.9. Empati 2.9.1. Empati d\u00fczeyleri 2.10. Literat\u00fcr \u0130ncelemesi     3. GERE\u00c7 VE Y\u00d6NTEM 3.1. Ara\u015ft\u0131rma Modeli 3.2. Ara\u015ft\u0131rma Problemleri 3.3. Ara\u015ft\u0131rma Evreni ve \u00d6rneklemi 3.4. Veri Toplama Ara\u00e7lar\u0131 3.4.1. Ki\u015fisel bilgi formu 3.4.2. \u00c7ok y\u00f6nl\u00fc liderlik y\u00f6nelimleri \u00f6l\u00e7e\u011fi (\u00c7YLY\u00d6) 3.4.3. On-maddeli ki\u015filik \u00f6l\u00e7e\u011fi (OMK\u00d6) 3.4.4. Empati d\u00fczeyi belirleme \u00f6l\u00e7e\u011fi (EDB\u00d6) 3.5. Verilerin Analizi 4. BULGULAR 5. TARTI\u015eMA 6. SONU\u00c7 VE \u00d6NER\u0130LER KAYNAK\u00c7A <\/p>\n","protected":false},"excerpt":{"rendered":"<p>\u0130\u00e7indekiler 1. G\u0130R\u0130\u015e 2. GENEL B\u0130LG\u0130LER 2.1. Liderlik 2.1.1. Liderlik kuramlar\u0131 2.1.2. Liderlik y\u00f6nelimleri 2.1.3. Liderlik ve y\u00f6neticilik aras\u0131ndaki farklar 2.1.4. Etkili liderlik 2.2. Y\u00f6neticilik 2.3.<span class=\"excerpt-hellip\"> [\u2026]<\/span><\/p>\n","protected":false},"featured_media":0,"template":"","meta":{"_monsterinsights_skip_tracking":false,"_monsterinsights_sitenote_active":false,"_monsterinsights_sitenote_note":"","_monsterinsights_sitenote_category":0},"product_brand":[],"product_cat":[15563,15564],"product_tag":[],"class_list":{"0":"post-750399","1":"product","2":"type-product","3":"status-publish","5":"product_cat-hobi","6":"product_cat-spor","7":"pa_cilt-ciltsiz","8":"pa_tur-kitap","9":"pa_yayinevi-gazi-kitabevi","10":"pa_yazar-ridvan-ozkan","12":"first","13":"instock","14":"sale","15":"shipping-taxable","16":"purchasable","17":"product-type-simple"},"_links":{"self":[{"href":"https:\/\/roveyayinevi.com.tr\/index.php\/wp-json\/wp\/v2\/product\/750399","targetHints":{"allow":["GET"]}}],"collection":[{"href":"https:\/\/roveyayinevi.com.tr\/index.php\/wp-json\/wp\/v2\/product"}],"about":[{"href":"https:\/\/roveyayinevi.com.tr\/index.php\/wp-json\/wp\/v2\/types\/product"}],"wp:attachment":[{"href":"https:\/\/roveyayinevi.com.tr\/index.php\/wp-json\/wp\/v2\/media?parent=750399"}],"wp:term":[{"taxonomy":"product_brand","embeddable":true,"href":"https:\/\/roveyayinevi.com.tr\/index.php\/wp-json\/wp\/v2\/product_brand?post=750399"},{"taxonomy":"product_cat","embeddable":true,"href":"https:\/\/roveyayinevi.com.tr\/index.php\/wp-json\/wp\/v2\/product_cat?post=750399"},{"taxonomy":"product_tag","embeddable":true,"href":"https:\/\/roveyayinevi.com.tr\/index.php\/wp-json\/wp\/v2\/product_tag?post=750399"}],"curies":[{"name":"wp","href":"https:\/\/api.w.org\/{rel}","templated":true}]}}