{"id":750396,"date":"2025-08-28T04:19:41","date_gmt":"2025-08-28T01:19:41","guid":{"rendered":"https:\/\/roveyayinevi.com.tr\/index.php\/urun\/beden-egitimi-ve-spora-multidisipliner-bir-bakis-4\/"},"modified":"2026-04-16T03:03:39","modified_gmt":"2026-04-16T00:03:39","slug":"beden-egitimi-ve-spora-multidisipliner-bir-bakis-4","status":"publish","type":"product","link":"https:\/\/roveyayinevi.com.tr\/index.php\/urun\/beden-egitimi-ve-spora-multidisipliner-bir-bakis-4\/","title":{"rendered":"Beden E\u011fitimi ve Spora Multidisipliner Bir Bak\u0131\u015f-4"},"content":{"rendered":"<p>\u0130\u00e7indekiler     B\u00d6L\u00dcM 1 SPOR B\u0130L\u0130MLER\u0130 FAK\u00dcLTES\u0130 \u00d6\u011eRENC\u0130LER\u0130N\u0130N B\u0130L\u0130\u015eSEL ESNEKL\u0130K, DUYGUSAL ZEK\u00c2 VE BA\u015eA \u00c7IKMA STRATEJ\u0130LER\u0130NE Y\u00d6NEL\u0130K B\u0130R \u0130NCELEME   B\u00d6L\u00dcM 2 KADIN SPORCU TR\u0130ADI   B\u00d6L\u00dcM 3 SPORDA MA\u00c7 ANAL\u0130Z\u0130 VE TEKNOLOJ\u0130 KULLANIMI   B\u00d6L\u00dcM 4 BCAA\u2019LARIN KAS HASARI VE F\u0130Z\u0130KSEL PERFORMANSA ETK\u0130S\u0130   B\u00d6L\u00dcM 5 FONKS\u0130YONEL HAREKET ANAL\u0130Z\u0130 VE D\u00dcZELT\u0130C\u0130 EGZERS\u0130ZLER   B\u00d6L\u00dcM 6 EGZERS\u0130ZE KARD\u0130YOVASK\u00dcLER YANITLAR   B\u00d6L\u00dcM 7 MOTOR BECER\u0130 GEL\u0130\u015e\u0130M\u0130NDE OYUNUN ROL\u00dc<\/p>\n","protected":false},"excerpt":{"rendered":"<p>\u0130\u00e7indekiler B\u00d6L\u00dcM 1 SPOR B\u0130L\u0130MLER\u0130 FAK\u00dcLTES\u0130 \u00d6\u011eRENC\u0130LER\u0130N\u0130N B\u0130L\u0130\u015eSEL ESNEKL\u0130K, DUYGUSAL ZEK\u00c2 VE BA\u015eA \u00c7IKMA STRATEJ\u0130LER\u0130NE Y\u00d6NEL\u0130K B\u0130R \u0130NCELEME B\u00d6L\u00dcM 2 KADIN SPORCU TR\u0130ADI B\u00d6L\u00dcM 3 SPORDA<span class=\"excerpt-hellip\"> [\u2026]<\/span><\/p>\n","protected":false},"featured_media":0,"template":"","meta":{"_monsterinsights_skip_tracking":false,"_monsterinsights_sitenote_active":false,"_monsterinsights_sitenote_note":"","_monsterinsights_sitenote_category":0},"product_brand":[],"product_cat":[15563,15564],"product_tag":[],"class_list":{"0":"post-750396","1":"product","2":"type-product","3":"status-publish","5":"product_cat-hobi","6":"product_cat-spor","7":"pa_cilt-ciltsiz","8":"pa_tur-kitap","9":"pa_yayinevi-gazi-kitabevi","10":"pa_yazar-kolektif","12":"first","13":"instock","14":"sale","15":"shipping-taxable","16":"purchasable","17":"product-type-simple"},"_links":{"self":[{"href":"https:\/\/roveyayinevi.com.tr\/index.php\/wp-json\/wp\/v2\/product\/750396","targetHints":{"allow":["GET"]}}],"collection":[{"href":"https:\/\/roveyayinevi.com.tr\/index.php\/wp-json\/wp\/v2\/product"}],"about":[{"href":"https:\/\/roveyayinevi.com.tr\/index.php\/wp-json\/wp\/v2\/types\/product"}],"wp:attachment":[{"href":"https:\/\/roveyayinevi.com.tr\/index.php\/wp-json\/wp\/v2\/media?parent=750396"}],"wp:term":[{"taxonomy":"product_brand","embeddable":true,"href":"https:\/\/roveyayinevi.com.tr\/index.php\/wp-json\/wp\/v2\/product_brand?post=750396"},{"taxonomy":"product_cat","embeddable":true,"href":"https:\/\/roveyayinevi.com.tr\/index.php\/wp-json\/wp\/v2\/product_cat?post=750396"},{"taxonomy":"product_tag","embeddable":true,"href":"https:\/\/roveyayinevi.com.tr\/index.php\/wp-json\/wp\/v2\/product_tag?post=750396"}],"curies":[{"name":"wp","href":"https:\/\/api.w.org\/{rel}","templated":true}]}}