{"id":750394,"date":"2025-08-28T04:19:38","date_gmt":"2025-08-28T01:19:38","guid":{"rendered":"https:\/\/roveyayinevi.com.tr\/index.php\/urun\/devrimin-ve-karsi-devrimin-yuz-yili-3\/"},"modified":"2026-04-16T03:03:39","modified_gmt":"2026-04-16T00:03:39","slug":"devrimin-ve-karsi-devrimin-yuz-yili-3","status":"publish","type":"product","link":"https:\/\/roveyayinevi.com.tr\/index.php\/urun\/devrimin-ve-karsi-devrimin-yuz-yili-3\/","title":{"rendered":"Devrimin ve Kar\u015f\u0131 Devrimin Y\u00fcz Y\u0131l\u0131-3"},"content":{"rendered":"<p>Cumhuriyetimizin 100. y\u0131l\u0131 i\u00e7in kapsaml\u0131 bir ba\u015fvuru kayna\u011f\u0131&#8230; Bir d\u00f6nemin panoramas\u0131&#8230; Devrimin ve Kar\u015f\u0131 Devrim\u2019in 100 Y\u0131l\u0131 \u00e7al\u0131\u015fmas\u0131n\u0131n bu \u00fc\u00e7\u00fcnc\u00fc cildi ad\u0131ndan da anla\u015f\u0131laca\u011f\u0131 \u00fczere, \u201cKar\u015f\u0131 Devrim Yan\u0131lsamas\u0131\u201d ana \u00e7izgisi \u00fczerinde meydana gelen olaylardan olu\u015fuyor. Bu ciltteki olaylar dikkatle okundu\u011funda, Demokratik Temel Hak ve \u00d6zg\u00fcrl\u00fcklerin, Demokratik Rejimi yok etmek i\u00e7in iktidar taraf\u0131ndan nas\u0131l yava\u015f yava\u015f ve sistematik olarak, \u00f6zellikle de yarg\u0131 erki arac\u0131l\u0131\u011f\u0131yla ve tart\u0131\u015fmal\u0131 ko\u015fullarda yap\u0131lan halkoylamalar\u0131yla kullan\u0131ld\u0131\u011f\u0131 g\u00f6r\u00fclecektir. \u0130ktidar\u0131n ilk d\u00f6nemini Ahmet Necdet Sezer\u2019in Cumhurba\u015fkanl\u0131\u011f\u0131 s\u00fcresinin biti\u015fine tarihledik. Abdullah G\u00fcl\u2019\u00fcn Cumhurba\u015fkanl\u0131\u011f\u0131 ile ba\u015flayan ikinci d\u00f6nemi ise yarg\u0131n\u0131n siyasal iktidar\u0131n etkisine a\u00e7\u0131k hale getirildi\u011fi 12 Eyl\u00fcl 2010 Halkoylamas\u0131 ile s\u0131n\u0131rlad\u0131k. \u00dc\u00e7\u00fcnc\u00fc d\u00f6nemi de Gezi Direni\u015fi ile bitirdik, \u00e7\u00fcnk\u00fc bu tarihten sonra art\u0131k \u201cHi\u00e7bir \u015fey eskisi gibi olmad\u0131\u201d. D\u00f6rd\u00fcnc\u00fc d\u00f6nem, 16 Nisan 2017 Halkoylamas\u0131 ile Anayasa\u2019n\u0131n \u201c\u015eahs\u0131m Devleti Rejimi\u201dnin kurulu\u015fu tarihinde sona erdi. Be\u015finci d\u00f6nemi \u201c\u015eahs\u0131m Devleti Rejimi\u201dnin 2019\u2019daki ser\u00fcveni ile bitirdik. Bu ciltte 100 y\u0131l\u0131n bir genel de\u011ferlendirmesini yapt\u0131k ve ek olarak depremin y\u0131k\u0131c\u0131 etkilerinin gerisinde yatan imar aflar\u0131 dizinini de okurlar\u0131m\u0131z\u0131n dikkatine sunduk. <\/p>\n","protected":false},"excerpt":{"rendered":"<p>Cumhuriyetimizin 100. y\u0131l\u0131 i\u00e7in kapsaml\u0131 bir ba\u015fvuru kayna\u011f\u0131&#8230; Bir d\u00f6nemin panoramas\u0131&#8230; Devrimin ve Kar\u015f\u0131 Devrim\u2019in 100 Y\u0131l\u0131 \u00e7al\u0131\u015fmas\u0131n\u0131n bu \u00fc\u00e7\u00fcnc\u00fc cildi ad\u0131ndan da anla\u015f\u0131laca\u011f\u0131 \u00fczere, \u201cKar\u015f\u0131<span class=\"excerpt-hellip\"> [\u2026]<\/span><\/p>\n","protected":false},"featured_media":0,"template":"","meta":{"_monsterinsights_skip_tracking":false,"_monsterinsights_sitenote_active":false,"_monsterinsights_sitenote_note":"","_monsterinsights_sitenote_category":0},"product_brand":[],"product_cat":[12370,12304],"product_tag":[],"class_list":{"0":"post-750394","1":"product","2":"type-product","3":"status-publish","5":"product_cat-arastirma-inceleme","6":"product_cat-tarih","7":"pa_cilt-ciltsiz","8":"pa_tur-kitap","9":"pa_yayinevi-remzi-kitabevi","10":"pa_yazar-emre-kongar-zulal-kalkandelen","12":"first","13":"instock","14":"sale","15":"shipping-taxable","16":"purchasable","17":"product-type-simple"},"_links":{"self":[{"href":"https:\/\/roveyayinevi.com.tr\/index.php\/wp-json\/wp\/v2\/product\/750394","targetHints":{"allow":["GET"]}}],"collection":[{"href":"https:\/\/roveyayinevi.com.tr\/index.php\/wp-json\/wp\/v2\/product"}],"about":[{"href":"https:\/\/roveyayinevi.com.tr\/index.php\/wp-json\/wp\/v2\/types\/product"}],"wp:attachment":[{"href":"https:\/\/roveyayinevi.com.tr\/index.php\/wp-json\/wp\/v2\/media?parent=750394"}],"wp:term":[{"taxonomy":"product_brand","embeddable":true,"href":"https:\/\/roveyayinevi.com.tr\/index.php\/wp-json\/wp\/v2\/product_brand?post=750394"},{"taxonomy":"product_cat","embeddable":true,"href":"https:\/\/roveyayinevi.com.tr\/index.php\/wp-json\/wp\/v2\/product_cat?post=750394"},{"taxonomy":"product_tag","embeddable":true,"href":"https:\/\/roveyayinevi.com.tr\/index.php\/wp-json\/wp\/v2\/product_tag?post=750394"}],"curies":[{"name":"wp","href":"https:\/\/api.w.org\/{rel}","templated":true}]}}