{"id":750392,"date":"2025-08-28T04:19:36","date_gmt":"2025-08-28T01:19:36","guid":{"rendered":"https:\/\/roveyayinevi.com.tr\/index.php\/urun\/sosyoloji-ne-ise-yarar-2\/"},"modified":"2026-04-16T03:03:39","modified_gmt":"2026-04-16T00:03:39","slug":"sosyoloji-ne-ise-yarar-2","status":"publish","type":"product","link":"https:\/\/roveyayinevi.com.tr\/index.php\/urun\/sosyoloji-ne-ise-yarar-2\/","title":{"rendered":"Sosyoloji Ne \u0130\u015fe Yarar?"},"content":{"rendered":"<p>\u201cSosyoloji ne i\u015fe yarar?\u201d Bu soru hem biraz saf\u00e7a hem de biraz provokat\u00f6rd\u00fcr. Sosyolojinin mutlaka bir i\u015fe mi yaramas\u0131 gerekir? Ba\u015fka bir \u015fekilde soracak olursak, \u00f6zellikle ne i\u015fe yaramamas\u0131 gerekir? Peki, e\u011fer sosyolojinin herhangi bir yararl\u0131l\u0131\u011f\u0131 olmal\u0131ysa bu, ne t\u00fcrden bir yararl\u0131l\u0131k olmal\u0131d\u0131r: politik mi (bilirki\u015fi-sosyolog, h\u00fck\u00fcmet dan\u0131\u015fman\u0131-sosyolog ya da tahakk\u00fcm alt\u0131ndakilerin hizmetindeki sosyolog), terap\u00f6tik mi (sosyo-analiz ve toplumsal d\u00fcnyan\u0131n daha iyi anla\u015f\u0131lmas\u0131n\u0131 sa\u011flayarak insan\u0131n \u00e7ekti\u011fi \u0131st\u0131raplar\u0131 azaltma arac\u0131 olarak sosyoloji) yoksa bili\u015fsel mi (olabilecek en y\u00fcksek bilimsellik seviyesine ula\u015fman\u0131n d\u0131\u015f\u0131nda hi\u00e7bir hedefi olmayan, bilgi olarak sosyoloji)? Bu eserin yazarlar\u0131, Bernard Lahire\u2019in edit\u00f6rl\u00fc\u011f\u00fcnde, bu sorulara kar\u015f\u0131l\u0131k bulmaya \u00e7al\u0131\u015fm\u0131\u015flard\u0131r. Ara\u015ft\u0131rmac\u0131n\u0131n kamusal alandaki konumuna dair ilgi ve sorgulamalar\u0131n giderek artt\u0131\u011f\u0131 bu d\u00f6nemde, g\u00fcncel olaylar bize sosyolojinin di\u011ferlerine k\u0131yasla daha az me\u015fru bir akademik disiplin ve sonu\u00e7lar\u0131n\u0131n gerek\u00e7elendirilmesi veya sorgulanmas\u0131na y\u00f6nelik taleplere fazlas\u0131yla maruz kalan bir bilim dal\u0131 oldu\u011funu hat\u0131rlatmaktad\u0131r. \u00d6te yandan, disiplinin kendine \u00f6zg\u00fc durumuna kar\u015f\u0131n, bu d\u00fc\u015f\u00fcn\u00fcmsellik talebi hayli verimli olabilir. Bu eser, sosyolo\u011fun toplumsal olgular\u0131 anlamadaki rol\u00fcn\u00fcn yan\u0131 s\u0131ra kamusal alana potansiyel m\u00fcdahalesinin kapsam\u0131n\u0131 ve s\u0131n\u0131rlar\u0131n\u0131 sorgulamam\u0131za olanak tan\u0131yarak bu tart\u0131\u015fmaya son derece de\u011ferli bir katk\u0131 sa\u011flayacakt\u0131r. Daha da \u00f6nemlisi, sosyolojinin toplumsal ele\u015ftiriyi beslemek i\u00e7in neler yapabilece\u011fini tart\u0131\u015fmaya a\u00e7acakt\u0131r.<\/p>\n","protected":false},"excerpt":{"rendered":"<p>\u201cSosyoloji ne i\u015fe yarar?\u201d Bu soru hem biraz saf\u00e7a hem de biraz provokat\u00f6rd\u00fcr. Sosyolojinin mutlaka bir i\u015fe mi yaramas\u0131 gerekir? Ba\u015fka bir \u015fekilde soracak olursak, \u00f6zellikle<span class=\"excerpt-hellip\"> [\u2026]<\/span><\/p>\n","protected":false},"featured_media":0,"template":"","meta":{"_monsterinsights_skip_tracking":false,"_monsterinsights_sitenote_active":false,"_monsterinsights_sitenote_note":"","_monsterinsights_sitenote_category":0},"product_brand":[],"product_cat":[12324],"product_tag":[],"class_list":{"0":"post-750392","1":"product","2":"type-product","3":"status-publish","5":"product_cat-sosyoloji","6":"pa_cilt-ciltsiz","7":"pa_tur-kitap","8":"pa_yayinevi-pinhan-yayincilik","9":"pa_yazar-kolektif","11":"first","12":"instock","13":"sale","14":"shipping-taxable","15":"purchasable","16":"product-type-simple"},"_links":{"self":[{"href":"https:\/\/roveyayinevi.com.tr\/index.php\/wp-json\/wp\/v2\/product\/750392","targetHints":{"allow":["GET"]}}],"collection":[{"href":"https:\/\/roveyayinevi.com.tr\/index.php\/wp-json\/wp\/v2\/product"}],"about":[{"href":"https:\/\/roveyayinevi.com.tr\/index.php\/wp-json\/wp\/v2\/types\/product"}],"wp:attachment":[{"href":"https:\/\/roveyayinevi.com.tr\/index.php\/wp-json\/wp\/v2\/media?parent=750392"}],"wp:term":[{"taxonomy":"product_brand","embeddable":true,"href":"https:\/\/roveyayinevi.com.tr\/index.php\/wp-json\/wp\/v2\/product_brand?post=750392"},{"taxonomy":"product_cat","embeddable":true,"href":"https:\/\/roveyayinevi.com.tr\/index.php\/wp-json\/wp\/v2\/product_cat?post=750392"},{"taxonomy":"product_tag","embeddable":true,"href":"https:\/\/roveyayinevi.com.tr\/index.php\/wp-json\/wp\/v2\/product_tag?post=750392"}],"curies":[{"name":"wp","href":"https:\/\/api.w.org\/{rel}","templated":true}]}}