{"id":750390,"date":"2025-08-28T04:19:34","date_gmt":"2025-08-28T01:19:34","guid":{"rendered":"https:\/\/roveyayinevi.com.tr\/index.php\/urun\/bediuzzaman-said-nursinin-hayatindan-kerametler\/"},"modified":"2026-04-16T03:03:39","modified_gmt":"2026-04-16T00:03:39","slug":"bediuzzaman-said-nursinin-hayatindan-kerametler","status":"publish","type":"product","link":"https:\/\/roveyayinevi.com.tr\/index.php\/urun\/bediuzzaman-said-nursinin-hayatindan-kerametler\/","title":{"rendered":"Bedi\u00fczzaman Said Nursi\u2019nin Hayat\u0131ndan Kerametler"},"content":{"rendered":"<p>Merhameti sonsuz Rabbimiz, bu d\u00fcnyada t\u00fcm kullar\u0131na say\u0131s\u0131z ikramlarda bulunmaktad\u0131r. Bu ikramlar\u0131n O\u2019ndan geldi\u011fini bilen, onlar\u0131 verilme gayesine uygun kullanan ve onlardan dolay\u0131 \u015f\u00fckreden kullar\u0131na -vadetti\u011fi \u00fczerenimetlerini art\u0131rarak devam ettirmektedir. Bu \u00f6zel ikramlar genel olarak ihtiya\u00e7lara binaen g\u00f6nderilmektedir. Rabbimizin Rahman, Rezzak, M\u00fcn\u2019im, Muhsin gibi bir\u00e7ok g\u00fczel ismi, kullar\u0131n\u0131n maddi ihtiya\u00e7lar\u0131 gibi manevi ihtiya\u00e7lar\u0131n\u0131n da en g\u00fczel \u015fekilde kar\u015f\u0131lanmas\u0131n\u0131 netice vermektedir. Rabbimiz bazen s\u0131radanl\u0131k perdesi alt\u0131nda, bazen tevafuklar yoluyla (hususi dilemesini hissettirerek), bazen de tabiat kanunlar\u0131nda istisnalar yaparak kullar\u0131na iltifatlarda bulunmaktad\u0131r. Said Nurs\u00ee Hazretlerinin hayat\u0131n\u0131n bir k\u0131sm\u0131na \u015fahitlik etmi\u015f, kimini dost, kimini talebe, kimini karde\u015f diye ifade etti\u011fi ki\u015filerin hat\u0131ralar\u0131nda yer tutmu\u015f ve kayda ge\u00e7mi\u015f ilahi ikramlardan baz\u0131lar\u0131n\u0131n bir araya getirilmesiyle olu\u015fan \u201cBedi\u00fczzaman Said Nursi\u2019nin Hayat\u0131ndan Kerametler\u201d eserini siz okurlar\u0131m\u0131z\u0131n istifadesine sunuyoruz.<\/p>\n","protected":false},"excerpt":{"rendered":"<p>Merhameti sonsuz Rabbimiz, bu d\u00fcnyada t\u00fcm kullar\u0131na say\u0131s\u0131z ikramlarda bulunmaktad\u0131r. Bu ikramlar\u0131n O\u2019ndan geldi\u011fini bilen, onlar\u0131 verilme gayesine uygun kullanan ve onlardan dolay\u0131 \u015f\u00fckreden kullar\u0131na -vadetti\u011fi<span class=\"excerpt-hellip\"> [\u2026]<\/span><\/p>\n","protected":false},"featured_media":0,"template":"","meta":{"_monsterinsights_skip_tracking":false,"_monsterinsights_sitenote_active":false,"_monsterinsights_sitenote_note":"","_monsterinsights_sitenote_category":0},"product_brand":[],"product_cat":[12718],"product_tag":[],"class_list":{"0":"post-750390","1":"product","2":"type-product","3":"status-publish","5":"product_cat-din","6":"pa_cilt-ciltsiz","7":"pa_tur-kitap","8":"pa_yayinevi-foliant-yayinlari","9":"pa_yazar-ferit-nazmi-caglayan","11":"first","12":"instock","13":"sale","14":"shipping-taxable","15":"purchasable","16":"product-type-simple"},"_links":{"self":[{"href":"https:\/\/roveyayinevi.com.tr\/index.php\/wp-json\/wp\/v2\/product\/750390","targetHints":{"allow":["GET"]}}],"collection":[{"href":"https:\/\/roveyayinevi.com.tr\/index.php\/wp-json\/wp\/v2\/product"}],"about":[{"href":"https:\/\/roveyayinevi.com.tr\/index.php\/wp-json\/wp\/v2\/types\/product"}],"wp:attachment":[{"href":"https:\/\/roveyayinevi.com.tr\/index.php\/wp-json\/wp\/v2\/media?parent=750390"}],"wp:term":[{"taxonomy":"product_brand","embeddable":true,"href":"https:\/\/roveyayinevi.com.tr\/index.php\/wp-json\/wp\/v2\/product_brand?post=750390"},{"taxonomy":"product_cat","embeddable":true,"href":"https:\/\/roveyayinevi.com.tr\/index.php\/wp-json\/wp\/v2\/product_cat?post=750390"},{"taxonomy":"product_tag","embeddable":true,"href":"https:\/\/roveyayinevi.com.tr\/index.php\/wp-json\/wp\/v2\/product_tag?post=750390"}],"curies":[{"name":"wp","href":"https:\/\/api.w.org\/{rel}","templated":true}]}}