{"id":750387,"date":"2025-08-28T04:19:29","date_gmt":"2025-08-28T01:19:29","guid":{"rendered":"https:\/\/roveyayinevi.com.tr\/index.php\/urun\/tarihi-konagin-gizemi\/"},"modified":"2026-04-16T03:03:39","modified_gmt":"2026-04-16T00:03:39","slug":"tarihi-konagin-gizemi","status":"publish","type":"product","link":"https:\/\/roveyayinevi.com.tr\/index.php\/urun\/tarihi-konagin-gizemi\/","title":{"rendered":"Tarihi Kona\u011f\u0131n Gizemi"},"content":{"rendered":"<p>Budape\u015fte\u2019de ya\u015fayan ikiz karde\u015fler Eda ve Seda, yaz tatilinde ilk kez babalar\u0131n\u0131n do\u011fup b\u00fcy\u00fcd\u00fc\u011f\u00fc Bart\u0131n\u2019a giderler. Arzu Teyze\u2019nin s\u0131cac\u0131k konukseverli\u011fi, kuzenleri Berk ve Mutlu\u2019yla tan\u0131\u015fman\u0131n keyfi ve kasaban\u0131n b\u00fcy\u00fcleyicili\u011fi, g\u00fczel g\u00fcnlerin m\u00fcjdecisi gibidir. Aile b\u00fcy\u00fc\u011f\u00fc Zeynep Nine\u2019yi ziyaret ettikleri ilk ak\u015fam, Zeynep Nine onlara hayat\u0131n\u0131 ge\u00e7irdi\u011fi, b\u00fcy\u00fck dedelerinden kalma kona\u011f\u0131n hik\u00e2yesini anlat\u0131r. Hik\u00e2yeden b\u00fcy\u00fclenen \u00e7ocuklar, eski kona\u011f\u0131n da anlatacak bir \u00f6yk\u00fcs\u00fc oldu\u011funu ve milattan \u00f6nce \u00fc\u00e7\u00fcnc\u00fc y\u00fczy\u0131la kadar uzanan s\u0131rlar bar\u0131nd\u0131rd\u0131\u011f\u0131n\u0131 ke\u015ffetmek \u00fczeredir.   Tar\u0131k Demirkan, \u00e7ocuklar i\u00e7in yazd\u0131\u011f\u0131 ilk roman\u0131nda, okurlar\u0131n\u0131 Bart\u0131n ve Amasra\u2019n\u0131n etkileyici co\u011frafyas\u0131nda, gizem, tarih ve macerayla dolu bir yaz tatiline davet ederken, onlar\u0131 hem yak\u0131n hem de uzak tarihimizde esrarengiz bir yolculu\u011fa \u00e7\u0131kar\u0131yor.   <\/p>\n","protected":false},"excerpt":{"rendered":"<p>Budape\u015fte\u2019de ya\u015fayan ikiz karde\u015fler Eda ve Seda, yaz tatilinde ilk kez babalar\u0131n\u0131n do\u011fup b\u00fcy\u00fcd\u00fc\u011f\u00fc Bart\u0131n\u2019a giderler. Arzu Teyze\u2019nin s\u0131cac\u0131k konukseverli\u011fi, kuzenleri Berk ve Mutlu\u2019yla tan\u0131\u015fman\u0131n keyfi<span class=\"excerpt-hellip\"> [\u2026]<\/span><\/p>\n","protected":false},"featured_media":0,"template":"","meta":{"_monsterinsights_skip_tracking":false,"_monsterinsights_sitenote_active":false,"_monsterinsights_sitenote_note":"","_monsterinsights_sitenote_category":0},"product_brand":[],"product_cat":[12689,12274],"product_tag":[],"class_list":{"0":"post-750387","1":"product","2":"type-product","3":"status-publish","5":"product_cat-cizgi-roman-cocuk-ve-genclik-kitaplari","6":"product_cat-cocuk-ve-genclik-kitaplari","7":"pa_cilt-ciltsiz","8":"pa_tur-kitap","9":"pa_yayinevi-can-cocuk-yayinlari","10":"pa_yazar-tarik-demirkan","12":"first","13":"instock","14":"sale","15":"shipping-taxable","16":"purchasable","17":"product-type-simple"},"_links":{"self":[{"href":"https:\/\/roveyayinevi.com.tr\/index.php\/wp-json\/wp\/v2\/product\/750387","targetHints":{"allow":["GET"]}}],"collection":[{"href":"https:\/\/roveyayinevi.com.tr\/index.php\/wp-json\/wp\/v2\/product"}],"about":[{"href":"https:\/\/roveyayinevi.com.tr\/index.php\/wp-json\/wp\/v2\/types\/product"}],"wp:attachment":[{"href":"https:\/\/roveyayinevi.com.tr\/index.php\/wp-json\/wp\/v2\/media?parent=750387"}],"wp:term":[{"taxonomy":"product_brand","embeddable":true,"href":"https:\/\/roveyayinevi.com.tr\/index.php\/wp-json\/wp\/v2\/product_brand?post=750387"},{"taxonomy":"product_cat","embeddable":true,"href":"https:\/\/roveyayinevi.com.tr\/index.php\/wp-json\/wp\/v2\/product_cat?post=750387"},{"taxonomy":"product_tag","embeddable":true,"href":"https:\/\/roveyayinevi.com.tr\/index.php\/wp-json\/wp\/v2\/product_tag?post=750387"}],"curies":[{"name":"wp","href":"https:\/\/api.w.org\/{rel}","templated":true}]}}