{"id":750383,"date":"2025-08-28T04:19:25","date_gmt":"2025-08-28T01:19:25","guid":{"rendered":"https:\/\/roveyayinevi.com.tr\/index.php\/urun\/veteriner-hekimlik-alaninda-uluslararasi-arastirmalar\/"},"modified":"2026-04-16T03:03:39","modified_gmt":"2026-04-16T00:03:39","slug":"veteriner-hekimlik-alaninda-uluslararasi-arastirmalar","status":"publish","type":"product","link":"https:\/\/roveyayinevi.com.tr\/index.php\/urun\/veteriner-hekimlik-alaninda-uluslararasi-arastirmalar\/","title":{"rendered":"Veteriner Hekimlik Alan\u0131nda Uluslararas\u0131 Ara\u015ft\u0131rmalar"},"content":{"rendered":"<p>\u0130\u00c7\u0130NDEK\u0130LER B\u00d6L\u00dcM 1 At Yeti\u015ftiricili\u011finde Ekonomik Kay\u0131plara Neden Olan Bir Hastal\u0131k: Rhodoccus Equi Enfeksiyonu Dr. \u00d6\u011fr. \u00dcyesi Yavuzkan PAKSOY B\u00d6L\u00dcM 2 Programlanm\u0131\u015f H\u00fccre \u00d6l\u00fcm Modeli Ferroptozis Ar\u015f. G\u00f6r. \u0130layda YILDIRIM Prof. Dr. Fatma \u0130LHAN B\u00d6L\u00dcM 3 \u0130neklerde Erken Gebelik Te\u015fhisinde Gebelik \u0130li\u015fkili Glikoproteinlerin Kullan\u0131m\u0131 Uzm. Vet. Hek. Mustafa O\u011fuzhan \u015eAH\u0130N Do\u00e7 Dr. Mehmet Borga TIRPAN B\u00d6L\u00dcM 4 M\u00fcrekkep Bal\u0131\u011f\u0131 Kemi\u011finin Greft Olarak Kullan\u0131m\u0131 Do\u00e7. Dr. Elif DO\u011eAN Ar\u015f. G\u00f6r. Ay\u015fe Ba\u015fak KAP\u00c7AK B\u00d6L\u00dcM 5 Koyun ve Ke\u00e7ilerde Mikoplazma Enfeksiyonlar\u0131 Do\u00e7. Dr. H\u00fcban G\u00d6\u00c7MEN B\u00d6L\u00dcM 6 Nonalkolik Ya\u011fl\u0131 Karaci\u011fer Hastal\u0131\u011f\u0131 ve Lipidomiks Dr. \u00d6\u011fr. \u00dcyesi Funda TERZ\u0130 Ara\u015ft\u0131rma G\u00f6revlisi \u0130layda YILDIRIM B\u00d6L\u00dcM 7 Di\u015fi Kedilerde Hormonal Kontrasepsiyon Y\u00f6ntemleri Zeynep OCAKO\u011eLU \u00d6\u011fretim \u00dcyesi Kudret YEN\u0130LMEZ<\/p>\n","protected":false},"excerpt":{"rendered":"<p>\u0130\u00c7\u0130NDEK\u0130LER B\u00d6L\u00dcM 1 At Yeti\u015ftiricili\u011finde Ekonomik Kay\u0131plara Neden Olan Bir Hastal\u0131k: Rhodoccus Equi Enfeksiyonu Dr. \u00d6\u011fr. \u00dcyesi Yavuzkan PAKSOY B\u00d6L\u00dcM 2 Programlanm\u0131\u015f H\u00fccre \u00d6l\u00fcm Modeli Ferroptozis<span class=\"excerpt-hellip\"> [\u2026]<\/span><\/p>\n","protected":false},"featured_media":0,"template":"","meta":{"_monsterinsights_skip_tracking":false,"_monsterinsights_sitenote_active":false,"_monsterinsights_sitenote_note":"","_monsterinsights_sitenote_category":0},"product_brand":[],"product_cat":[13005,40995],"product_tag":[],"class_list":{"0":"post-750383","1":"product","2":"type-product","3":"status-publish","5":"product_cat-bilim-muhendislik","6":"product_cat-sosyal-bilimler","7":"pa_cilt-ciltsiz","8":"pa_tur-kitap","9":"pa_yayinevi-platanus-publishing","10":"pa_yazar-kolektif","12":"first","13":"instock","14":"sale","15":"shipping-taxable","16":"purchasable","17":"product-type-simple"},"_links":{"self":[{"href":"https:\/\/roveyayinevi.com.tr\/index.php\/wp-json\/wp\/v2\/product\/750383","targetHints":{"allow":["GET"]}}],"collection":[{"href":"https:\/\/roveyayinevi.com.tr\/index.php\/wp-json\/wp\/v2\/product"}],"about":[{"href":"https:\/\/roveyayinevi.com.tr\/index.php\/wp-json\/wp\/v2\/types\/product"}],"wp:attachment":[{"href":"https:\/\/roveyayinevi.com.tr\/index.php\/wp-json\/wp\/v2\/media?parent=750383"}],"wp:term":[{"taxonomy":"product_brand","embeddable":true,"href":"https:\/\/roveyayinevi.com.tr\/index.php\/wp-json\/wp\/v2\/product_brand?post=750383"},{"taxonomy":"product_cat","embeddable":true,"href":"https:\/\/roveyayinevi.com.tr\/index.php\/wp-json\/wp\/v2\/product_cat?post=750383"},{"taxonomy":"product_tag","embeddable":true,"href":"https:\/\/roveyayinevi.com.tr\/index.php\/wp-json\/wp\/v2\/product_tag?post=750383"}],"curies":[{"name":"wp","href":"https:\/\/api.w.org\/{rel}","templated":true}]}}