{"id":750381,"date":"2025-08-28T04:19:23","date_gmt":"2025-08-28T01:19:23","guid":{"rendered":"https:\/\/roveyayinevi.com.tr\/index.php\/urun\/sosyal-beseri-ve-idari-bilimler-alaninda-uluslararasi-arastirmalar-cilt-2\/"},"modified":"2026-04-16T03:03:39","modified_gmt":"2026-04-16T00:03:39","slug":"sosyal-beseri-ve-idari-bilimler-alaninda-uluslararasi-arastirmalar-cilt-2","status":"publish","type":"product","link":"https:\/\/roveyayinevi.com.tr\/index.php\/urun\/sosyal-beseri-ve-idari-bilimler-alaninda-uluslararasi-arastirmalar-cilt-2\/","title":{"rendered":"Sosyal, Be\u015feri ve \u0130dari Bilimler Alan\u0131nda Uluslararas\u0131 Ara\u015ft\u0131rmalar Cilt 2"},"content":{"rendered":"<p>\u0130\u00c7\u0130NDEK\u0130LER B\u00d6L\u00dcM 1&#8230;&#8230;&#8230;&#8230;&#8230;&#8230;&#8230;&#8230;&#8230;&#8230;&#8230;&#8230;&#8230;&#8230;&#8230;&#8230;&#8230;&#8230;&#8230;&#8230;&#8230;&#8230;&#8230;&#8230;&#8230;&#8230;&#8230;&#8230;&#8230;&#8230;&#8230;&#8230;&#8230;&#8230;&#8230;&#8230;&#8230;&#8230;&#8230;.. 9 \u0130\u015fyeri Nezaketsizli\u011fi \u00d6\u011fr. G\u00f6r. Dr. \u00c7a\u011fda\u015f I\u015eIKAY Prof.Dr. Soner TASLAK B\u00d6L\u00dcM 2&#8230;&#8230;&#8230;&#8230;&#8230;&#8230;&#8230;&#8230;&#8230;&#8230;&#8230;&#8230;&#8230;&#8230;&#8230;&#8230;&#8230;&#8230;&#8230;&#8230;&#8230;&#8230;&#8230;&#8230;&#8230;&#8230;&#8230;&#8230;&#8230;&#8230;&#8230;&#8230;&#8230;&#8230;&#8230;&#8230;&#8230;&#8230;.. 39 Mitolojik, Teorik, \u0130na\u00e7sal ve Olgusal \u00c7er\u00e7evede Erken Devletin Do\u011fu\u015f S\u00fcreci ve Mezopotamya Uygarl\u0131\u011f\u0131 Dr. \u00d6\u011fretim \u00dcyesi Ey\u00fcp \u00d6Z B\u00d6L\u00dcM 3&#8230;&#8230;&#8230;&#8230;&#8230;&#8230;&#8230;&#8230;&#8230;&#8230;&#8230;&#8230;&#8230;&#8230;&#8230;&#8230;&#8230;&#8230;&#8230;&#8230;&#8230;&#8230;&#8230;&#8230;&#8230;&#8230;&#8230;&#8230;&#8230;&#8230;&#8230;&#8230;&#8230;&#8230;&#8230;&#8230;&#8230;&#8230;.. 69 Personel G\u00fc\u00e7lendirme Dr. \u00d6\u011fr. \u00dcyesi Hazal Koray ALAY B\u00d6L\u00dcM 4&#8230;&#8230;&#8230;&#8230;&#8230;&#8230;&#8230;&#8230;&#8230;&#8230;&#8230;&#8230;&#8230;&#8230;&#8230;&#8230;&#8230;&#8230;&#8230;&#8230;&#8230;&#8230;&#8230;&#8230;&#8230;&#8230;&#8230;&#8230;&#8230;&#8230;&#8230;&#8230;&#8230;&#8230;&#8230;&#8230;&#8230;&#8230;.. 87 Kendi Kendine Liderlik ve \u00c7alo\u015fmaya Tutkunluk \u0130li\u015fkisi \u00dczerine Bir Ara\u015ft\u0131rma \u00d6\u011fr.G\u00f6r. Dr. Burcu ALTINTA\u015e \u00d6\u011fr. G\u00f6r. Mustafa ALTINTA\u015e B\u00d6L\u00dcM 5&#8230;&#8230;&#8230;&#8230;&#8230;&#8230;&#8230;&#8230;&#8230;&#8230;&#8230;&#8230;&#8230;&#8230;&#8230;&#8230;&#8230;&#8230;&#8230;&#8230;&#8230;&#8230;&#8230;&#8230;&#8230;&#8230;&#8230;&#8230;&#8230;&#8230;&#8230;&#8230;&#8230;&#8230;&#8230;&#8230;&#8230;&#8230; 111 Namik Kemal\u2019in Vatan \u015eark\u0131s\u0131, Vatan T\u00fcrk\u00fcs\u00fc, Vatan-i Osm\u00e2n\u00ee \u015eiirlerinde Estetik \u00d6zellikler Dr. \u0130lker \u0130\u015eLER B\u00d6L\u00dcM 6&#8230;&#8230;&#8230;&#8230;&#8230;&#8230;&#8230;&#8230;&#8230;&#8230;&#8230;&#8230;&#8230;&#8230;&#8230;&#8230;&#8230;&#8230;&#8230;&#8230;&#8230;&#8230;&#8230;&#8230;&#8230;&#8230;&#8230;&#8230;&#8230;&#8230;&#8230;&#8230;&#8230;&#8230;&#8230;&#8230;&#8230;&#8230; 133 Ekoturizmde Seyahat Acentelerinin Etkisi Y\u00fcksek Lisans \u00d6\u011frencisi Ali AYDIN B\u00d6L\u00dcM 7&#8230;&#8230;&#8230;&#8230;&#8230;&#8230;&#8230;&#8230;&#8230;&#8230;&#8230;&#8230;&#8230;&#8230;&#8230;&#8230;&#8230;&#8230;&#8230;&#8230;&#8230;&#8230;&#8230;&#8230;&#8230;&#8230;&#8230;&#8230;&#8230;&#8230;&#8230;&#8230;&#8230;&#8230;&#8230;&#8230;&#8230;&#8230; 159 Do\u011fal Afetlerin Seyahat Acenteleri \u00dczerine Etkileri Y\u00fcksek Lisans \u00d6\u011frencisi Ali AYDIN B\u00d6L\u00dcM 8 &#8230;&#8230;&#8230;&#8230;&#8230;&#8230;&#8230;&#8230;&#8230;&#8230;&#8230;&#8230;&#8230;&#8230;&#8230;&#8230;&#8230;&#8230;&#8230;&#8230;&#8230;&#8230;&#8230;&#8230;&#8230;&#8230;&#8230;&#8230;&#8230;&#8230;&#8230;&#8230;&#8230;&#8230;&#8230;&#8230;&#8230;.. 179 Denetim 4.0 ile Makine \u00d6\u011frenimi \u00dczerine Kapsam \u0130ncelemesi Prof. Dr. G\u00f6khan \u00d6ZER Dr. Yavuz Selim BALCIO\u011eLU &#8230;&#8230;&#8230;&#8230;&#8230;&#8230;&#8230;&#8230;&#8230;&#8230;&#8230;&#8230;&#8230;&#8230;&#8230;&#8230;&#8230;&#8230;&#8230;&#8230;&#8230;&#8230; 180 Abdullah K\u00fcr\u015fat MERTER &#8230;&#8230;&#8230;&#8230;&#8230;&#8230;&#8230;&#8230;&#8230;&#8230;&#8230;&#8230;&#8230;&#8230;&#8230;&#8230;&#8230;&#8230;&#8230;&#8230;&#8230;&#8230;&#8230;&#8230;&#8230; 180 B\u00d6L\u00dcM 9 &#8230;&#8230;&#8230;&#8230;&#8230;&#8230;&#8230;&#8230;&#8230;&#8230;&#8230;&#8230;&#8230;&#8230;&#8230;&#8230;&#8230;&#8230;&#8230;&#8230;&#8230;&#8230;&#8230;&#8230;&#8230;&#8230;&#8230;&#8230;&#8230;&#8230;&#8230;&#8230;&#8230;&#8230;&#8230;&#8230;&#8230;.. 203 At\u0131f Y\u0131lmaz Sinemas\u0131nda Fantazya: Arkada\u015f\u0131m \u015eeytan &#8230;&#8230;&#8230;&#8230;&#8230;&#8230;&#8230;&#8230;. 204 Dr. \u00d6\u011fr. \u00dcyesi G\u00f6khan KUZUCANLI Dr. \u00d6\u011fr. \u00dcyesi Abdullah MERT B\u00d6L\u00dcM 10 &#8230;&#8230;&#8230;&#8230;&#8230;&#8230;&#8230;&#8230;&#8230;&#8230;&#8230;&#8230;&#8230;&#8230;&#8230;&#8230;&#8230;&#8230;&#8230;&#8230;&#8230;&#8230;&#8230;&#8230;&#8230;&#8230;&#8230;&#8230;&#8230;&#8230;&#8230;&#8230;&#8230;&#8230;&#8230;&#8230;&#8230; 233 Kayseri Turizmi \u00dczerine Haz\u0131rlanm\u0131\u015f Lisans\u00fcst\u00fc Tezlere Y\u00f6nelik Bibliyometrik Bir \u0130nceleme Dr. \u00d6\u011fr. \u00dcyesi Nihat \u00c7E\u015eMEC\u0130 Y\u00fcksek Lisans \u00d6\u011frencisi Fadime ERTAN B\u00d6L\u00dcM 11 &#8230;&#8230;&#8230;&#8230;&#8230;&#8230;&#8230;&#8230;&#8230;&#8230;&#8230;&#8230;&#8230;&#8230;&#8230;&#8230;&#8230;&#8230;&#8230;&#8230;&#8230;&#8230;&#8230;&#8230;&#8230;&#8230;&#8230;&#8230;&#8230;&#8230;&#8230;&#8230;&#8230;&#8230;&#8230;&#8230;&#8230; 261 Uluslararasi Vergi Rekabeti ve Do\u011frudan Yabanc\u0131 Sermaye Yat\u0131r\u0131mlar\u0131 \u0130li\u015fkisi: G7 \u00dclkeleri Analizi Dr. \u00d6\u011fr. \u00dcyesi Neslihan YILMAZ B\u00d6L\u00dcM 12 &#8230;&#8230;&#8230;&#8230;&#8230;&#8230;&#8230;&#8230;&#8230;&#8230;&#8230;&#8230;&#8230;&#8230;&#8230;&#8230;&#8230;&#8230;&#8230;&#8230;&#8230;&#8230;&#8230;&#8230;&#8230;&#8230;&#8230;&#8230;&#8230;&#8230;&#8230;&#8230;&#8230;&#8230;&#8230;&#8230;&#8230; 279 Dil-D\u00fc\u015f\u00fcnce-Kimlik \u0130li\u015fkisi \u00dczerine Bir De\u011ferlendirme Dr. \u00d6\u011fr. \u00dcyesi \u0130lhan KARACA B\u00d6L\u00dcM 13 &#8230;&#8230;&#8230;&#8230;&#8230;&#8230;&#8230;&#8230;&#8230;&#8230;&#8230;&#8230;&#8230;&#8230;&#8230;&#8230;&#8230;&#8230;&#8230;&#8230;&#8230;&#8230;&#8230;&#8230;&#8230;&#8230;&#8230;&#8230;&#8230;&#8230;&#8230;&#8230;&#8230;&#8230;&#8230;&#8230;&#8230; 293 T\u00fcrkiye\u2019de Pilotlar\u0131n T\u00fckenmi\u015flik D\u00fczeylerinin \u00c7e\u015fitli De\u011fi\u015fkenler Bak\u0131m\u0131ndan Analizi Dr.Mehmet Y\u00d6NT B\u00d6L\u00dcM 14 &#8230;&#8230;&#8230;&#8230;&#8230;&#8230;&#8230;&#8230;&#8230;&#8230;&#8230;&#8230;&#8230;&#8230;&#8230;&#8230;&#8230;&#8230;&#8230;&#8230;&#8230;&#8230;&#8230;&#8230;&#8230;&#8230;&#8230;&#8230;&#8230;&#8230;&#8230;&#8230;&#8230;&#8230;&#8230;&#8230;&#8230; 323 Yenilenebilir Enerji \u00dcretiminin Ekonomik B\u00fcy\u00fcmeye Etkisi: Se\u00e7ilmi\u015f Oecd \u00dclkeleri \u00d6rne\u011fi \u00d6\u011fr. G\u00f6r. Dr. Esra CEBEC\u0130 MAZLUM B\u00d6L\u00dcM 15 &#8230;&#8230;&#8230;&#8230;&#8230;&#8230;&#8230;&#8230;&#8230;&#8230;&#8230;&#8230;&#8230;&#8230;&#8230;&#8230;&#8230;&#8230;&#8230;&#8230;&#8230;&#8230;&#8230;&#8230;&#8230;&#8230;&#8230;&#8230;&#8230;&#8230;&#8230;&#8230;&#8230;&#8230;&#8230;&#8230;&#8230; 337 Milliyet\u00e7ili\u011fin Metafizik \u015eiddeti \u00dczerine Kuramdan Hollywood\u2019a Bir De\u011ferlendirme Prof. Dr. A. Baran DURAL Dr. \u00d6\u011frencisi \u00d6zg\u00fcr KO\u00c7 B\u00d6L\u00dcM 16 &#8230;&#8230;&#8230;&#8230;&#8230;&#8230;&#8230;&#8230;&#8230;&#8230;&#8230;&#8230;&#8230;&#8230;&#8230;&#8230;&#8230;&#8230;&#8230;&#8230;&#8230;&#8230;&#8230;&#8230;&#8230;&#8230;&#8230;&#8230;&#8230;&#8230;&#8230;&#8230;&#8230;&#8230;&#8230;&#8230;&#8230; 373 Dijital \u00c7a\u011f\u0131n Karanl\u0131k Y\u00fcz\u00fc: Teknostres Doktora \u00d6\u011frencis Nazl\u0131 Ece BULGUR Doktora \u00d6\u011frencisi \u00d6yk\u00fcm KAR\u00c7IKA B\u00d6L\u00dcM 17 &#8230;&#8230;&#8230;&#8230;&#8230;&#8230;&#8230;&#8230;&#8230;&#8230;&#8230;&#8230;&#8230;&#8230;&#8230;&#8230;&#8230;&#8230;&#8230;&#8230;&#8230;&#8230;&#8230;&#8230;&#8230;&#8230;&#8230;&#8230;&#8230;&#8230;&#8230;&#8230;&#8230;&#8230;&#8230;&#8230;&#8230; 399 T\u00fcrkiye\u2019de Yoksulluk ve K\u0131rsal Alan (2010) Dr. \u00d6\u011fr. \u00dcyesi Adem \u00d6TER B\u00d6L\u00dcM 18 &#8230;&#8230;&#8230;&#8230;&#8230;&#8230;&#8230;&#8230;&#8230;&#8230;&#8230;&#8230;&#8230;&#8230;&#8230;&#8230;&#8230;&#8230;&#8230;&#8230;&#8230;&#8230;&#8230;&#8230;&#8230;&#8230;&#8230;&#8230;&#8230;&#8230;&#8230;&#8230;&#8230;&#8230;&#8230;&#8230;&#8230; 449 T\u00fcketim K\u00fclt\u00fcr\u00fc, Narsizm ve Aile \u0130li\u015fkileri Dr. \u00d6\u011fr. \u00dcyesi \u0130rfan YILDIRIM &#8230;&#8230;&#8230;&#8230;&#8230;&#8230;&#8230;&#8230;&#8230;&#8230;&#8230;&#8230;&#8230;&#8230;&#8230;&#8230;&#8230;&#8230;&#8230;&#8230;&#8230;&#8230;. 450 B\u00d6L\u00dcM 19 &#8230;&#8230;&#8230;&#8230;&#8230;&#8230;&#8230;&#8230;&#8230;&#8230;&#8230;&#8230;&#8230;&#8230;&#8230;&#8230;&#8230;&#8230;&#8230;&#8230;&#8230;&#8230;&#8230;&#8230;&#8230;&#8230;&#8230;&#8230;&#8230;&#8230;&#8230;&#8230;&#8230;&#8230;&#8230;&#8230;&#8230; 479 Sa\u011flik Hizmeti Kalitesine Akreditasyon ve Sertifikasyon S\u00fcre\u00e7lerinin Etkisi Dr. \u0130pek AYDIN B\u00d6L\u00dcM 20 &#8230;&#8230;&#8230;&#8230;&#8230;&#8230;&#8230;&#8230;&#8230;&#8230;&#8230;&#8230;&#8230;&#8230;&#8230;&#8230;&#8230;&#8230;&#8230;&#8230;&#8230;&#8230;&#8230;&#8230;&#8230;&#8230;&#8230;&#8230;&#8230;&#8230;&#8230;&#8230;&#8230;&#8230;&#8230;&#8230;&#8230; 497 G\u00f6rsel Etnografi: Nallidere K\u00f6y\u00fc \u00d6rne\u011fi Doktora \u00d6\u011frencisi Rabia DEM\u0130R G\u00dcVENL\u0130 B\u00d6L\u00dcM 21 &#8230;&#8230;&#8230;&#8230;&#8230;&#8230;&#8230;&#8230;&#8230;&#8230;&#8230;&#8230;&#8230;&#8230;&#8230;&#8230;&#8230;&#8230;&#8230;&#8230;&#8230;&#8230;&#8230;&#8230;&#8230;&#8230;&#8230;&#8230;&#8230;&#8230;&#8230;&#8230;&#8230;&#8230;&#8230;&#8230;&#8230; 517 Sosyometrinin G\u00fcn\u00fcm\u00fcz T\u00fcrk Sosyolojisindeki Seyri &#8230;&#8230;&#8230;&#8230;&#8230;&#8230;&#8230;&#8230;.. 518 Ar\u015f. G\u00f6r. Dr. Merve \u00c7ET\u0130N&#8230;&#8230;&#8230;&#8230;&#8230;&#8230;&#8230;&#8230;&#8230;&#8230;&#8230;&#8230;&#8230;&#8230;&#8230;&#8230;&#8230;&#8230;&#8230;&#8230;&#8230;&#8230;&#8230;&#8230;. 518 B\u00d6L\u00dcM 22 &#8230;&#8230;&#8230;&#8230;&#8230;&#8230;&#8230;&#8230;&#8230;&#8230;&#8230;&#8230;&#8230;&#8230;&#8230;&#8230;&#8230;&#8230;&#8230;&#8230;&#8230;&#8230;&#8230;&#8230;&#8230;&#8230;&#8230;&#8230;&#8230;&#8230;&#8230;&#8230;&#8230;&#8230;&#8230;&#8230;&#8230; 529 Birinci Tekil \u015eah\u0131s Belgeselleri \u00c7er\u00e7evesinde Ger\u00e7e\u011fin \u00c7ok Boyutlu Yap\u0131s\u0131na Agnes Varda Filmleri \u00dczerinden Bak\u0131\u015f: Agnes\u2019in Plajlar\u0131 De\u011ferlendirmesi Doktora \u00d6\u011frenci Ay\u015fe Nur B\u00dcY\u00dcKYAVUZ DEN\u0130Z B\u00d6L\u00dcM 23 &#8230;&#8230;&#8230;&#8230;&#8230;&#8230;&#8230;&#8230;&#8230;&#8230;&#8230;&#8230;&#8230;&#8230;&#8230;&#8230;&#8230;&#8230;&#8230;&#8230;&#8230;&#8230;&#8230;&#8230;&#8230;&#8230;&#8230;&#8230;&#8230;&#8230;&#8230;&#8230;&#8230;&#8230;&#8230;&#8230;&#8230; 539 \u0130\u015f Stresi ile \u0130\u015ften Ayr\u0131lma Niyeti Aras\u0131ndaki \u0130li\u015fki: Erzincan \u0130linde Bulunan Kobi Uzmanlar\u0131 \u00dczerine Bir \u00c7al\u0131\u015fma Dr. \u00d6\u011fr. \u00dcyesi Kaya A\u011eIN B\u00d6L\u00dcM 24 &#8230;&#8230;&#8230;&#8230;&#8230;&#8230;&#8230;&#8230;&#8230;&#8230;&#8230;&#8230;&#8230;&#8230;&#8230;&#8230;&#8230;&#8230;&#8230;&#8230;&#8230;&#8230;&#8230;&#8230;&#8230;&#8230;&#8230;&#8230;&#8230;&#8230;&#8230;&#8230;&#8230;&#8230;&#8230;&#8230;&#8230; 563 Sa\u011fl\u0131k \u00c7al\u0131\u015fan\u0131 Olmayan \u00c7al\u0131\u015fanlar\u0131n Cov\u0131d-19 Hastal\u0131\u011f\u0131 Hakk\u0131nda Bilgi D\u00fczeylerinin ve Davran\u0131\u015flar\u0131n\u0131n De\u011ferlendirilmesi Dr. \u00d6\u011fr. \u00dcyesi Senem DE\u011eER &#8230;&#8230;&#8230;&#8230;&#8230;&#8230;&#8230;&#8230;&#8230;&#8230;&#8230;&#8230;&#8230;&#8230;&#8230;&#8230;&#8230;&#8230;&#8230;&#8230;&#8230;&#8230;.. 564 B\u00d6L\u00dcM 25 &#8230;&#8230;&#8230;&#8230;&#8230;&#8230;&#8230;&#8230;&#8230;&#8230;&#8230;&#8230;&#8230;&#8230;&#8230;&#8230;&#8230;&#8230;&#8230;&#8230;&#8230;&#8230;&#8230;&#8230;&#8230;&#8230;&#8230;&#8230;&#8230;&#8230;&#8230;&#8230;&#8230;&#8230;&#8230;&#8230;&#8230; 575 Bir K\u00fclt\u00fcr Olarak Demokrasi Dr. U\u011fur ORAL B\u00d6L\u00dcM 26 &#8230;&#8230;&#8230;&#8230;&#8230;&#8230;&#8230;&#8230;&#8230;&#8230;&#8230;&#8230;&#8230;&#8230;&#8230;&#8230;&#8230;&#8230;&#8230;&#8230;&#8230;&#8230;&#8230;&#8230;&#8230;&#8230;&#8230;&#8230;&#8230;&#8230;&#8230;&#8230;&#8230;&#8230;&#8230;&#8230;&#8230; 597 Ki\u015filer Arasi \u0130leti\u015fimde G\u00f6rg\u00fc Kurallar\u0131n\u0131n \u00d6nemi Dr. U\u011fur ORAL B\u00d6L\u00dcM 27 &#8230;&#8230;&#8230;&#8230;&#8230;&#8230;&#8230;&#8230;&#8230;&#8230;&#8230;&#8230;&#8230;&#8230;&#8230;&#8230;&#8230;&#8230;&#8230;&#8230;&#8230;&#8230;&#8230;&#8230;&#8230;&#8230;&#8230;&#8230;&#8230;&#8230;&#8230;&#8230;&#8230;&#8230;&#8230;&#8230;&#8230; 617 Gazetecilik Nasl Yap\u0131lmaz ya ya K\u00f6t\u00fc Gazetecilik \u00dczerine Dr. Ali DA\u011eLAR B\u00d6L\u00dcM 28 &#8230;&#8230;&#8230;&#8230;&#8230;&#8230;&#8230;&#8230;&#8230;&#8230;&#8230;&#8230;&#8230;&#8230;&#8230;&#8230;&#8230;&#8230;&#8230;&#8230;&#8230;&#8230;&#8230;&#8230;&#8230;&#8230;&#8230;&#8230;&#8230;&#8230;&#8230;&#8230;&#8230;&#8230;&#8230;&#8230;&#8230; 631 T\u00fcrkiye\u2019de Yoksullu\u011fun G\u00f6r\u00fcn\u00fcm\u00fc Doktora \u00d6\u011frencisi G\u00fclhan G\u00dcVEN \u00c7EPN\u0130 B\u00d6L\u00dcM 29 &#8230;&#8230;&#8230;&#8230;&#8230;&#8230;&#8230;&#8230;&#8230;&#8230;&#8230;&#8230;&#8230;&#8230;&#8230;&#8230;&#8230;&#8230;&#8230;&#8230;&#8230;&#8230;&#8230;&#8230;&#8230;&#8230;&#8230;&#8230;&#8230;&#8230;&#8230;&#8230;&#8230;&#8230;&#8230;&#8230;&#8230; 649 \u0130\u015fletmeler i\u00e7in Deprem Sonras\u0131na Y\u00f6nelik Uyarlanabilir Pazarlama Kabiliyeti Odakl\u0131 Bir Model \u00d6nerisi Dr. \u00d6\u011fr. \u00dcyesi Abdullah BA\u015e B\u00d6L\u00dcM 30 &#8230;&#8230;&#8230;&#8230;&#8230;&#8230;&#8230;&#8230;&#8230;&#8230;&#8230;&#8230;&#8230;&#8230;&#8230;&#8230;&#8230;&#8230;&#8230;&#8230;&#8230;&#8230;&#8230;&#8230;&#8230;&#8230;&#8230;&#8230;&#8230;&#8230;&#8230;&#8230;&#8230;&#8230;&#8230;&#8230;&#8230; 667 Milli M\u00fccadele D\u00f6neminde T\u00fcrk D\u0131\u015f Politikas\u0131nda T\u00fcrk-Sovyet \u0130li\u015fkileri: Do\u011fu Cephesi Dr. \u00d6\u011fr. \u00dcyesi Pakize \u00c7OBAN KARABULUT B\u00d6L\u00dcM 31 &#8230;&#8230;&#8230;&#8230;&#8230;&#8230;&#8230;&#8230;&#8230;&#8230;&#8230;&#8230;&#8230;&#8230;&#8230;&#8230;&#8230;&#8230;&#8230;&#8230;&#8230;&#8230;&#8230;&#8230;&#8230;&#8230;&#8230;&#8230;&#8230;&#8230;&#8230;&#8230;&#8230;&#8230;&#8230;&#8230;&#8230; 685 Teknoloji Kullan\u0131m Seviyesinin \u0130\u015fletme Performans\u0131na Etkisinin \u00c7kkv Y\u00f6ntemleri ile De\u011ferlendirilmesi Do\u00e7. Dr. H\u00fcseyin \u015eENKAYAS \u00d6\u011fr. G\u00f6r. Elif B\u0130LGE VARI\u015e B\u00d6L\u00dcM 32 &#8230;&#8230;&#8230;&#8230;&#8230;&#8230;&#8230;&#8230;&#8230;&#8230;&#8230;&#8230;&#8230;&#8230;&#8230;&#8230;&#8230;&#8230;&#8230;&#8230;&#8230;&#8230;&#8230;&#8230;&#8230;&#8230;&#8230;&#8230;&#8230;&#8230;&#8230;&#8230;&#8230;&#8230;&#8230;&#8230;&#8230; 707 Aile \u015eirketlerinde Kurumsalla\u015fma Dr. \u00d6\u011fretim \u00dcyesi Emel KES\u0130M Dr. Mustafa G\u00fc\u00e7l\u00fc KAYHAN B\u00d6L\u00dcM 33 &#8230;&#8230;&#8230;&#8230;&#8230;&#8230;&#8230;&#8230;&#8230;&#8230;&#8230;&#8230;&#8230;&#8230;&#8230;&#8230;&#8230;&#8230;&#8230;&#8230;&#8230;&#8230;&#8230;&#8230;&#8230;&#8230;&#8230;&#8230;&#8230;&#8230;&#8230;&#8230;&#8230;&#8230;&#8230;&#8230;&#8230; 721 \u0130stanbul\u2019daki Okul Binalar\u0131n\u0131n Afet Y\u00f6netmeli\u011fine Uygunlu\u011fu ve \u0130lkokullarda \u0130\u015f Sa\u011fl\u0131\u011f\u0131 ve G\u00fcvenli\u011fi Uygulamas\u0131 Dr. \u00d6\u011fr. \u00dcyesi Haldun TURAN Zeki ALPAYDIN B\u00d6L\u00dcM 34 &#8230;&#8230;&#8230;&#8230;&#8230;&#8230;&#8230;&#8230;&#8230;&#8230;&#8230;&#8230;&#8230;&#8230;&#8230;&#8230;&#8230;&#8230;&#8230;&#8230;&#8230;&#8230;&#8230;&#8230;&#8230;&#8230;&#8230;&#8230;&#8230;&#8230;&#8230;&#8230;&#8230;&#8230;&#8230;&#8230;&#8230; 739 \u0130slam Serami\u011finde Slip Tekni\u011fi ve Bu Tekni\u011fin Geli\u015fiminde \u0130znik\u2019in \u00d6nemi Dr. \u00d6\u011fr. \u00dcyesi G\u00fcler YILMAZ \u00c7ALI\u015eKAN B\u00d6L\u00dcM 35 &#8230;&#8230;&#8230;&#8230;&#8230;&#8230;&#8230;&#8230;&#8230;&#8230;&#8230;&#8230;&#8230;&#8230;&#8230;&#8230;&#8230;&#8230;&#8230;&#8230;&#8230;&#8230;&#8230;&#8230;&#8230;&#8230;&#8230;&#8230;&#8230;&#8230;&#8230;&#8230;&#8230;&#8230;&#8230;&#8230;&#8230; 757 \u00d6rg\u00fctsel T\u00fckenmi\u015flik Dr. \u00d6\u011fr. \u00dcyesi Yusuf YILDIRIM <\/p>\n","protected":false},"excerpt":{"rendered":"<p>\u0130\u00c7\u0130NDEK\u0130LER B\u00d6L\u00dcM 1&#8230;&#8230;&#8230;&#8230;&#8230;&#8230;&#8230;&#8230;&#8230;&#8230;&#8230;&#8230;&#8230;&#8230;&#8230;&#8230;&#8230;&#8230;&#8230;&#8230;&#8230;&#8230;&#8230;&#8230;&#8230;&#8230;&#8230;&#8230;&#8230;&#8230;&#8230;&#8230;&#8230;&#8230;&#8230;&#8230;&#8230;&#8230;&#8230;.. 9 \u0130\u015fyeri Nezaketsizli\u011fi \u00d6\u011fr. G\u00f6r. Dr. \u00c7a\u011fda\u015f I\u015eIKAY Prof.Dr. Soner TASLAK B\u00d6L\u00dcM 2&#8230;&#8230;&#8230;&#8230;&#8230;&#8230;&#8230;&#8230;&#8230;&#8230;&#8230;&#8230;&#8230;&#8230;&#8230;&#8230;&#8230;&#8230;&#8230;&#8230;&#8230;&#8230;&#8230;&#8230;&#8230;&#8230;&#8230;&#8230;&#8230;&#8230;&#8230;&#8230;&#8230;&#8230;&#8230;&#8230;&#8230;&#8230;.. 39 Mitolojik, Teorik, \u0130na\u00e7sal ve Olgusal \u00c7er\u00e7evede Erken Devletin Do\u011fu\u015f<span class=\"excerpt-hellip\"> [\u2026]<\/span><\/p>\n","protected":false},"featured_media":0,"template":"","meta":{"_monsterinsights_skip_tracking":false,"_monsterinsights_sitenote_active":false,"_monsterinsights_sitenote_note":"","_monsterinsights_sitenote_category":0},"product_brand":[],"product_cat":[13005,40995],"product_tag":[],"class_list":{"0":"post-750381","1":"product","2":"type-product","3":"status-publish","5":"product_cat-bilim-muhendislik","6":"product_cat-sosyal-bilimler","7":"pa_cilt-ciltsiz","8":"pa_tur-kitap","9":"pa_yayinevi-platanus-publishing","10":"pa_yazar-kolektif","12":"first","13":"instock","14":"sale","15":"shipping-taxable","16":"purchasable","17":"product-type-simple"},"_links":{"self":[{"href":"https:\/\/roveyayinevi.com.tr\/index.php\/wp-json\/wp\/v2\/product\/750381","targetHints":{"allow":["GET"]}}],"collection":[{"href":"https:\/\/roveyayinevi.com.tr\/index.php\/wp-json\/wp\/v2\/product"}],"about":[{"href":"https:\/\/roveyayinevi.com.tr\/index.php\/wp-json\/wp\/v2\/types\/product"}],"wp:attachment":[{"href":"https:\/\/roveyayinevi.com.tr\/index.php\/wp-json\/wp\/v2\/media?parent=750381"}],"wp:term":[{"taxonomy":"product_brand","embeddable":true,"href":"https:\/\/roveyayinevi.com.tr\/index.php\/wp-json\/wp\/v2\/product_brand?post=750381"},{"taxonomy":"product_cat","embeddable":true,"href":"https:\/\/roveyayinevi.com.tr\/index.php\/wp-json\/wp\/v2\/product_cat?post=750381"},{"taxonomy":"product_tag","embeddable":true,"href":"https:\/\/roveyayinevi.com.tr\/index.php\/wp-json\/wp\/v2\/product_tag?post=750381"}],"curies":[{"name":"wp","href":"https:\/\/api.w.org\/{rel}","templated":true}]}}