{"id":750377,"date":"2025-08-28T04:19:19","date_gmt":"2025-08-28T01:19:19","guid":{"rendered":"https:\/\/roveyayinevi.com.tr\/index.php\/urun\/ortopedi-ve-travmatoloji-alaninda-uluslararasi-arastirmalar\/"},"modified":"2026-04-16T03:03:39","modified_gmt":"2026-04-16T00:03:39","slug":"ortopedi-ve-travmatoloji-alaninda-uluslararasi-arastirmalar","status":"publish","type":"product","link":"https:\/\/roveyayinevi.com.tr\/index.php\/urun\/ortopedi-ve-travmatoloji-alaninda-uluslararasi-arastirmalar\/","title":{"rendered":"Ortopedi ve Travmatoloji Alan\u0131nda Uluslararas\u0131 Ara\u015ft\u0131rmalar"},"content":{"rendered":"<p>\u0130\u00c7\u0130NDEK\u0130LER B\u00d6L\u00dcM 1 Slap Lezyonlari Uzm. Dr. Yunus Emre BULUM B\u00d6L\u00dcM 2 K\u0131smi Kalinliktaki (Parsiyel) Rotator Man\u015fet Y\u0131rt\u0131klar\u0131 Tedavisi Uzm. Dr. Yunus Emre BULUM B\u00d6L\u00dcM 3 Geriatrik Kal\u00e7a K\u0131r\u0131klar\u0131nda Uygulanacak Cerrahide Gecikmenin Mortaliteye Etkisi Dr. Mustafa YALIN B\u00d6L\u00dcM 4 Ayak Bile\u011fi Burkulmalar\u0131 Uzm. Dr. Aybars KIVRAK<\/p>\n","protected":false},"excerpt":{"rendered":"<p>\u0130\u00c7\u0130NDEK\u0130LER B\u00d6L\u00dcM 1 Slap Lezyonlari Uzm. Dr. Yunus Emre BULUM B\u00d6L\u00dcM 2 K\u0131smi Kalinliktaki (Parsiyel) Rotator Man\u015fet Y\u0131rt\u0131klar\u0131 Tedavisi Uzm. Dr. Yunus Emre BULUM B\u00d6L\u00dcM 3<span class=\"excerpt-hellip\"> [\u2026]<\/span><\/p>\n","protected":false},"featured_media":0,"template":"","meta":{"_monsterinsights_skip_tracking":false,"_monsterinsights_sitenote_active":false,"_monsterinsights_sitenote_note":"","_monsterinsights_sitenote_category":0},"product_brand":[],"product_cat":[12573,12566],"product_tag":[],"class_list":{"0":"post-750377","1":"product","2":"type-product","3":"status-publish","5":"product_cat-akademik-kitaplar","6":"product_cat-egitim","7":"pa_cilt-ciltsiz","8":"pa_tur-kitap","9":"pa_yayinevi-platanus-publishing","10":"pa_yazar-kolektif","12":"first","13":"instock","14":"sale","15":"shipping-taxable","16":"purchasable","17":"product-type-simple"},"_links":{"self":[{"href":"https:\/\/roveyayinevi.com.tr\/index.php\/wp-json\/wp\/v2\/product\/750377","targetHints":{"allow":["GET"]}}],"collection":[{"href":"https:\/\/roveyayinevi.com.tr\/index.php\/wp-json\/wp\/v2\/product"}],"about":[{"href":"https:\/\/roveyayinevi.com.tr\/index.php\/wp-json\/wp\/v2\/types\/product"}],"wp:attachment":[{"href":"https:\/\/roveyayinevi.com.tr\/index.php\/wp-json\/wp\/v2\/media?parent=750377"}],"wp:term":[{"taxonomy":"product_brand","embeddable":true,"href":"https:\/\/roveyayinevi.com.tr\/index.php\/wp-json\/wp\/v2\/product_brand?post=750377"},{"taxonomy":"product_cat","embeddable":true,"href":"https:\/\/roveyayinevi.com.tr\/index.php\/wp-json\/wp\/v2\/product_cat?post=750377"},{"taxonomy":"product_tag","embeddable":true,"href":"https:\/\/roveyayinevi.com.tr\/index.php\/wp-json\/wp\/v2\/product_tag?post=750377"}],"curies":[{"name":"wp","href":"https:\/\/api.w.org\/{rel}","templated":true}]}}