{"id":750376,"date":"2025-08-28T04:19:17","date_gmt":"2025-08-28T01:19:17","guid":{"rendered":"https:\/\/roveyayinevi.com.tr\/index.php\/urun\/muhendislik-alaninda-uluslararasi-arastirmalar\/"},"modified":"2026-04-16T03:03:39","modified_gmt":"2026-04-16T00:03:39","slug":"muhendislik-alaninda-uluslararasi-arastirmalar","status":"publish","type":"product","link":"https:\/\/roveyayinevi.com.tr\/index.php\/urun\/muhendislik-alaninda-uluslararasi-arastirmalar\/","title":{"rendered":"M\u00fchendislik Alan\u0131nda Uluslararas\u0131 Ara\u015ft\u0131rmalar"},"content":{"rendered":"<p>\u0130\u00c7\u0130NDEK\u0130LER B\u00d6L\u00dcM 1&#8230;&#8230;&#8230;&#8230;&#8230;&#8230;&#8230;&#8230;&#8230;&#8230;&#8230;&#8230;&#8230;&#8230;&#8230;&#8230;&#8230;&#8230;&#8230;&#8230;&#8230;&#8230;&#8230;&#8230;&#8230;&#8230;&#8230;&#8230;&#8230;&#8230;&#8230;&#8230;&#8230;&#8230;&#8230;&#8230;&#8230;&#8230;&#8230;.. 7 Is\u0131 Kalkan\u0131 \u00dcretiminde Kullan\u0131lan Kal\u0131b\u0131n \u00c7elik Ala\u015f\u0131m\u0131ndan \u00dcretiminin \u0130ncelenmesi ve Karakterizasyonu Ramazan Toygun KIZIL Duygu KAPLAN Rabia \u015eevval AKAN Muhammet ULUDA\u011e B\u00d6L\u00dcM 2&#8230;&#8230;&#8230;&#8230;&#8230;&#8230;&#8230;&#8230;&#8230;&#8230;&#8230;&#8230;&#8230;&#8230;&#8230;&#8230;&#8230;&#8230;&#8230;&#8230;&#8230;&#8230;&#8230;&#8230;&#8230;&#8230;&#8230;&#8230;&#8230;&#8230;&#8230;&#8230;&#8230;&#8230;&#8230;&#8230;&#8230;&#8230;.. 17 Eko-End\u00fcstriyel Park Yakla\u015f\u0131m\u0131: Atik Deri ile \u0130leri D\u00f6n\u00fc\u015f\u00fcm (Upcycle) Dokuma \u00d6rnekleri Do\u00e7. Dr. Meruyert KAYGUSUZ Dr. \u00d6\u011fr. \u00dcyesi G\u00fcler \u00d6NC\u00dc B\u00d6L\u00dcM 3&#8230;&#8230;&#8230;&#8230;&#8230;&#8230;&#8230;&#8230;&#8230;&#8230;&#8230;&#8230;&#8230;&#8230;&#8230;&#8230;&#8230;&#8230;&#8230;&#8230;&#8230;&#8230;&#8230;&#8230;&#8230;&#8230;&#8230;&#8230;&#8230;&#8230;&#8230;&#8230;&#8230;&#8230;&#8230;&#8230;&#8230;&#8230;.. 37 \u0130n\u015faat M\u00fchendisli\u011fi Uygulamalar\u0131nda At\u0131klar\u0131n Kullan\u0131m\u0131 ve S\u00fcrd\u00fcr\u00fclebilirlik &#8230;&#8230;&#8230;&#8230;&#8230;&#8230;&#8230;&#8230;&#8230;&#8230;&#8230;&#8230;&#8230;&#8230;&#8230;&#8230;&#8230;&#8230;&#8230;&#8230;&#8230;&#8230;&#8230;&#8230;&#8230;&#8230;&#8230;&#8230;&#8230;&#8230;&#8230;&#8230;&#8230;. 38 Do\u00e7. Dr. Serpil SAVCI B\u00d6L\u00dcM 4&#8230;&#8230;&#8230;&#8230;&#8230;&#8230;&#8230;&#8230;&#8230;&#8230;&#8230;&#8230;&#8230;&#8230;&#8230;&#8230;&#8230;&#8230;&#8230;&#8230;&#8230;&#8230;&#8230;&#8230;&#8230;&#8230;&#8230;&#8230;&#8230;&#8230;&#8230;&#8230;&#8230;&#8230;&#8230;&#8230;&#8230;&#8230;.. 51 Sa\u011fl\u0131kta Ara\u015ft\u0131rma Y\u00f6ntemleri ve Dijital D\u00f6n\u00fc\u015f\u00fcm Tabanl\u0131 Veri Analizi Dr. \u00d6\u011fr. \u00dcyesi Nuh AZGINO\u011eLU Dr. \u00d6\u011fr. \u00dcyesi Murat TA\u015eY\u00dcREK B\u00d6L\u00dcM 5&#8230;&#8230;&#8230;&#8230;&#8230;&#8230;&#8230;&#8230;&#8230;&#8230;&#8230;&#8230;&#8230;&#8230;&#8230;&#8230;&#8230;&#8230;&#8230;&#8230;&#8230;&#8230;&#8230;&#8230;&#8230;&#8230;&#8230;&#8230;&#8230;&#8230;&#8230;&#8230;&#8230;&#8230;&#8230;&#8230;&#8230;&#8230;.. 75 \u0130\u015f G\u00fcvenli\u011fi Risk De\u011ferlendirme Uygulamalar\u0131nda Aras, Copras ve Moora Y\u00f6ntemlerinin \u0130ncelenmesi Dr. \u00d6\u011fr. \u00dcyesi Ulviye POLAT B\u00d6L\u00dcM 6&#8230;&#8230;&#8230;&#8230;&#8230;&#8230;&#8230;&#8230;&#8230;&#8230;&#8230;&#8230;&#8230;&#8230;&#8230;&#8230;&#8230;&#8230;&#8230;&#8230;&#8230;&#8230;&#8230;&#8230;&#8230;&#8230;&#8230;&#8230;&#8230;&#8230;&#8230;&#8230;&#8230;&#8230;&#8230;&#8230;&#8230;&#8230;.. 95 \u00dc\u00e7 Boyutlu Engelli K\u00fcbik Bir Ortamda Genetik Algoritma ile Robot Yol Planlamas\u0131nda En K\u0131sa Yol Bulma Nagihan YA\u011eMUR B\u00d6L\u00dcM 6 &#8230;&#8230;&#8230;&#8230;&#8230;&#8230;&#8230;&#8230;&#8230;&#8230;&#8230;&#8230;&#8230;&#8230;&#8230;&#8230;&#8230;&#8230;&#8230;&#8230;&#8230;&#8230;&#8230;&#8230;&#8230;&#8230;&#8230;&#8230;&#8230;&#8230;&#8230;&#8230;&#8230;&#8230;&#8230;&#8230;&#8230;.. 115 Kil Mineralleri ve Kolloidal S\u00fcspansiyonlar Onur Eser K\u00d6K Adil \u00d6ZDEM\u0130R Yasin ERDO\u011eAN Y\u0131ld\u0131ray PALABIYIK Alperen \u015eAH\u0130NO\u011eLU B\u00d6L\u00dcM 7 &#8230;&#8230;&#8230;&#8230;&#8230;&#8230;&#8230;&#8230;&#8230;&#8230;&#8230;&#8230;&#8230;&#8230;&#8230;&#8230;&#8230;&#8230;&#8230;&#8230;&#8230;&#8230;&#8230;&#8230;&#8230;&#8230;&#8230;&#8230;&#8230;&#8230;&#8230;&#8230;&#8230;&#8230;&#8230;&#8230;&#8230;.. 139 Kalker Oca\u011f\u0131 \u0130\u015fletmecili\u011finde Toz Olu\u015fumu, Sal\u0131nan Toz Emisyonlarinin Hesaplanmasi ve Modellenmesi Ai\u015fe DEL\u0130BORAN B\u00d6L\u00dcM 8 &#8230;&#8230;&#8230;&#8230;&#8230;&#8230;&#8230;&#8230;&#8230;&#8230;&#8230;&#8230;&#8230;&#8230;&#8230;&#8230;&#8230;&#8230;&#8230;&#8230;&#8230;&#8230;&#8230;&#8230;&#8230;&#8230;&#8230;&#8230;&#8230;&#8230;&#8230;&#8230;&#8230;&#8230;&#8230;&#8230;&#8230;.. 163 Siber G\u00fcvenlik Y\u00f6netim Sistemi Murat KOCA \u0130sa AVCI B\u00d6L\u00dcM 9 &#8230;&#8230;&#8230;&#8230;&#8230;&#8230;&#8230;&#8230;&#8230;&#8230;&#8230;&#8230;&#8230;&#8230;&#8230;&#8230;&#8230;&#8230;&#8230;&#8230;&#8230;&#8230;&#8230;&#8230;&#8230;&#8230;&#8230;&#8230;&#8230;&#8230;&#8230;&#8230;&#8230;&#8230;&#8230;&#8230;&#8230;.. 185 Arazi Kullan\u0131m\u0131 ve Arazi \u00d6rt\u00fcs\u00fcn\u00fcn Sentinel-2 Uydu G\u00f6r\u00fcnt\u00fcleri ile Bulut Hesaplama Platformunda Belirlenmesi Dr.\u00d6\u011fr.\u00dcyesi Ziya \u00d6nc\u00fc B\u00d6L\u00dcM 10 &#8230;&#8230;&#8230;&#8230;&#8230;&#8230;&#8230;&#8230;&#8230;&#8230;&#8230;&#8230;&#8230;&#8230;&#8230;&#8230;&#8230;&#8230;&#8230;&#8230;&#8230;&#8230;&#8230;&#8230;&#8230;&#8230;&#8230;&#8230;&#8230;&#8230;&#8230;&#8230;&#8230;&#8230;&#8230;&#8230;&#8230; 199 Otonom Gemilerin \u0130\u015fletiminde Kontrol ve Sim\u00fclasyon Teknolojilerine Y\u00f6nelik Bir Ara\u015ft\u0131rma Dr. \u00d6\u011fr. \u00dcyesi Mustafa KAFALI Dr. \u00d6\u011fr. \u00dcyesi Murat Aymelek Dr. \u00d6\u011fr. \u00dcyesi G\u00f6khan Budak B\u00d6L\u00dcM 11 &#8230;&#8230;&#8230;&#8230;&#8230;&#8230;&#8230;&#8230;&#8230;&#8230;&#8230;&#8230;&#8230;&#8230;&#8230;&#8230;&#8230;&#8230;&#8230;&#8230;&#8230;&#8230;&#8230;&#8230;&#8230;&#8230;&#8230;&#8230;&#8230;&#8230;&#8230;&#8230;&#8230;&#8230;&#8230;&#8230;&#8230; 211 Faz De\u011fi\u015ftiren Malzemeler ve Bina Eleman\u0131 Sistemlerinde Kullan\u0131m\u0131 Y. Mimar Merve ANAYURT Prof. Dr. \u0130kbal \u00c7ET\u0130NER B\u00d6L\u00dcM 12 &#8230;&#8230;&#8230;&#8230;&#8230;&#8230;&#8230;&#8230;&#8230;&#8230;&#8230;&#8230;&#8230;&#8230;&#8230;&#8230;&#8230;&#8230;&#8230;&#8230;&#8230;&#8230;&#8230;&#8230;&#8230;&#8230;&#8230;&#8230;&#8230;&#8230;&#8230;&#8230;&#8230;&#8230;&#8230;&#8230;&#8230; 249 Yenilenebilir Enerji Kaynaklar\u0131ndan G\u00fcne\u015f ve Kentlerde Kullan\u0131m\u0131 Do\u00e7. Dr. Serpil SAVCI B\u00d6L\u00dcM 13 &#8230;&#8230;&#8230;&#8230;&#8230;&#8230;&#8230;&#8230;&#8230;&#8230;&#8230;&#8230;&#8230;&#8230;&#8230;&#8230;&#8230;&#8230;&#8230;&#8230;&#8230;&#8230;&#8230;&#8230;&#8230;&#8230;&#8230;&#8230;&#8230;&#8230;&#8230;&#8230;&#8230;&#8230;&#8230;&#8230;&#8230; 261 On Parmak Klavye E\u011fitiminde Kullan\u0131lan Donan\u0131msal Destek Sistemleri \u00d6\u011fr. G\u00f6r. Evren SEZG\u0130N Dr. \u00d6\u011fr. \u00dcyesi G\u00fcray TONGU\u00c7 B\u00d6L\u00dcM 14 &#8230;&#8230;&#8230;&#8230;&#8230;&#8230;&#8230;&#8230;&#8230;&#8230;&#8230;&#8230;&#8230;&#8230;&#8230;&#8230;&#8230;&#8230;&#8230;&#8230;&#8230;&#8230;&#8230;&#8230;&#8230;&#8230;&#8230;&#8230;&#8230;&#8230;&#8230;&#8230;&#8230;&#8230;&#8230;&#8230;&#8230; 283 Anadolu Ar\u0131 Ekme\u011finin Co\u011frafi B\u00f6lgelere G\u00f6re Fenolik Madde ve Polen \u0130\u00e7erikleri A\u00e7\u0131s\u0131ndan De\u011ferlendirilmesi Dr. Mehmet BEYKAYA B\u00d6L\u00dcM 15 &#8230;&#8230;&#8230;&#8230;&#8230;&#8230;&#8230;&#8230;&#8230;&#8230;&#8230;&#8230;&#8230;&#8230;&#8230;&#8230;&#8230;&#8230;&#8230;&#8230;&#8230;&#8230;&#8230;&#8230;&#8230;&#8230;&#8230;&#8230;&#8230;&#8230;&#8230;&#8230;&#8230;&#8230;&#8230;&#8230;&#8230; 307 Iso 6892-1 Standard\u0131na G\u00f6re Metalik Malzemelerin \u00c7ekme \u00d6zelliklerinin Belirlenmesi Do\u00e7.Dr. B\u00fclent AYDEM\u0130R B\u00d6L\u00dcM 16 &#8230;&#8230;&#8230;&#8230;&#8230;&#8230;&#8230;&#8230;&#8230;&#8230;&#8230;&#8230;&#8230;&#8230;&#8230;&#8230;&#8230;&#8230;&#8230;&#8230;&#8230;&#8230;&#8230;&#8230;&#8230;&#8230;&#8230;&#8230;&#8230;&#8230;&#8230;&#8230;&#8230;&#8230;&#8230;&#8230;&#8230; 335 Pasif Dengelemeli Batarya Y\u00f6netim Sistemi Hesaplamalar\u0131 ve Tasar\u0131m\u0131 Research Assist. Samet YAL\u00c7IN Assist. Prof. Tuna G\u00d6KSU<\/p>\n","protected":false},"excerpt":{"rendered":"<p>\u0130\u00c7\u0130NDEK\u0130LER B\u00d6L\u00dcM 1&#8230;&#8230;&#8230;&#8230;&#8230;&#8230;&#8230;&#8230;&#8230;&#8230;&#8230;&#8230;&#8230;&#8230;&#8230;&#8230;&#8230;&#8230;&#8230;&#8230;&#8230;&#8230;&#8230;&#8230;&#8230;&#8230;&#8230;&#8230;&#8230;&#8230;&#8230;&#8230;&#8230;&#8230;&#8230;&#8230;&#8230;&#8230;&#8230;.. 7 Is\u0131 Kalkan\u0131 \u00dcretiminde Kullan\u0131lan Kal\u0131b\u0131n \u00c7elik Ala\u015f\u0131m\u0131ndan \u00dcretiminin \u0130ncelenmesi ve Karakterizasyonu Ramazan Toygun KIZIL Duygu KAPLAN Rabia \u015eevval AKAN Muhammet ULUDA\u011e B\u00d6L\u00dcM<span class=\"excerpt-hellip\"> [\u2026]<\/span><\/p>\n","protected":false},"featured_media":0,"template":"","meta":{"_monsterinsights_skip_tracking":false,"_monsterinsights_sitenote_active":false,"_monsterinsights_sitenote_note":"","_monsterinsights_sitenote_category":0},"product_brand":[],"product_cat":[12573,12566],"product_tag":[],"class_list":{"0":"post-750376","1":"product","2":"type-product","3":"status-publish","5":"product_cat-akademik-kitaplar","6":"product_cat-egitim","7":"pa_cilt-ciltsiz","8":"pa_tur-kitap","9":"pa_yayinevi-platanus-publishing","10":"pa_yazar-kolektif","12":"first","13":"instock","14":"sale","15":"shipping-taxable","16":"purchasable","17":"product-type-simple"},"_links":{"self":[{"href":"https:\/\/roveyayinevi.com.tr\/index.php\/wp-json\/wp\/v2\/product\/750376","targetHints":{"allow":["GET"]}}],"collection":[{"href":"https:\/\/roveyayinevi.com.tr\/index.php\/wp-json\/wp\/v2\/product"}],"about":[{"href":"https:\/\/roveyayinevi.com.tr\/index.php\/wp-json\/wp\/v2\/types\/product"}],"wp:attachment":[{"href":"https:\/\/roveyayinevi.com.tr\/index.php\/wp-json\/wp\/v2\/media?parent=750376"}],"wp:term":[{"taxonomy":"product_brand","embeddable":true,"href":"https:\/\/roveyayinevi.com.tr\/index.php\/wp-json\/wp\/v2\/product_brand?post=750376"},{"taxonomy":"product_cat","embeddable":true,"href":"https:\/\/roveyayinevi.com.tr\/index.php\/wp-json\/wp\/v2\/product_cat?post=750376"},{"taxonomy":"product_tag","embeddable":true,"href":"https:\/\/roveyayinevi.com.tr\/index.php\/wp-json\/wp\/v2\/product_tag?post=750376"}],"curies":[{"name":"wp","href":"https:\/\/api.w.org\/{rel}","templated":true}]}}