{"id":750375,"date":"2025-08-28T04:19:16","date_gmt":"2025-08-28T01:19:16","guid":{"rendered":"https:\/\/roveyayinevi.com.tr\/index.php\/urun\/mimarlik-planlama-ve-tasarim-alaninda-uluslararasi-arastirmalar\/"},"modified":"2026-04-16T03:03:39","modified_gmt":"2026-04-16T00:03:39","slug":"mimarlik-planlama-ve-tasarim-alaninda-uluslararasi-arastirmalar","status":"publish","type":"product","link":"https:\/\/roveyayinevi.com.tr\/index.php\/urun\/mimarlik-planlama-ve-tasarim-alaninda-uluslararasi-arastirmalar\/","title":{"rendered":"Mimarl\u0131k, Planlama ve Tasar\u0131m Alan\u0131nda Uluslararas\u0131 Ara\u015ft\u0131rmalar"},"content":{"rendered":"<p>\u0130\u00c7\u0130NDEK\u0130LER B\u00d6L\u00dcM 1 Mek\u00e2na Sosyal Altyap\u0131 Olarak Bakmak: Alternatif Sahneler Dr. \u00d6\u011fr. \u00dcyesi Devran BENG\u00dc B\u00d6L\u00dcM 2 Beypazar\u0131 (Ankara) Hanlar \u00d6n\u00fc Meydan\u0131 Kentsel Tasar\u0131m Projesi Dr. \u00d6\u011fr. \u00dcyesi K\u0131ymet P\u0131nar KIRKIK AYDEM\u0130R B\u00d6L\u00dcM 3 Suyun Korunmas\u0131nda S\u00fcnger Kent Kavram\u0131 ve Etkileri Hatice YILDIRIM \u00d6\u011fr. G\u00f6r. Emine KAHRAMAN Prof. Dr. Latif G\u00fcrkan KAYA B\u00d6L\u00dcM 4 Yenilenebilir Enerji \u00dcreten Gelece\u011fin Kentleri Dr. \u00d6\u011fr. \u00dcyesi Filiz DO\u011eAN B\u00d6L\u00dcM 5 Yap\u0131 Malzemelerinde Titanyum Dioksit Kullan\u0131m\u0131n\u0131n Hava Kirlili\u011finin Azalt\u0131lmas\u0131nda Etkisi Mimar Muhammed Hilmi KURAR Dr. \u00d6\u011fr. \u00dcyesi Mustafa DEREL\u0130 B\u00d6L\u00dcM 6 S\u00fcrd\u00fcr\u00fclebilir Tasar\u0131mlardan K\u0131\u015f Bah\u00e7eleri Do\u00e7. Dr. Bur\u00e7in EK\u0130C\u0130 B\u00d6L\u00dcM 7 Mobilya Tasar\u0131m\u0131nda ve \u00dcretiminde Geri D\u00f6n\u00fc\u015ft\u00fcr\u00fclebilir Malzemelerin Kullan\u0131m Alanlar\u0131 Ar\u015f. G\u00f6r. G\u00fcl A\u011fao\u011flu \u00c7OBANLAR Ar\u015f. G\u00f6r. Sema TA\u015eTAN Ar\u015f. G\u00f6r. Deniz U\u00c7AR BAYCAN B\u00d6L\u00dcM 8 Nesnelerin \u0130nterneti (IoT) Teknolojisi Tabanl\u0131 Ak\u0131ll\u0131 \u015eehir Uygulamalar\u0131 ve Mek\u00e2nsal Planlamaya Etkileri \u015eehir Planc\u0131s\u0131 Dilek A\u011eLAMAZ G\u0130L\u0130K Prof. Dr. H. Filiz ALKAN ME\u015eHUR B\u00d6L\u00dcM 9 Erzurum Teknik \u00dcniversitesi Yerle\u015fkesi: Tasar\u0131m Kurgusu ve Geli\u015fimi Dr. Ekrem Bahad\u0131r \u00c7ALI\u015eKAN B\u00d6L\u00dcM 10 \u0130zmir Buca Metro Projesinin Arazi Kullanima ve Emlak De\u011ferlerine Etkisi \u015eehir Planc\u0131s\u0131 Mehmet DAVAZ Prof. Dr. Sibel ECEM\u0130\u015e KILI\u00c7 Do\u00e7. Dr. Mercan EFE G\u00dcNEY B\u00d6L\u00dcM 11 Diren\u00e7li Kent Yakla\u015f\u0131mlar\u0131n\u0131n \u015eehir Planlama Temelinde \u0130ncelenmesi Ar. G\u00f6r. Dr. Ceren A\u011eIN G\u00d6Z\u00dcKIZIL B\u00d6L\u00dcM 12 \u0130mgelerde Bili\u015fsel Haritalar Dr. \u00d6\u011fretim \u00dcyesi B\u00fc\u015fra ONAY B\u00d6L\u00dcM 13 K\u0131rklareli Kentsel Sit Alan\u0131 ve Yak\u0131n \u00c7evresinin Morfolojik De\u011fi\u015fiminin Tarihsel S\u00fcre\u00e7te \u0130ncelenmesi F\u00fcr\u00fczan ASLAN Engin KABATA\u015e O\u011fuz ATE\u015e Murat YAVUZEL B\u00d6L\u00dcM 14 D\u00fczce Dadal\u0131 K\u00f6y\u00fc Geleneksel Konutlar\u0131n \u0130ncelenmesi Sevda KAYA Do\u00e7. Dr. Alper B\u0130DEC\u0130<\/p>\n","protected":false},"excerpt":{"rendered":"<p>\u0130\u00c7\u0130NDEK\u0130LER B\u00d6L\u00dcM 1 Mek\u00e2na Sosyal Altyap\u0131 Olarak Bakmak: Alternatif Sahneler Dr. \u00d6\u011fr. \u00dcyesi Devran BENG\u00dc B\u00d6L\u00dcM 2 Beypazar\u0131 (Ankara) Hanlar \u00d6n\u00fc Meydan\u0131 Kentsel Tasar\u0131m Projesi Dr.<span class=\"excerpt-hellip\"> [\u2026]<\/span><\/p>\n","protected":false},"featured_media":0,"template":"","meta":{"_monsterinsights_skip_tracking":false,"_monsterinsights_sitenote_active":false,"_monsterinsights_sitenote_note":"","_monsterinsights_sitenote_category":0},"product_brand":[],"product_cat":[13512,12408],"product_tag":[],"class_list":{"0":"post-750375","1":"product","2":"type-product","3":"status-publish","5":"product_cat-mimarlik","6":"product_cat-sanat","7":"pa_cilt-ciltsiz","8":"pa_tur-kitap","9":"pa_yayinevi-platanus-publishing","10":"pa_yazar-kolektif","12":"first","13":"instock","14":"sale","15":"shipping-taxable","16":"purchasable","17":"product-type-simple"},"_links":{"self":[{"href":"https:\/\/roveyayinevi.com.tr\/index.php\/wp-json\/wp\/v2\/product\/750375","targetHints":{"allow":["GET"]}}],"collection":[{"href":"https:\/\/roveyayinevi.com.tr\/index.php\/wp-json\/wp\/v2\/product"}],"about":[{"href":"https:\/\/roveyayinevi.com.tr\/index.php\/wp-json\/wp\/v2\/types\/product"}],"wp:attachment":[{"href":"https:\/\/roveyayinevi.com.tr\/index.php\/wp-json\/wp\/v2\/media?parent=750375"}],"wp:term":[{"taxonomy":"product_brand","embeddable":true,"href":"https:\/\/roveyayinevi.com.tr\/index.php\/wp-json\/wp\/v2\/product_brand?post=750375"},{"taxonomy":"product_cat","embeddable":true,"href":"https:\/\/roveyayinevi.com.tr\/index.php\/wp-json\/wp\/v2\/product_cat?post=750375"},{"taxonomy":"product_tag","embeddable":true,"href":"https:\/\/roveyayinevi.com.tr\/index.php\/wp-json\/wp\/v2\/product_tag?post=750375"}],"curies":[{"name":"wp","href":"https:\/\/api.w.org\/{rel}","templated":true}]}}