{"id":750374,"date":"2025-08-28T04:19:15","date_gmt":"2025-08-28T01:19:15","guid":{"rendered":"https:\/\/roveyayinevi.com.tr\/index.php\/urun\/international-research-in-social-humanities-and-administrative-sciences\/"},"modified":"2026-04-16T03:03:39","modified_gmt":"2026-04-16T00:03:39","slug":"international-research-in-social-humanities-and-administrative-sciences","status":"publish","type":"product","link":"https:\/\/roveyayinevi.com.tr\/index.php\/urun\/international-research-in-social-humanities-and-administrative-sciences\/","title":{"rendered":"International Research in Social, Humanities and Administrative Sciences"},"content":{"rendered":"<p>CONTENTS CHAPTER 1 Examining Nietzsche\u2019s Notion of the Eternal Recurrence Res. Asst. Ayb\u00fcke A\u015eKAR CHAPTER 2 Factors Affecting Profitability in the Banking Sector Assoc. Prof. Dr. Arzu Alvan BOZDEREL\u0130 PhD. Candidate Zikrullah ZALAND CHAPTER 3 Violence Exposure of Women Physicians and Their Perspectives on Individual Armament Murat Bora GOKKAYA CHAPTER 4 Carrying Humankind to the Next Level: Cleaner Air For Sustainable Futures Assist. Prof. Leman G\u0130RESUNLU, Ph.D CHAPTER 5 Celebrating Christmas, Through Selected Netflix Movies, During the 2022-2023 Season: The Mistletoe Versus the Social Media Assist. Prof. Leman G\u0130RESUNLU, Ph.D CHAPTER 6 A Comparison of the Impact of International Marketing Mix Adaptation Strategies on the Export Performance of Domestic and Foreign Companies in the Jewelry Sector Ahmet KARACA CHAPTER 7 Strategic Management Process in Institutions; A Company Review Dr. Filiz MIZRAK CHAPTER 8 The Role and Importance of the Transportation Coordination Center (Ukome) in the Management of Urban Transportation Assistant Prof. Ahmet YAMAN CHAPTER 9 A Rev\u0131ew on Academic Integrity and the Use of Artificial Intelligence in Education From 2012 to 2022 Assist. Prof. Ceren \u00c7ubuk\u00e7u \u00c7ERAS\u0130, Ph.D Dr. Yavuz Selim BALCIO\u011eLU   Recreation Needs of Syrian Asylum Seekers in Turkey and the Possibility of Meeting Those Needs Dr. Kayhan KAPLAN CHAPTER 11 Air Pollution Study For Izmir: A Time Series Approach Do\u00e7. Dr. Mesut BALIBEY CHAPTER 12 \u201cAnatolian Sisters\u201d: Warr\u0131or, Manufacturer, and Sufi Women of Anatolia Assist. Prof. Cennet Ceren \u00c7AVU\u015e, Ph.D. CHAPTER 13 Aircraft Rescue &amp; Fire Fighting (Arff) Personnel Training Standards With the Scope of High Reach Extendable Turret (Hret) System Used in Aircraft Fire Assist. Prof. Dr. Kaan KO\u00c7AL\u0130 CHAPTER 14 Advertising and Marketing Strategies of Domestic Airlines in Turkey Assist. Prof. Dr. Muhammed Talha NARCI CHAPTER 15 Market Planning Implementation Model Offer for Food And Beverage Businesses Dr. \u015eerif BALDIRAN CHAPTER 16 Cigarette Tax Hikes and Cross-Border Shopping Dr. Ali Umut G\u00fcler CHAPTER 17 Employee Relationship Management as A Practice Area of Public Relations Assist. Prof. Dr. Tuba KAL\u00c7IK \u00dcST\u00dcNDA\u011e CHAPTER 18 Science of Eating: Gastrophysics Dr. Ceyhun U\u00c7UK CHAPTER 19 Giving A Voice To Dark Experiences: Black Women Writers on Being A Black Woman Asst. Prof. Meltem UZUNO\u011eLU ERTEN   On the Distribution of the E Sound(S) in Turkish: An Elemental and Constituent Structure Analysis DR. Semra BATURAY MERAL CHAPTER 21 Changing Consumption Behavior With Covid 19 and its Effects on Environmental Pollution Assoc. Prof. G\u00f6knur EGE CHAPTER 22 Digital Divide And Africa in the Upcoming Metaverse Era: A Study on the Examples of Chad And Djibouti Assoc. Prof. G\u00f6knur EGE Mourad Meraneh YOUSSOUF Djiro DARNADJI CHAPTER 23 The Fundamental Factors Guiding Globalization Assoc. Prof. Dr. Fatma Nur YORGANCILAR ATATOPRAK CHAPTER 24 The Effect of Business Analytics on Decision Making: The Role of Learning Organization and Organizational Reputation Dr. G\u00fcnel AGHASOY Dr. P\u0131nar KAZAZ CHAPTER 25 Linearization Problems in Managerial Sciences Prof. M\u00fcnevver TURANLI, Ph.D. Kadir YILMAZ CHAPTER 26 Short-Term Impact of the Pandemic on European Stocks Dr. Emrah KELE\u015e   Understanding the Motivation of Generation Z Youth to Invest in Crypto Assets in Turkey: A Qualitative Research Dr. P\u0131nar KAZAZ Dr. G\u00fcnel AGHASOY CHAPTER 28 Systematic Structure Of Accommodation Tax Ar\u015f. G\u00f6r. Dr. Yeliz Neslihan AKIN BASA   Legitimacy, Complexity and Motives for Political Action Ass. Prof. Dr. Ali Demir<\/p>\n","protected":false},"excerpt":{"rendered":"<p>CONTENTS CHAPTER 1 Examining Nietzsche\u2019s Notion of the Eternal Recurrence Res. Asst. Ayb\u00fcke A\u015eKAR CHAPTER 2 Factors Affecting Profitability in the Banking Sector Assoc. Prof. Dr.<span class=\"excerpt-hellip\"> [\u2026]<\/span><\/p>\n","protected":false},"featured_media":0,"template":"","meta":{"_monsterinsights_skip_tracking":false,"_monsterinsights_sitenote_active":false,"_monsterinsights_sitenote_note":"","_monsterinsights_sitenote_category":0},"product_brand":[],"product_cat":[13005,40995],"product_tag":[],"class_list":{"0":"post-750374","1":"product","2":"type-product","3":"status-publish","5":"product_cat-bilim-muhendislik","6":"product_cat-sosyal-bilimler","7":"pa_cilt-ciltsiz","8":"pa_tur-kitap","9":"pa_yayinevi-platanus-publishing","10":"pa_yazar-kolektif","12":"first","13":"instock","14":"sale","15":"shipping-taxable","16":"purchasable","17":"product-type-simple"},"_links":{"self":[{"href":"https:\/\/roveyayinevi.com.tr\/index.php\/wp-json\/wp\/v2\/product\/750374","targetHints":{"allow":["GET"]}}],"collection":[{"href":"https:\/\/roveyayinevi.com.tr\/index.php\/wp-json\/wp\/v2\/product"}],"about":[{"href":"https:\/\/roveyayinevi.com.tr\/index.php\/wp-json\/wp\/v2\/types\/product"}],"wp:attachment":[{"href":"https:\/\/roveyayinevi.com.tr\/index.php\/wp-json\/wp\/v2\/media?parent=750374"}],"wp:term":[{"taxonomy":"product_brand","embeddable":true,"href":"https:\/\/roveyayinevi.com.tr\/index.php\/wp-json\/wp\/v2\/product_brand?post=750374"},{"taxonomy":"product_cat","embeddable":true,"href":"https:\/\/roveyayinevi.com.tr\/index.php\/wp-json\/wp\/v2\/product_cat?post=750374"},{"taxonomy":"product_tag","embeddable":true,"href":"https:\/\/roveyayinevi.com.tr\/index.php\/wp-json\/wp\/v2\/product_tag?post=750374"}],"curies":[{"name":"wp","href":"https:\/\/api.w.org\/{rel}","templated":true}]}}