{"id":750373,"date":"2025-08-28T04:19:14","date_gmt":"2025-08-28T01:19:14","guid":{"rendered":"https:\/\/roveyayinevi.com.tr\/index.php\/urun\/international-research-in-science-and-mathematics\/"},"modified":"2026-04-16T03:03:39","modified_gmt":"2026-04-16T00:03:39","slug":"international-research-in-science-and-mathematics","status":"publish","type":"product","link":"https:\/\/roveyayinevi.com.tr\/index.php\/urun\/international-research-in-science-and-mathematics\/","title":{"rendered":"International Research in Science and Mathematics"},"content":{"rendered":"<p>CONTENTS CHAPTER 1 Morphological Analysis of Si-Doped Czts Thin Films By Sem and Afm Ar\u015f. G\u00f6r. Canan AYTU\u011e AVA Prof Sezai ASUBAY, Ph.D CHAPTER 2 A New Approach to Superposition Operators on Some Non-Newtonian Maddox Sequence Spaces Dr. Fatmanur ERDO\u011eAN Prof. Birsen SA\u011eIR, Ph.D CHAPTER 3 Cydonia Oblonga Mill.: The Evaluation of the Leaves For Biologial and Coloring Properties as A Sustainable Fabric Dye Prof. T\u00fclin A\u015eKUN, Ph.D. Ph.D. Student P\u0131nar G\u00dcNER Prof. G\u00fclendam T\u00dcMEN, Ph.D. Prof. Fatih SATIL Ph.D. CHAPTER 4 Glutathione (Gsh-Gssg) Assistant Professor Ebru COTELI CHAPTER 5 Manipulat\u0131on of Gut Microbiota Bacter\u0131a For Therapeutic Purposes Assist. Prof. Taha CEYLANI, Ph.D   First TESS Light Curve Solution of V458 And Research Asst. O\u011fuz \u00d6ZT\u00dcRK, PhD<\/p>\n","protected":false},"excerpt":{"rendered":"<p>CONTENTS CHAPTER 1 Morphological Analysis of Si-Doped Czts Thin Films By Sem and Afm Ar\u015f. G\u00f6r. Canan AYTU\u011e AVA Prof Sezai ASUBAY, Ph.D CHAPTER 2 A<span class=\"excerpt-hellip\"> [\u2026]<\/span><\/p>\n","protected":false},"featured_media":0,"template":"","meta":{"_monsterinsights_skip_tracking":false,"_monsterinsights_sitenote_active":false,"_monsterinsights_sitenote_note":"","_monsterinsights_sitenote_category":0},"product_brand":[],"product_cat":[12573,12566],"product_tag":[],"class_list":{"0":"post-750373","1":"product","2":"type-product","3":"status-publish","5":"product_cat-akademik-kitaplar","6":"product_cat-egitim","7":"pa_cilt-ciltsiz","8":"pa_tur-kitap","9":"pa_yayinevi-platanus-publishing","10":"pa_yazar-kolektif","12":"first","13":"instock","14":"sale","15":"shipping-taxable","16":"purchasable","17":"product-type-simple"},"_links":{"self":[{"href":"https:\/\/roveyayinevi.com.tr\/index.php\/wp-json\/wp\/v2\/product\/750373","targetHints":{"allow":["GET"]}}],"collection":[{"href":"https:\/\/roveyayinevi.com.tr\/index.php\/wp-json\/wp\/v2\/product"}],"about":[{"href":"https:\/\/roveyayinevi.com.tr\/index.php\/wp-json\/wp\/v2\/types\/product"}],"wp:attachment":[{"href":"https:\/\/roveyayinevi.com.tr\/index.php\/wp-json\/wp\/v2\/media?parent=750373"}],"wp:term":[{"taxonomy":"product_brand","embeddable":true,"href":"https:\/\/roveyayinevi.com.tr\/index.php\/wp-json\/wp\/v2\/product_brand?post=750373"},{"taxonomy":"product_cat","embeddable":true,"href":"https:\/\/roveyayinevi.com.tr\/index.php\/wp-json\/wp\/v2\/product_cat?post=750373"},{"taxonomy":"product_tag","embeddable":true,"href":"https:\/\/roveyayinevi.com.tr\/index.php\/wp-json\/wp\/v2\/product_tag?post=750373"}],"curies":[{"name":"wp","href":"https:\/\/api.w.org\/{rel}","templated":true}]}}