{"id":750372,"date":"2025-08-28T04:19:13","date_gmt":"2025-08-28T01:19:13","guid":{"rendered":"https:\/\/roveyayinevi.com.tr\/index.php\/urun\/international-research-in-internal-medicine\/"},"modified":"2026-04-16T03:03:39","modified_gmt":"2026-04-16T00:03:39","slug":"international-research-in-internal-medicine","status":"publish","type":"product","link":"https:\/\/roveyayinevi.com.tr\/index.php\/urun\/international-research-in-internal-medicine\/","title":{"rendered":"International Research in Internal Medicine"},"content":{"rendered":"<p>CONTENTS CHAPTER 1 An Overview of Glucocorticoids in Internal Medicine Practice Hakan \u015eIVGIN CHAPTER 2 Decreased Post-Dialysis Serum Calcium is Related to Mortality in Hemodialysis Patients Dr. \u00d6zg\u00fcr CAN Asst Prof. Dr. G\u00fcnal BILEK CHAPTER 3 Overview and Clinical Update Of Serotonin Syndrome Asst. Prof. Dr. Yavuz Y\u00dcCEL Spec. Dr. Nor Osman SIDOW CHAPTER 4 The Chronic Care Model Dr. Lecturer Didem SARIMEHMET CHAPTER 5 Multiple Sclerosis Presenting With an Epileptic Seizure: A Coincidence or A Relapse? Assist. Prof. Mehmet BALAL, Ph.D CHAPTER 6 Effect of Altitude On Anemia Parameters in Hemodialysis Patients Dr. \u00d6zg\u00fcr CAN Assoc. Prof. Mustafa CANBAKAN Asst Prof. Dr. G\u00fcnal BILEK Dr. G\u00fcnden DE\u011eER Prof. S\u00fcheyla G\u00fcven APAYDIN, Ph.D.<\/p>\n","protected":false},"excerpt":{"rendered":"<p>CONTENTS CHAPTER 1 An Overview of Glucocorticoids in Internal Medicine Practice Hakan \u015eIVGIN CHAPTER 2 Decreased Post-Dialysis Serum Calcium is Related to Mortality in Hemodialysis Patients<span class=\"excerpt-hellip\"> [\u2026]<\/span><\/p>\n","protected":false},"featured_media":0,"template":"","meta":{"_monsterinsights_skip_tracking":false,"_monsterinsights_sitenote_active":false,"_monsterinsights_sitenote_note":"","_monsterinsights_sitenote_category":0},"product_brand":[],"product_cat":[12573,12566],"product_tag":[],"class_list":{"0":"post-750372","1":"product","2":"type-product","3":"status-publish","5":"product_cat-akademik-kitaplar","6":"product_cat-egitim","7":"pa_cilt-ciltsiz","8":"pa_tur-kitap","9":"pa_yayinevi-platanus-publishing","10":"pa_yazar-kolektif","12":"first","13":"instock","14":"sale","15":"shipping-taxable","16":"purchasable","17":"product-type-simple"},"_links":{"self":[{"href":"https:\/\/roveyayinevi.com.tr\/index.php\/wp-json\/wp\/v2\/product\/750372","targetHints":{"allow":["GET"]}}],"collection":[{"href":"https:\/\/roveyayinevi.com.tr\/index.php\/wp-json\/wp\/v2\/product"}],"about":[{"href":"https:\/\/roveyayinevi.com.tr\/index.php\/wp-json\/wp\/v2\/types\/product"}],"wp:attachment":[{"href":"https:\/\/roveyayinevi.com.tr\/index.php\/wp-json\/wp\/v2\/media?parent=750372"}],"wp:term":[{"taxonomy":"product_brand","embeddable":true,"href":"https:\/\/roveyayinevi.com.tr\/index.php\/wp-json\/wp\/v2\/product_brand?post=750372"},{"taxonomy":"product_cat","embeddable":true,"href":"https:\/\/roveyayinevi.com.tr\/index.php\/wp-json\/wp\/v2\/product_cat?post=750372"},{"taxonomy":"product_tag","embeddable":true,"href":"https:\/\/roveyayinevi.com.tr\/index.php\/wp-json\/wp\/v2\/product_tag?post=750372"}],"curies":[{"name":"wp","href":"https:\/\/api.w.org\/{rel}","templated":true}]}}