{"id":750369,"date":"2025-08-28T04:19:11","date_gmt":"2025-08-28T01:19:11","guid":{"rendered":"https:\/\/roveyayinevi.com.tr\/index.php\/urun\/international-research-in-education-sciences\/"},"modified":"2026-04-16T03:03:39","modified_gmt":"2026-04-16T00:03:39","slug":"international-research-in-education-sciences","status":"publish","type":"product","link":"https:\/\/roveyayinevi.com.tr\/index.php\/urun\/international-research-in-education-sciences\/","title":{"rendered":"International Research in Education Sciences"},"content":{"rendered":"<p>CONTENTS CHAPTER 1 School-Wide Enrichment Model (Sem): A Critical Evaluation Within the Framework of Curricular Theories Ak\u0131n METL\u0130 CHAPTER 2 Improving Learner Autonomy Concepts For Omani Higher Education Institutions: Sultan Qaboos University as A Case Study Dr.Nour Eldin Mohamed ELSHAIEKH Dr.Sallam Marhoon Salam AL-YAARAB Dr.Mazin Ahmed Mohamed BILAIL CHAPTER 3 Comparison of Micro-Teaching and Instructional Skills Workshop (Isw) in Teacher Training Asst. Prof. Dr. Kaan G\u00dcNEY CHAPTER 4 Translanguaging Pedagogies in Efl vs Turkish as Sl Classes in Turkish University Context Dr. Emel KUCUKALI Asst. Prof. Dr. Dilara KO\u00c7BA\u015e CHAPTER 5 Examining Formulaic Expressions in Terms Of Context in Teaching Turkish as A Foreign Language Do\u00e7. Dr. Funda UZDU YILDIZ Bihter Sena \u00d6ZCAN CHAPTER 6 A Review on the Use of Translation Tasks and Tests in Assessing L2 Learners\u2019 Writing Performance Dr. \u00d6\u011fr. \u00dcyesi Nil\u00fcfer AYB\u0130RD\u0130 CHAPTER 7 Visiting Nomophobia for Online Distance Learners Nazife \u015eEN ERSOY, Ph.D.<\/p>\n","protected":false},"excerpt":{"rendered":"<p>CONTENTS CHAPTER 1 School-Wide Enrichment Model (Sem): A Critical Evaluation Within the Framework of Curricular Theories Ak\u0131n METL\u0130 CHAPTER 2 Improving Learner Autonomy Concepts For Omani<span class=\"excerpt-hellip\"> [\u2026]<\/span><\/p>\n","protected":false},"featured_media":0,"template":"","meta":{"_monsterinsights_skip_tracking":false,"_monsterinsights_sitenote_active":false,"_monsterinsights_sitenote_note":"","_monsterinsights_sitenote_category":0},"product_brand":[],"product_cat":[12573,12566],"product_tag":[],"class_list":{"0":"post-750369","1":"product","2":"type-product","3":"status-publish","5":"product_cat-akademik-kitaplar","6":"product_cat-egitim","7":"pa_cilt-ciltsiz","8":"pa_tur-kitap","9":"pa_yayinevi-platanus-publishing","10":"pa_yazar-kolektif","12":"first","13":"instock","14":"sale","15":"shipping-taxable","16":"purchasable","17":"product-type-simple"},"_links":{"self":[{"href":"https:\/\/roveyayinevi.com.tr\/index.php\/wp-json\/wp\/v2\/product\/750369","targetHints":{"allow":["GET"]}}],"collection":[{"href":"https:\/\/roveyayinevi.com.tr\/index.php\/wp-json\/wp\/v2\/product"}],"about":[{"href":"https:\/\/roveyayinevi.com.tr\/index.php\/wp-json\/wp\/v2\/types\/product"}],"wp:attachment":[{"href":"https:\/\/roveyayinevi.com.tr\/index.php\/wp-json\/wp\/v2\/media?parent=750369"}],"wp:term":[{"taxonomy":"product_brand","embeddable":true,"href":"https:\/\/roveyayinevi.com.tr\/index.php\/wp-json\/wp\/v2\/product_brand?post=750369"},{"taxonomy":"product_cat","embeddable":true,"href":"https:\/\/roveyayinevi.com.tr\/index.php\/wp-json\/wp\/v2\/product_cat?post=750369"},{"taxonomy":"product_tag","embeddable":true,"href":"https:\/\/roveyayinevi.com.tr\/index.php\/wp-json\/wp\/v2\/product_tag?post=750369"}],"curies":[{"name":"wp","href":"https:\/\/api.w.org\/{rel}","templated":true}]}}