{"id":750368,"date":"2025-08-28T04:19:10","date_gmt":"2025-08-28T01:19:10","guid":{"rendered":"https:\/\/roveyayinevi.com.tr\/index.php\/urun\/international-research-in-economics-accounting-and-public-finance\/"},"modified":"2026-04-16T03:03:39","modified_gmt":"2026-04-16T00:03:39","slug":"international-research-in-economics-accounting-and-public-finance","status":"publish","type":"product","link":"https:\/\/roveyayinevi.com.tr\/index.php\/urun\/international-research-in-economics-accounting-and-public-finance\/","title":{"rendered":"International Research in Economics, Accounting and Public Finance"},"content":{"rendered":"<p>CONTENTS CHAPTER 1 Frequency Based Causality Between Food and Energy Prices in Turkey Asst. Prof. Dr. Mesut Alper GEZER CHAPTER 2 Is the Flypaper Effect Also Valid for Social Security Institutions?: The Case of Turkey Associate Professor Dr. Mehmet BULUT Lecturer PhD. K\u00fcbra ELMALI CHAPTER 3 A Look at Competition Phenomenon Assoc. Prof. Dr. Fatma Nur YORGANCILAR ATATOPRAK CHAPTER 4 Turkey\u2019s Patenting Activity in the United States Asst. Prof. Emre EK\u0130NC\u0130 CHAPTER 5 Systematic Structure Of Accommodation Tax Ar\u015f. G\u00f6r. Dr. Yeliz Neslihan AKIN BASA CHAPTER 6 The Nexus of Housing Prices-Basic Macroeconomic Indicators in Selected Developing Countries PhD., Research Assistant, Selim Koray DEM\u0130REL PhD., Sinem KO\u00c7AK<\/p>\n","protected":false},"excerpt":{"rendered":"<p>CONTENTS CHAPTER 1 Frequency Based Causality Between Food and Energy Prices in Turkey Asst. Prof. Dr. Mesut Alper GEZER CHAPTER 2 Is the Flypaper Effect Also<span class=\"excerpt-hellip\"> [\u2026]<\/span><\/p>\n","protected":false},"featured_media":0,"template":"","meta":{"_monsterinsights_skip_tracking":false,"_monsterinsights_sitenote_active":false,"_monsterinsights_sitenote_note":"","_monsterinsights_sitenote_category":0},"product_brand":[],"product_cat":[13043,14381],"product_tag":[],"class_list":{"0":"post-750368","1":"product","2":"type-product","3":"status-publish","5":"product_cat-ekonomi","6":"product_cat-isletme-muhasebe-maliye","7":"pa_cilt-ciltsiz","8":"pa_tur-kitap","9":"pa_yayinevi-platanus-publishing","10":"pa_yazar-kolektif","12":"first","13":"instock","14":"sale","15":"shipping-taxable","16":"purchasable","17":"product-type-simple"},"_links":{"self":[{"href":"https:\/\/roveyayinevi.com.tr\/index.php\/wp-json\/wp\/v2\/product\/750368","targetHints":{"allow":["GET"]}}],"collection":[{"href":"https:\/\/roveyayinevi.com.tr\/index.php\/wp-json\/wp\/v2\/product"}],"about":[{"href":"https:\/\/roveyayinevi.com.tr\/index.php\/wp-json\/wp\/v2\/types\/product"}],"wp:attachment":[{"href":"https:\/\/roveyayinevi.com.tr\/index.php\/wp-json\/wp\/v2\/media?parent=750368"}],"wp:term":[{"taxonomy":"product_brand","embeddable":true,"href":"https:\/\/roveyayinevi.com.tr\/index.php\/wp-json\/wp\/v2\/product_brand?post=750368"},{"taxonomy":"product_cat","embeddable":true,"href":"https:\/\/roveyayinevi.com.tr\/index.php\/wp-json\/wp\/v2\/product_cat?post=750368"},{"taxonomy":"product_tag","embeddable":true,"href":"https:\/\/roveyayinevi.com.tr\/index.php\/wp-json\/wp\/v2\/product_tag?post=750368"}],"curies":[{"name":"wp","href":"https:\/\/api.w.org\/{rel}","templated":true}]}}