{"id":750367,"date":"2025-08-28T04:19:09","date_gmt":"2025-08-28T01:19:09","guid":{"rendered":"https:\/\/roveyayinevi.com.tr\/index.php\/urun\/international-research-in-dentistry\/"},"modified":"2026-04-16T03:03:39","modified_gmt":"2026-04-16T00:03:39","slug":"international-research-in-dentistry","status":"publish","type":"product","link":"https:\/\/roveyayinevi.com.tr\/index.php\/urun\/international-research-in-dentistry\/","title":{"rendered":"International Research in Dentistry"},"content":{"rendered":"<p>CONTENTS CHAPTER 1 Erythema Multiforme: A Review of Clinical Manifestations, Diagnosis, and Management Res. Assist. Tu\u011f\u00e7e G\u00dcNG\u00d6R Assoc. Prof. Bilge TAR\u00c7IN Prof. Birsay G\u00dcMR\u00dc CHAPTER 2 Retention in Orthodontics Assist. Prof. Esra \u00c7\u0130F\u00c7\u0130 \u00d6ZKAN, Ph.D CHAPTER 3 A Genetic Overview of Temporomandibular Disorders Assist. Prof. Serkan YILDIZ, Ph.D CHAPTER 4 Alveolar Bone Resorption Assist. Prof. Zeynep Dilan ORHAN, Ph.D. Assoc. Prof. Levent C\u0130\u011eER\u0130M, Ph.D. DDS Mohammad ALSMADI CHAPTER 5 Pain and Dental Anxiety Assist. Prof. Zeynep Dilan ORHAN, Ph.D. Assoc. Prof. Levent C\u0130\u011eER\u0130M, Ph.D. DDS Mohammad ALSMADI. CHAPTER 6 Toothpaste: Overview Asistant Professor Hasibe Sevilay BAHADIR Specialist Dentist Selin POLATO\u011eLU   Dental Plaque Diagnosis and Imaging Methods Res. Assist. Dt. Simge ME\u015eEL\u0130 Assoc. Prof. Bora KORKUT, Ph.D. Prof. Dilek TA\u011eTEK\u0130N, Ph.D. CHAPTER 8 The Management of Transverse Maxillary Deficiency With Rapid Maxillary Expansion Uzm. Dt. Soukrie SEKERTZI (\u015e\u00fckriye \u015eEKERC\u0130)<\/p>\n","protected":false},"excerpt":{"rendered":"<p>CONTENTS CHAPTER 1 Erythema Multiforme: A Review of Clinical Manifestations, Diagnosis, and Management Res. Assist. Tu\u011f\u00e7e G\u00dcNG\u00d6R Assoc. Prof. Bilge TAR\u00c7IN Prof. Birsay G\u00dcMR\u00dc CHAPTER 2<span class=\"excerpt-hellip\"> [\u2026]<\/span><\/p>\n","protected":false},"featured_media":0,"template":"","meta":{"_monsterinsights_skip_tracking":false,"_monsterinsights_sitenote_active":false,"_monsterinsights_sitenote_note":"","_monsterinsights_sitenote_category":0},"product_brand":[],"product_cat":[12573,12566],"product_tag":[],"class_list":{"0":"post-750367","1":"product","2":"type-product","3":"status-publish","5":"product_cat-akademik-kitaplar","6":"product_cat-egitim","7":"pa_cilt-ciltsiz","8":"pa_tur-kitap","9":"pa_yayinevi-platanus-publishing","10":"pa_yazar-kolektif","12":"first","13":"instock","14":"sale","15":"shipping-taxable","16":"purchasable","17":"product-type-simple"},"_links":{"self":[{"href":"https:\/\/roveyayinevi.com.tr\/index.php\/wp-json\/wp\/v2\/product\/750367","targetHints":{"allow":["GET"]}}],"collection":[{"href":"https:\/\/roveyayinevi.com.tr\/index.php\/wp-json\/wp\/v2\/product"}],"about":[{"href":"https:\/\/roveyayinevi.com.tr\/index.php\/wp-json\/wp\/v2\/types\/product"}],"wp:attachment":[{"href":"https:\/\/roveyayinevi.com.tr\/index.php\/wp-json\/wp\/v2\/media?parent=750367"}],"wp:term":[{"taxonomy":"product_brand","embeddable":true,"href":"https:\/\/roveyayinevi.com.tr\/index.php\/wp-json\/wp\/v2\/product_brand?post=750367"},{"taxonomy":"product_cat","embeddable":true,"href":"https:\/\/roveyayinevi.com.tr\/index.php\/wp-json\/wp\/v2\/product_cat?post=750367"},{"taxonomy":"product_tag","embeddable":true,"href":"https:\/\/roveyayinevi.com.tr\/index.php\/wp-json\/wp\/v2\/product_tag?post=750367"}],"curies":[{"name":"wp","href":"https:\/\/api.w.org\/{rel}","templated":true}]}}