{"id":750365,"date":"2025-08-28T04:19:07","date_gmt":"2025-08-28T01:19:07","guid":{"rendered":"https:\/\/roveyayinevi.com.tr\/index.php\/urun\/international-research-in-agriculture-forestry-and-aquaculture-sciences\/"},"modified":"2026-04-16T03:03:39","modified_gmt":"2026-04-16T00:03:39","slug":"international-research-in-agriculture-forestry-and-aquaculture-sciences","status":"publish","type":"product","link":"https:\/\/roveyayinevi.com.tr\/index.php\/urun\/international-research-in-agriculture-forestry-and-aquaculture-sciences\/","title":{"rendered":"International Research in Agriculture, Forestry and Aquaculture Sciences"},"content":{"rendered":"<p>CONTENTS CHAPTER 1 Field Crops and Sustainable Agriculture Practices Research Assistant G\u00f6zde Hafize YILDIRIM Prof. Nuri YILMAZ, Ph.D CHAPTER 2 Agronomic Biofortification Of Food Crops By Microelements For Quality Nutrition Dr. Aise DEL\u0130BORAN CHAPTER 3 Role Of Wood Vinegar \u0130n Plant Growth Regulation And Abiotic Stress Tolerance:An Overview Assoc. Prof. Dr. \u0130lkay YAVA\u015e Ms. Attiqa RAHMAN Assist. Prof. Dr. Saddam HUSSAIN CHAPTER 4 Biochar Application Under Heavy Metal Stresses: Overview and Implications Assoc. Prof. Dr. \u0130lkay YAVA\u015e Mr. Kaleem ul D\u0130N Assoc. Prof. Dr. Saddam HUSSAIN CHAPTER 5 Artificial Intelligence and Smart Farming Applications in Agricultural Machinery Ko\u00e7 Mehmet TU\u011eRUL CHAPTER 6 Et (Evapotranspiration) Controller-Based Irrigation Management In Semi-Arid Agricultural Areas Dr. Eser \u00c7EL\u0130KTOPUZ   An Examination of The Evaluation of the in-Forest Recreation Potential of Yozgat Camlik National Park Mas. Land. Arch. Aykut R\u00dcZGAR Prof. Metin DEM\u0130R Ph.D Land. Arch. Halit KO\u00c7AK CHAPTER 8 Evaluation of the Outdoor Recreational Potential of Yozgat Fatih Nature Park According to the Gulez Method Land. Arch. Halit KO\u00c7AK Mas. Land. Arch. Aykut R\u00dcZGAR CHAPTER 9 Use of Renewable Energy Resources For Agricultural Production in T\u00fcrkiye Emine YILMAZ Deniz \u00c7a\u011fla BAL G\u00fclen \u00d6ZDEM\u0130R CHAPTER 10 Hydroponic Feed Production and Sustainability C\u00fcneyt TEM\u00dcR R\u0131dvan BAYRAM CHAPTER 11 Oxidation-Reduction Potential and Heavy Metals in Aquatic Systems Prof. Ay\u015fe G\u00dcNDO\u011eDU, Ph.D.<\/p>\n","protected":false},"excerpt":{"rendered":"<p>CONTENTS CHAPTER 1 Field Crops and Sustainable Agriculture Practices Research Assistant G\u00f6zde Hafize YILDIRIM Prof. Nuri YILMAZ, Ph.D CHAPTER 2 Agronomic Biofortification Of Food Crops By<span class=\"excerpt-hellip\"> [\u2026]<\/span><\/p>\n","protected":false},"featured_media":0,"template":"","meta":{"_monsterinsights_skip_tracking":false,"_monsterinsights_sitenote_active":false,"_monsterinsights_sitenote_note":"","_monsterinsights_sitenote_category":0},"product_brand":[],"product_cat":[12573,12566],"product_tag":[],"class_list":{"0":"post-750365","1":"product","2":"type-product","3":"status-publish","5":"product_cat-akademik-kitaplar","6":"product_cat-egitim","7":"pa_cilt-ciltsiz","8":"pa_tur-kitap","9":"pa_yayinevi-platanus-publishing","10":"pa_yazar-kolektif","12":"first","13":"instock","14":"sale","15":"shipping-taxable","16":"purchasable","17":"product-type-simple"},"_links":{"self":[{"href":"https:\/\/roveyayinevi.com.tr\/index.php\/wp-json\/wp\/v2\/product\/750365","targetHints":{"allow":["GET"]}}],"collection":[{"href":"https:\/\/roveyayinevi.com.tr\/index.php\/wp-json\/wp\/v2\/product"}],"about":[{"href":"https:\/\/roveyayinevi.com.tr\/index.php\/wp-json\/wp\/v2\/types\/product"}],"wp:attachment":[{"href":"https:\/\/roveyayinevi.com.tr\/index.php\/wp-json\/wp\/v2\/media?parent=750365"}],"wp:term":[{"taxonomy":"product_brand","embeddable":true,"href":"https:\/\/roveyayinevi.com.tr\/index.php\/wp-json\/wp\/v2\/product_brand?post=750365"},{"taxonomy":"product_cat","embeddable":true,"href":"https:\/\/roveyayinevi.com.tr\/index.php\/wp-json\/wp\/v2\/product_cat?post=750365"},{"taxonomy":"product_tag","embeddable":true,"href":"https:\/\/roveyayinevi.com.tr\/index.php\/wp-json\/wp\/v2\/product_tag?post=750365"}],"curies":[{"name":"wp","href":"https:\/\/api.w.org\/{rel}","templated":true}]}}