{"id":750364,"date":"2025-08-28T04:19:06","date_gmt":"2025-08-28T01:19:06","guid":{"rendered":"https:\/\/roveyayinevi.com.tr\/index.php\/urun\/ilahiyat-alaninda-uluslararasi-arastirmalar\/"},"modified":"2026-04-16T03:03:39","modified_gmt":"2026-04-16T00:03:39","slug":"ilahiyat-alaninda-uluslararasi-arastirmalar","status":"publish","type":"product","link":"https:\/\/roveyayinevi.com.tr\/index.php\/urun\/ilahiyat-alaninda-uluslararasi-arastirmalar\/","title":{"rendered":"\u0130lahiyat Alan\u0131nda Uluslararas\u0131 Ara\u015ft\u0131rmalar"},"content":{"rendered":"<p>\u0130\u00c7\u0130NDEK\u0130LER B\u00d6L\u00dcM 1 Din Bilimlerinde Karma Y\u00f6ntem Ara\u015ft\u0131rmalar\u0131 Dr. \u00d6\u011fr. \u00dcyesi Yasemin ANGIN B\u00d6L\u00dcM 2 Ergenlik D\u00f6nemi Geli\u015fim \u00d6zellikleri Ba\u011flam\u0131nda \u0130ki Farkl\u0131 Olgunun Kar\u015f\u0131la\u015ft\u0131r\u0131lmas\u0131 Dr. \u00d6\u011fr. \u00dcyesi Yasemin ANGIN B\u00d6L\u00dcM 3 Eb\u00fcssu\u2018\u00dbd Efendi\u2019nin Hukuk\u00ee D\u00fczenlemeleri Do\u00e7. Dr. Hilal \u00d6ZAY B\u00d6L\u00dcM 4 Irak B\u00fcveyh\u00eelerinde Sosyal Hayat Dr. \u00d6\u011fretim \u00dcyesi Kadir ERB\u0130L B\u00d6L\u00dcM 5 Depremzedelere Y\u00f6nelik Dini ve Manevi Dani\u015fmanlik Uygulamalar\u0131 Dr. \u00d6\u011fretim \u00dcyesi \u0130lyas P\u00dcR B\u00d6L\u00dcM 6 Mevlevi \u015eair Misl\u00ee\u2019nin \u015eiirlerinde Ahl\u00e2k ve Tasavvuf De\u011ferleri Dr. \u00d6\u011fr. \u00dcy. G\u00fclcan ABBASO\u011eULLARI B\u00d6L\u00dcM 7 Hz. Peygamber\u2019in (S.A.S) Hayat\u0131nda \u00c7evre Bilinci Dr. \u00d6\u011fretim \u00dcyesi Necati AYKON B\u00d6L\u00dcM 8 Bey\u00e2n\u00ee Tefsir Metodu -S\u00e2m\u00ee Muhammed Hi\u015f\u00e2m Hureyz \u00d6rne\u011fi- Dr. \u00d6\u011fr. \u00dcyesi \u0130zzet MARANGOZO\u011eLU B\u00d6L\u00dcM 9 \u0130lahi Dinlerde Evlilikte Kef\u00e2et (Denklik) Meselesi Do\u00e7. Dr. Emine G\u00dcM\u00dc\u015e B\u00d6KE<\/p>\n","protected":false},"excerpt":{"rendered":"<p>\u0130\u00c7\u0130NDEK\u0130LER B\u00d6L\u00dcM 1 Din Bilimlerinde Karma Y\u00f6ntem Ara\u015ft\u0131rmalar\u0131 Dr. \u00d6\u011fr. \u00dcyesi Yasemin ANGIN B\u00d6L\u00dcM 2 Ergenlik D\u00f6nemi Geli\u015fim \u00d6zellikleri Ba\u011flam\u0131nda \u0130ki Farkl\u0131 Olgunun Kar\u015f\u0131la\u015ft\u0131r\u0131lmas\u0131 Dr. \u00d6\u011fr.<span class=\"excerpt-hellip\"> [\u2026]<\/span><\/p>\n","protected":false},"featured_media":0,"template":"","meta":{"_monsterinsights_skip_tracking":false,"_monsterinsights_sitenote_active":false,"_monsterinsights_sitenote_note":"","_monsterinsights_sitenote_category":0},"product_brand":[],"product_cat":[12573,12566],"product_tag":[],"class_list":{"0":"post-750364","1":"product","2":"type-product","3":"status-publish","5":"product_cat-akademik-kitaplar","6":"product_cat-egitim","7":"pa_cilt-ciltsiz","8":"pa_tur-kitap","9":"pa_yayinevi-platanus-publishing","10":"pa_yazar-kolektif","12":"first","13":"instock","14":"sale","15":"shipping-taxable","16":"purchasable","17":"product-type-simple"},"_links":{"self":[{"href":"https:\/\/roveyayinevi.com.tr\/index.php\/wp-json\/wp\/v2\/product\/750364","targetHints":{"allow":["GET"]}}],"collection":[{"href":"https:\/\/roveyayinevi.com.tr\/index.php\/wp-json\/wp\/v2\/product"}],"about":[{"href":"https:\/\/roveyayinevi.com.tr\/index.php\/wp-json\/wp\/v2\/types\/product"}],"wp:attachment":[{"href":"https:\/\/roveyayinevi.com.tr\/index.php\/wp-json\/wp\/v2\/media?parent=750364"}],"wp:term":[{"taxonomy":"product_brand","embeddable":true,"href":"https:\/\/roveyayinevi.com.tr\/index.php\/wp-json\/wp\/v2\/product_brand?post=750364"},{"taxonomy":"product_cat","embeddable":true,"href":"https:\/\/roveyayinevi.com.tr\/index.php\/wp-json\/wp\/v2\/product_cat?post=750364"},{"taxonomy":"product_tag","embeddable":true,"href":"https:\/\/roveyayinevi.com.tr\/index.php\/wp-json\/wp\/v2\/product_tag?post=750364"}],"curies":[{"name":"wp","href":"https:\/\/api.w.org\/{rel}","templated":true}]}}