{"id":750363,"date":"2025-08-28T04:19:04","date_gmt":"2025-08-28T01:19:04","guid":{"rendered":"https:\/\/roveyayinevi.com.tr\/index.php\/urun\/iktisat-muhasebe-ve-maliye-alaninda-uluslararasi-arastirmalar\/"},"modified":"2026-04-16T03:03:39","modified_gmt":"2026-04-16T00:03:39","slug":"iktisat-muhasebe-ve-maliye-alaninda-uluslararasi-arastirmalar","status":"publish","type":"product","link":"https:\/\/roveyayinevi.com.tr\/index.php\/urun\/iktisat-muhasebe-ve-maliye-alaninda-uluslararasi-arastirmalar\/","title":{"rendered":"\u0130ktisat, Muhasebe ve Maliye Alan\u0131nda Uluslararas\u0131 Ara\u015ft\u0131rmalar"},"content":{"rendered":"<p>\u0130\u00c7\u0130NDEK\u0130LER B\u00d6L\u00dcM 1 Piyasa Su\u00e7lar\u0131 ve Piyasa Bozucu Eylemler Dr. Osman Bahad\u0131r S\u0130NAN B\u00d6L\u00dcM 2 \u0130\u015fsizlik ve Enflasyon \u0130li\u015fkisi: T\u00fcrkiye Ve Brezilya \u0130\u00e7in Bir Phillips E\u011frisi Analizi Dr. \u00d6\u011fr \u00dcyesi Hilal \u015eEKER B\u00d6L\u00dcM 3 Kar\u015f\u0131l\u0131klar Y\u00f6netmeli\u011fi Kapsam\u0131nda Sorunlu Krediler (Donuk Alacaklar): Bankalarca Uygulanacak Tekd\u00fczen Hesap Plan\u0131 Uyar\u0131nca Muhasebele\u015ftirilmesi Dr. \u00d6\u011fr. \u00dcyesi \u0130brahim YAVUZ B\u00d6L\u00dcM 4 Enflasyon Vergisi ve T\u00fcrkiye\u2019de Pandemi D\u00f6neminde Enflasyon Vergisinin \u00dccretliler \u00dczerinden Etkilerini Azaltmaya Y\u00f6nelik Vergi \u0130stisnalar\u0131 Dr. \u00d6\u011fretim \u00dcyesi \u00d6zg\u00fcr Mustafa \u00d6M\u00dcR: B\u00d6L\u00dcM 5 Ab-\u00c7in Ticaret \u0130li\u015fkilerinde Yeni Paradigma Tart\u0131\u015fmas\u0131 Dr.\u00d6\u011fr. \u00dcyesi G\u00fcl\u00e7in Elif Y\u00dcCEL B\u00d6L\u00dcM 6 Finansal S\u0131k\u0131nt\u0131 Tahminlemesinde Analitik Y\u00f6ntemler: K\u0131r\u0131lgan Be\u015fli \u00dclkeleri \u00dczerine Bir Analiz Dr.\u00d6\u011fr. \u00dcyesi Onur \u00d6ZEV\u0130N<\/p>\n","protected":false},"excerpt":{"rendered":"<p>\u0130\u00c7\u0130NDEK\u0130LER B\u00d6L\u00dcM 1 Piyasa Su\u00e7lar\u0131 ve Piyasa Bozucu Eylemler Dr. Osman Bahad\u0131r S\u0130NAN B\u00d6L\u00dcM 2 \u0130\u015fsizlik ve Enflasyon \u0130li\u015fkisi: T\u00fcrkiye Ve Brezilya \u0130\u00e7in Bir Phillips E\u011frisi<span class=\"excerpt-hellip\"> [\u2026]<\/span><\/p>\n","protected":false},"featured_media":0,"template":"","meta":{"_monsterinsights_skip_tracking":false,"_monsterinsights_sitenote_active":false,"_monsterinsights_sitenote_note":"","_monsterinsights_sitenote_category":0},"product_brand":[],"product_cat":[13043,14381],"product_tag":[],"class_list":{"0":"post-750363","1":"product","2":"type-product","3":"status-publish","5":"product_cat-ekonomi","6":"product_cat-isletme-muhasebe-maliye","7":"pa_cilt-ciltsiz","8":"pa_tur-kitap","9":"pa_yayinevi-platanus-publishing","10":"pa_yazar-kolektif","12":"first","13":"instock","14":"sale","15":"shipping-taxable","16":"purchasable","17":"product-type-simple"},"_links":{"self":[{"href":"https:\/\/roveyayinevi.com.tr\/index.php\/wp-json\/wp\/v2\/product\/750363","targetHints":{"allow":["GET"]}}],"collection":[{"href":"https:\/\/roveyayinevi.com.tr\/index.php\/wp-json\/wp\/v2\/product"}],"about":[{"href":"https:\/\/roveyayinevi.com.tr\/index.php\/wp-json\/wp\/v2\/types\/product"}],"wp:attachment":[{"href":"https:\/\/roveyayinevi.com.tr\/index.php\/wp-json\/wp\/v2\/media?parent=750363"}],"wp:term":[{"taxonomy":"product_brand","embeddable":true,"href":"https:\/\/roveyayinevi.com.tr\/index.php\/wp-json\/wp\/v2\/product_brand?post=750363"},{"taxonomy":"product_cat","embeddable":true,"href":"https:\/\/roveyayinevi.com.tr\/index.php\/wp-json\/wp\/v2\/product_cat?post=750363"},{"taxonomy":"product_tag","embeddable":true,"href":"https:\/\/roveyayinevi.com.tr\/index.php\/wp-json\/wp\/v2\/product_tag?post=750363"}],"curies":[{"name":"wp","href":"https:\/\/api.w.org\/{rel}","templated":true}]}}