{"id":750361,"date":"2025-08-28T04:19:02","date_gmt":"2025-08-28T01:19:02","guid":{"rendered":"https:\/\/roveyayinevi.com.tr\/index.php\/urun\/hemsirelik-ve-ebelik-alaninda-uluslararasi-arastirmalar\/"},"modified":"2026-04-16T03:03:39","modified_gmt":"2026-04-16T00:03:39","slug":"hemsirelik-ve-ebelik-alaninda-uluslararasi-arastirmalar","status":"publish","type":"product","link":"https:\/\/roveyayinevi.com.tr\/index.php\/urun\/hemsirelik-ve-ebelik-alaninda-uluslararasi-arastirmalar\/","title":{"rendered":"Hem\u015firelik ve Ebelik Alan\u0131nda Uluslararas\u0131 Ara\u015ft\u0131rmalar"},"content":{"rendered":"<p>Agresif Hasta Davran\u0131\u015flar\u0131n\u0131 \u00d6nceden Tahmin Etmek \u00d6\u011fr. G\u00f6r. Fatma BO\u011eAN Do\u00e7. Dr. Birg\u00fcl \u00d6ZKAN6 B\u00d6L\u00dcM 2 El Hijyeni ve El Y\u0131kama \u00d6\u011fr. G\u00f6r. Dr. Yadigar ORDU B\u00d6L\u00dcM 3 Primer Dismenore A\u011fri\u0131Y\u00f6netiminde Kullan\u0131lan Non-Farmakolojik Uygulamalar Ebe B\u00fc\u015fra KORKMAZ YAPICI Do\u00e7. Dr. Semiha AYDIN \u00d6ZKAN B\u00d6L\u00dcM 4 Kadina Y\u00f6nelik Cinsiyet Temelli \u015eiddet Uygulamalar\u0131 ve Etik Dr. \u00d6\u011fretim \u00dcyesi Ay\u015feg\u00fcl KILI\u00c7LI B\u00d6L\u00dcM 5 D\u00fcnyada ve T\u00fcrkiye\u2019de Ya\u015fl\u0131 Ayr\u0131mc\u0131l\u0131\u011f\u0131 Sorunlar\u0131 ve Al\u0131nmas\u0131 Gereken \u00d6nlemler Dr. \u00d6\u011fretim \u00dcyesi Ay\u015feg\u00fcl KILI\u00c7LI Prof. Dr. Simge ZEYNELO\u011eLU Ad\u00f6lesanlarda Alkol Kullan\u0131m\u0131n\u0131 \u00d6nlemeye Y\u00f6nelik Teknoloji Tabanl\u0131 M\u00fcdahaleler: Literat\u00fcr\u00fcn G\u00f6zden Ge\u00e7irilmesi \u00d6\u011fr.G\u00f6r.Melek KILI\u00c7<\/p>\n","protected":false},"excerpt":{"rendered":"<p>Agresif Hasta Davran\u0131\u015flar\u0131n\u0131 \u00d6nceden Tahmin Etmek \u00d6\u011fr. G\u00f6r. Fatma BO\u011eAN Do\u00e7. Dr. Birg\u00fcl \u00d6ZKAN6 B\u00d6L\u00dcM 2 El Hijyeni ve El Y\u0131kama \u00d6\u011fr. G\u00f6r. Dr. Yadigar ORDU<span class=\"excerpt-hellip\"> [\u2026]<\/span><\/p>\n","protected":false},"featured_media":0,"template":"","meta":{"_monsterinsights_skip_tracking":false,"_monsterinsights_sitenote_active":false,"_monsterinsights_sitenote_note":"","_monsterinsights_sitenote_category":0},"product_brand":[],"product_cat":[12573,12566],"product_tag":[],"class_list":{"0":"post-750361","1":"product","2":"type-product","3":"status-publish","5":"product_cat-akademik-kitaplar","6":"product_cat-egitim","7":"pa_cilt-ciltsiz","8":"pa_tur-kitap","9":"pa_yayinevi-platanus-publishing","10":"pa_yazar-kolektif","12":"first","13":"instock","14":"sale","15":"shipping-taxable","16":"purchasable","17":"product-type-simple"},"_links":{"self":[{"href":"https:\/\/roveyayinevi.com.tr\/index.php\/wp-json\/wp\/v2\/product\/750361","targetHints":{"allow":["GET"]}}],"collection":[{"href":"https:\/\/roveyayinevi.com.tr\/index.php\/wp-json\/wp\/v2\/product"}],"about":[{"href":"https:\/\/roveyayinevi.com.tr\/index.php\/wp-json\/wp\/v2\/types\/product"}],"wp:attachment":[{"href":"https:\/\/roveyayinevi.com.tr\/index.php\/wp-json\/wp\/v2\/media?parent=750361"}],"wp:term":[{"taxonomy":"product_brand","embeddable":true,"href":"https:\/\/roveyayinevi.com.tr\/index.php\/wp-json\/wp\/v2\/product_brand?post=750361"},{"taxonomy":"product_cat","embeddable":true,"href":"https:\/\/roveyayinevi.com.tr\/index.php\/wp-json\/wp\/v2\/product_cat?post=750361"},{"taxonomy":"product_tag","embeddable":true,"href":"https:\/\/roveyayinevi.com.tr\/index.php\/wp-json\/wp\/v2\/product_tag?post=750361"}],"curies":[{"name":"wp","href":"https:\/\/api.w.org\/{rel}","templated":true}]}}