{"id":750360,"date":"2025-08-28T04:19:01","date_gmt":"2025-08-28T01:19:01","guid":{"rendered":"https:\/\/roveyayinevi.com.tr\/index.php\/urun\/guzel-sanatlar-alaninda-uluslararasi-arastirmalar\/"},"modified":"2026-04-16T03:03:39","modified_gmt":"2026-04-16T00:03:39","slug":"guzel-sanatlar-alaninda-uluslararasi-arastirmalar","status":"publish","type":"product","link":"https:\/\/roveyayinevi.com.tr\/index.php\/urun\/guzel-sanatlar-alaninda-uluslararasi-arastirmalar\/","title":{"rendered":"G\u00fczel Sanatlar Alan\u0131nda Uluslararas\u0131 Ara\u015ft\u0131rmalar"},"content":{"rendered":"<p>\u0130\u00c7\u0130NDEK\u0130LER B\u00d6L\u00dcM 1 Hicaz Ekol\u00fc M\u00fczi\u011fin \u0130lk Y\u00fczy\u0131l\u0131 Do\u00e7. Dr. Recep USLU B\u00d6L\u00dcM 2 Amerikan Tiyatrosu\u2019nun \u00d6nemli \u0130ki Yazar\u0131 Arthur Miller ve Sam Shepard\u2019in &#8216;Vah\u015fi Bat\u0131&#8217; ve &#8216;Sat\u0131c\u0131n\u0131n \u00d6l\u00fcm\u00fc&#8217; Oyunlar\u0131nda Kahraman\u0131n Y\u00f6neli\u015fi \u00dczerine Kar\u015f\u0131la\u015ft\u0131rmal\u0131 Bir De\u011ferlendirme \u00d6\u011fr. G\u00f6r. Kerim D\u00dcNDAR B\u00d6L\u00dcM 3 B\u00fct\u00fcn Zamanlar\u0131n En B\u00fcy\u00fck Ele\u015ftirmeni Gotthold Ephrahim Lessing \u00d6\u011fr. G\u00f6r. Kerim D\u00dcNDAR B\u00d6L\u00dcM 4 Bi\u00e7imsel A\u00e7\u0131dan Tatyan Havalar\u0131 Dr. \u00d6\u011fr. \u00dcyesi Kubilay YILMAZ B\u00d6L\u00dcM 5 Bir Notan\u0131n Akor Kombinasyonlar\u0131 Dr. \u00d6\u011fr. \u00dcyesi Okay \u00d6ZDA\u011e B\u00d6L\u00dcM 6 Mimetik Sanat Kuram\u0131 Ba\u011flam\u0131nda Yapay Zek\u00e2 Resimleri Dr. H\u00fcseyin BARAN B\u00d6L\u00dcM 7 Ses Alanlar\u0131n\u0131n Okul \u015eark\u0131lar\u0131na Uyumu Durumlar\u0131 Dr. \u00d6\u011fr. \u00dcyesi Ali KALKAN B\u00d6L\u00dcM 8 Oyun ve Oyuncaklara Sanatsal Bak\u0131\u015f \u00d6\u011fr. G\u00f6r. Sevil YILMAZ AYKUL B\u00d6L\u00dcM 9 1980-2000 Y\u0131llar\u0131 Aras\u0131nda T\u00fcrk Sinemas\u0131nda K\u00fcrt Kad\u0131n Temsiline Ayk\u0131r\u0131 \u00d6rnek: Hakkari\u2019de Bir Mevsim Filmi \u00dczerine Bir \u0130nceleme Dr. \u00d6\u011fr. \u00dcyesi Yektanur\u015fin DUYAN<\/p>\n","protected":false},"excerpt":{"rendered":"<p>\u0130\u00c7\u0130NDEK\u0130LER B\u00d6L\u00dcM 1 Hicaz Ekol\u00fc M\u00fczi\u011fin \u0130lk Y\u00fczy\u0131l\u0131 Do\u00e7. Dr. Recep USLU B\u00d6L\u00dcM 2 Amerikan Tiyatrosu\u2019nun \u00d6nemli \u0130ki Yazar\u0131 Arthur Miller ve Sam Shepard\u2019in &#8216;Vah\u015fi Bat\u0131&#8217;<span class=\"excerpt-hellip\"> [\u2026]<\/span><\/p>\n","protected":false},"featured_media":0,"template":"","meta":{"_monsterinsights_skip_tracking":false,"_monsterinsights_sitenote_active":false,"_monsterinsights_sitenote_note":"","_monsterinsights_sitenote_category":0},"product_brand":[],"product_cat":[12573,12566],"product_tag":[],"class_list":{"0":"post-750360","1":"product","2":"type-product","3":"status-publish","5":"product_cat-akademik-kitaplar","6":"product_cat-egitim","7":"pa_cilt-ciltsiz","8":"pa_tur-kitap","9":"pa_yayinevi-platanus-publishing","10":"pa_yazar-kolektif","12":"first","13":"instock","14":"sale","15":"shipping-taxable","16":"purchasable","17":"product-type-simple"},"_links":{"self":[{"href":"https:\/\/roveyayinevi.com.tr\/index.php\/wp-json\/wp\/v2\/product\/750360","targetHints":{"allow":["GET"]}}],"collection":[{"href":"https:\/\/roveyayinevi.com.tr\/index.php\/wp-json\/wp\/v2\/product"}],"about":[{"href":"https:\/\/roveyayinevi.com.tr\/index.php\/wp-json\/wp\/v2\/types\/product"}],"wp:attachment":[{"href":"https:\/\/roveyayinevi.com.tr\/index.php\/wp-json\/wp\/v2\/media?parent=750360"}],"wp:term":[{"taxonomy":"product_brand","embeddable":true,"href":"https:\/\/roveyayinevi.com.tr\/index.php\/wp-json\/wp\/v2\/product_brand?post=750360"},{"taxonomy":"product_cat","embeddable":true,"href":"https:\/\/roveyayinevi.com.tr\/index.php\/wp-json\/wp\/v2\/product_cat?post=750360"},{"taxonomy":"product_tag","embeddable":true,"href":"https:\/\/roveyayinevi.com.tr\/index.php\/wp-json\/wp\/v2\/product_tag?post=750360"}],"curies":[{"name":"wp","href":"https:\/\/api.w.org\/{rel}","templated":true}]}}