{"id":750359,"date":"2025-08-28T04:19:00","date_gmt":"2025-08-28T01:19:00","guid":{"rendered":"https:\/\/roveyayinevi.com.tr\/index.php\/urun\/finans-bankacilik-ve-sigortacilik-alaninda-uluslararasi-arastirmalar\/"},"modified":"2026-04-16T03:03:38","modified_gmt":"2026-04-16T00:03:38","slug":"finans-bankacilik-ve-sigortacilik-alaninda-uluslararasi-arastirmalar","status":"publish","type":"product","link":"https:\/\/roveyayinevi.com.tr\/index.php\/urun\/finans-bankacilik-ve-sigortacilik-alaninda-uluslararasi-arastirmalar\/","title":{"rendered":"Finans, Bankac\u0131l\u0131k ve Sigortac\u0131l\u0131k Alan\u0131nda Uluslararas\u0131 Ara\u015ft\u0131rmalar"},"content":{"rendered":"<p>\u0130\u00c7\u0130NDEK\u0130LER   B\u00d6L\u00dcM 1 Konut Sati\u015flarinda Al\u0131c\u0131 ve Sat\u0131c\u0131n\u0131n Haklar\u0131n\u0131 Koruyan (Escrow) Emanet Hesaplar Sisteminin, Bankalara Kaynak Yaratmas\u0131 ve \u0130\u015flemlerde Kay\u0131t-Di\u015fili\u011fin Azalt\u0131lmas\u0131 \u00dczerine Yat\u0131r\u0131m Bankac\u0131l\u0131\u011f\u0131 Yakla\u015f\u0131m\u0131yla Geli\u015ftirilebilecek Bir Model ve \u00d6neriler Dr.\u00d6\u011fretim \u00dcyesi B\u00fclent G\u00dcNCELER B\u00d6L\u00dcM 2 Finansal Sistemlerde Finansal Derinle\u015fme ve Yoksulluk \u0130li\u015fkisi Dr. \u00d6\u011fr. \u00dcyesi Yunus BUDAK B\u00d6L\u00dcM 3 Bankalarda Fon Transfer Fiyatlama Sistemi: \u00d6nemi, Beklentileri, Metodoloji ve Uygulama \u00d6nerileri Dr. Teoman TA\u011eTEK\u0130N B\u00d6L\u00dcM 4 Oecd \u00dclkelerinde K\u00fcreselle\u015fmenin Finansal Geli\u015fime Etkisi Do\u00e7. Dr. Kartal DEM\u0130RG\u00dcNE\u015e Dr. \u00d6\u011fr. \u00dcyesi Gizem VERG\u0130L\u0130 B\u00d6L\u00dcM 5 Havayolu Firmalarinin Finansal Performans\u0131n\u0131n Entropi Tabanl\u0131 Copras Metodu ile Analizi Dr. \u00d6\u011fr. \u00dcyesi H. Yusuf G\u00dcNG\u00d6R B\u00d6L\u00dcM 6 2008 K\u00fcresel Finans Krizinden \u00d6nce ve Sonra K\u00fc\u00e7\u00fck ve B\u00fcy\u00fck \u015eirketlerin Finansal Durumlar\u0131n\u0131n \u0130ncelenmesi Dr. \u00d6\u011fr. \u00dcyesi Emre HORASAN Dr. \u00d6\u011fr. \u00dcyesi Tuncer YILMAZ B\u00d6L\u00dcM 7 Holdinglerin Finansal Perfomanslar\u0131n\u0131n Oran Analizi Y\u00f6ntemiyle Tespit Edilmesi: Bist \u00d6rne\u011fi Do\u00e7. Dr. Alir\u0131za A\u011e Dr. \u00d6\u011fr. \u00dcyesi K\u00fcbra ELMALI Y\u00fck. Lisans \u00d6\u011frencisi Ahmet Emre PEHL\u0130VAN B\u00d6L\u00dcM 8 Zihinsel Muhasebe Dr. \u00d6\u011fr. \u00dcyesi Mukadder HORASAN B\u00d6L\u00dcM 9 Finansal Geli\u015fme G\u00f6stergeleri ile Yat\u0131r\u0131mc\u0131lar\u0131n Risk \u0130\u015ftahi Aras\u0131ndaki \u0130li\u015fkinin Ardl Sinir Testi \u0130\u0131e \u0130ncelenmesi: T\u00fcrkiye \u00d6rne\u011fi Dr. \u00d6\u011fr. \u00dcyesi B\u00fclent YILDIZ B\u00d6L\u00dcM 10 \u015eirketlere Ait Piyasa \u00c7arpanlar\u0131 \u0130le Bist 100 Endeksi Getirisi Aras\u0131ndaki Nedensellik \u0130li\u015fkisi Dr. \u00d6\u011fr. \u00dcyesi Meziyet Sema ERDEM <\/p>\n","protected":false},"excerpt":{"rendered":"<p>\u0130\u00c7\u0130NDEK\u0130LER B\u00d6L\u00dcM 1 Konut Sati\u015flarinda Al\u0131c\u0131 ve Sat\u0131c\u0131n\u0131n Haklar\u0131n\u0131 Koruyan (Escrow) Emanet Hesaplar Sisteminin, Bankalara Kaynak Yaratmas\u0131 ve \u0130\u015flemlerde Kay\u0131t-Di\u015fili\u011fin Azalt\u0131lmas\u0131 \u00dczerine Yat\u0131r\u0131m Bankac\u0131l\u0131\u011f\u0131 Yakla\u015f\u0131m\u0131yla Geli\u015ftirilebilecek<span class=\"excerpt-hellip\"> [\u2026]<\/span><\/p>\n","protected":false},"featured_media":0,"template":"","meta":{"_monsterinsights_skip_tracking":false,"_monsterinsights_sitenote_active":false,"_monsterinsights_sitenote_note":"","_monsterinsights_sitenote_category":0},"product_brand":[],"product_cat":[17249,13043],"product_tag":[],"class_list":{"0":"post-750359","1":"product","2":"type-product","3":"status-publish","5":"product_cat-borsa-finans","6":"product_cat-ekonomi","7":"pa_cilt-ciltsiz","8":"pa_tur-kitap","9":"pa_yayinevi-platanus-publishing","10":"pa_yazar-kolektif","12":"first","13":"instock","14":"sale","15":"shipping-taxable","16":"purchasable","17":"product-type-simple"},"_links":{"self":[{"href":"https:\/\/roveyayinevi.com.tr\/index.php\/wp-json\/wp\/v2\/product\/750359","targetHints":{"allow":["GET"]}}],"collection":[{"href":"https:\/\/roveyayinevi.com.tr\/index.php\/wp-json\/wp\/v2\/product"}],"about":[{"href":"https:\/\/roveyayinevi.com.tr\/index.php\/wp-json\/wp\/v2\/types\/product"}],"wp:attachment":[{"href":"https:\/\/roveyayinevi.com.tr\/index.php\/wp-json\/wp\/v2\/media?parent=750359"}],"wp:term":[{"taxonomy":"product_brand","embeddable":true,"href":"https:\/\/roveyayinevi.com.tr\/index.php\/wp-json\/wp\/v2\/product_brand?post=750359"},{"taxonomy":"product_cat","embeddable":true,"href":"https:\/\/roveyayinevi.com.tr\/index.php\/wp-json\/wp\/v2\/product_cat?post=750359"},{"taxonomy":"product_tag","embeddable":true,"href":"https:\/\/roveyayinevi.com.tr\/index.php\/wp-json\/wp\/v2\/product_tag?post=750359"}],"curies":[{"name":"wp","href":"https:\/\/api.w.org\/{rel}","templated":true}]}}