{"id":750357,"date":"2025-08-28T04:18:57","date_gmt":"2025-08-28T01:18:57","guid":{"rendered":"https:\/\/roveyayinevi.com.tr\/index.php\/urun\/egzersiz-spor-bilimleri-ve-spor-hekimligi-alaninda-uluslararasi-arastirmalar\/"},"modified":"2026-04-16T03:03:38","modified_gmt":"2026-04-16T00:03:38","slug":"egzersiz-spor-bilimleri-ve-spor-hekimligi-alaninda-uluslararasi-arastirmalar","status":"publish","type":"product","link":"https:\/\/roveyayinevi.com.tr\/index.php\/urun\/egzersiz-spor-bilimleri-ve-spor-hekimligi-alaninda-uluslararasi-arastirmalar\/","title":{"rendered":"Egzersiz &amp; Spor Bilimleri ve Spor Hekimli\u011fi Alan\u0131nda Uluslararas\u0131 Ara\u015ft\u0131rmalar"},"content":{"rendered":"<p>\u0130\u00c7\u0130NDEK\u0130LER B\u00d6L\u00dcM 1 Dikkat, \u00c7ocuk, Oyunve Spor Ya\u015far K\u00d6RO\u011eLU B\u00d6L\u00dcM 2 Fiziksel ve Psikolojik A\u00e7idan 12 Ya\u015f Grubu \u00c7ocuklarda Kuvvet Antrenmanlarinin Etkisi Muhammet Yasir \u00d6Z Do\u00e7. Ayg\u00fcl \u00c7A\u011eLAYAN TUN\u00c7 B\u00d6L\u00dcM 3 Spor Alan\u0131nda Yap\u0131lan Nicel Ara\u0131t\u0131rmalarda \u201c\u0130statiksel Analiz\u201d in Yaz\u0131m\u0131 Do\u00e7. Dr. \u0130rfan MARANGOZ B\u00d6L\u00dcM 4 Maksimal Kalp At\u0131m H\u0131z\u0131n\u0131n Belirlenmesinde 220- Ya\u015f Denklemi D\u0131\u015f\u0131ndak\u0131 Bilinen Tek De\u011fi\u015fkenli Tahmin Denklemleri Do\u00e7. Dr. \u0130rfan MARANGOZ B\u00d6L\u00dcM 5 Sporcu Liderli\u011fi ve Spor Tak\u0131mlar\u0131nda Rol\u00fc Doktor \u00d6\u011fretim \u00dcyesi Mert ERKAN B\u00d6L\u00dcM 6 Egzersizin Ya\u011f Metabolizmas\u0131 \u00dczerine Etkileri Ar\u015f. G\u00f6r. Dr. Ercan T\u0130ZAR B\u00d6L\u00dcM 7 Serbest Zamanda Egzersize Kat\u0131lan Orta\u00f6\u011fretim \u00d6\u011frencilerinde \u00d6znel \u0130yi Olma ve \u00d6z-Yeterlik K\u0131v\u0131lc\u0131m KAPLAN Zehra CERTEL B\u00d6L\u00dcM 8 Sporda Hedef Belirleme Stratejileri Prof. Dr. Murat Yal\u00e7\u0131n BE\u015e\u0130KTA\u015e Do\u00e7. Dr. Mustafa Serdar TEREKL\u0130 B\u00d6L\u00dcM 9 Vitamin D\u2019nin Egzersiz ile \u0130li\u015fkisi ve Atletlerde \u00d6nemi Dr. \u00d6\u011fr. \u00dcyesi B\u00fclent I\u015eIK B\u00d6L\u00dcM 10 Obezite Tedavisinde Egzersiz ve T\u0131bbi Bitkilerin Rol\u00fc Dr. \u00d6\u011fr. \u00dcyesi Hasan MARAL Dr. \u00d6\u011fr. \u00dcyesi B\u00fclent I\u015eIK B\u00d6L\u00dcM 11 Spor Kul\u00fcplerinde Ki\u015filer Aras\u0131 \u0130leti\u015fim Becerileri ve Tak\u0131m Dinami\u011fi Ahmet Furkan \u00d6ZDEM\u0130R Z\u00fclbiye KA\u00c7AY B\u00d6L\u00dcM Spor \u0130\u015fletmelerinde Y\u00f6netim ve Pazarlama Serdar BAHAR Z\u00fclbiye KA\u00c7AY B\u00d6L\u00dcM 13 Beden E\u011fitim ve Spor Dersinin Uygulanmas\u0131nda Kullan\u0131lan \u00d6zel \u00d6\u011fretim Y\u00f6ntemleri ve Bu Y\u00f6ntemlerin Tercih Edilme Nedenleri Dr. Bayram KAYA B\u00d6L\u00dcM 14 Egzersiz ve \u0130mm\u00fcn Sistem Dr. Mehmet Ali KARASELEK<\/p>\n","protected":false},"excerpt":{"rendered":"<p>\u0130\u00c7\u0130NDEK\u0130LER B\u00d6L\u00dcM 1 Dikkat, \u00c7ocuk, Oyunve Spor Ya\u015far K\u00d6RO\u011eLU B\u00d6L\u00dcM 2 Fiziksel ve Psikolojik A\u00e7idan 12 Ya\u015f Grubu \u00c7ocuklarda Kuvvet Antrenmanlarinin Etkisi Muhammet Yasir \u00d6Z Do\u00e7.<span class=\"excerpt-hellip\"> [\u2026]<\/span><\/p>\n","protected":false},"featured_media":0,"template":"","meta":{"_monsterinsights_skip_tracking":false,"_monsterinsights_sitenote_active":false,"_monsterinsights_sitenote_note":"","_monsterinsights_sitenote_category":0},"product_brand":[],"product_cat":[12573,12566],"product_tag":[],"class_list":{"0":"post-750357","1":"product","2":"type-product","3":"status-publish","5":"product_cat-akademik-kitaplar","6":"product_cat-egitim","7":"pa_cilt-ciltsiz","8":"pa_tur-kitap","9":"pa_yayinevi-platanus-publishing","10":"pa_yazar-kolektif","12":"first","13":"instock","14":"sale","15":"shipping-taxable","16":"purchasable","17":"product-type-simple"},"_links":{"self":[{"href":"https:\/\/roveyayinevi.com.tr\/index.php\/wp-json\/wp\/v2\/product\/750357","targetHints":{"allow":["GET"]}}],"collection":[{"href":"https:\/\/roveyayinevi.com.tr\/index.php\/wp-json\/wp\/v2\/product"}],"about":[{"href":"https:\/\/roveyayinevi.com.tr\/index.php\/wp-json\/wp\/v2\/types\/product"}],"wp:attachment":[{"href":"https:\/\/roveyayinevi.com.tr\/index.php\/wp-json\/wp\/v2\/media?parent=750357"}],"wp:term":[{"taxonomy":"product_brand","embeddable":true,"href":"https:\/\/roveyayinevi.com.tr\/index.php\/wp-json\/wp\/v2\/product_brand?post=750357"},{"taxonomy":"product_cat","embeddable":true,"href":"https:\/\/roveyayinevi.com.tr\/index.php\/wp-json\/wp\/v2\/product_cat?post=750357"},{"taxonomy":"product_tag","embeddable":true,"href":"https:\/\/roveyayinevi.com.tr\/index.php\/wp-json\/wp\/v2\/product_tag?post=750357"}],"curies":[{"name":"wp","href":"https:\/\/api.w.org\/{rel}","templated":true}]}}