{"id":750356,"date":"2025-08-28T04:18:56","date_gmt":"2025-08-28T01:18:56","guid":{"rendered":"https:\/\/roveyayinevi.com.tr\/index.php\/urun\/dis-hekimligi-alaninda-uluslararasi-arastirmalar\/"},"modified":"2026-04-16T03:03:38","modified_gmt":"2026-04-16T00:03:38","slug":"dis-hekimligi-alaninda-uluslararasi-arastirmalar","status":"publish","type":"product","link":"https:\/\/roveyayinevi.com.tr\/index.php\/urun\/dis-hekimligi-alaninda-uluslararasi-arastirmalar\/","title":{"rendered":"Di\u015f Hekimli\u011fi Alan\u0131nda Uluslararas\u0131 Ara\u015ft\u0131rmalar"},"content":{"rendered":"<p>\u0130\u00c7\u0130NDEK\u0130LER B\u00d6L\u00dcM 1 \u00c7enede Kullan\u0131lan Kemik Greftlerinin \u0130yile\u015fme Mekanizmasi ve Biyomateryaler Ar\u015f. G\u00f6r Turan \u00d6ZT\u00dcRK Dr.\u00d6\u011fr. \u00dcyesi Kevser SANCAK B\u00d6L\u00dcM 2 Bruksist Hastalarda Protetik Yakla\u015f\u0131mlar Dr. \u00d6\u011fr. \u00dcy. MURAT KE\u00c7EC\u0130 Do\u00e7. E. BEG\u00dcM B\u00dcY\u00dcKERKMEN B\u00d6L\u00dcM 3 Di\u015f Hekimli\u011fi ve Antibiyotik Kullan\u0131m\u0131 Dr. Dt. Mehmet G\u00dcZEL Do\u00e7. Dr. Volkan KAPLAN B\u00d6L\u00dcM 4 Sinif 3 Malokl\u00fczyonlarin \u00c7ekimsiz Kamulaj Tedavileri Ar\u015f. G\u00f6r. Dt. Emre K\u00d6SE Prof. Dr. Belma I\u015eIK B\u00d6L\u00dcM 5 Oral Cerrahide Flep ve S\u00fctur Kullan\u0131m\u0131 Dr. \u00d6\u011fretim \u00dcyesi Serkan YILDIZ Ge\u00e7mi\u015ften G\u00fcn\u00fcm\u00fcze \u0130mplant Destekli Hareketli Tam Protezler i\u00e7in Y\u00fckleme Protokolleri Dr. \u00d6\u011fr. \u00dcyesi \u00c7a\u011flar B\u0130LMENO\u011eLU B\u00d6L\u00dcM 7 Ba\u015f Boyun B\u00f6lgesinde \u0130zlenen Yumu\u015fak Doku Kalsifikasyonlar\u0131 Dr. \u00d6\u011fr. \u00dcyesi Sema KAYA ISBN: 978-625-6971-25-7 B\u00d6L\u00dcM 8 \u0130laca Ba\u011fl\u0131 Olarak \u00c7ene Kemiklerinde G\u00f6r\u00fclen Osteonekroz (\u0130\u00e7kon) ve G\u00fcncel Tedavi Yakla\u015f\u0131mlar\u0131 Ar\u015f. G\u00f6r. Dt. Mustafa \u0130\u015eLEYEN Do\u00e7. Dr. M\u00fcge \u00c7INA B\u00d6L\u00dcM 9 Cerrahi Olmayan Periodontal Tedaviye Ek Olarak Kullan\u0131lan Makrolid Grubu Antibiyotikler Dr. \u00d6\u011fr. \u00dcyesi Didem \u00d6ZKAL EM\u0130NO\u011eLU Dt. P\u0131nar ESER B\u00d6L\u00dcM 10 Cad\/Cam Sistemlerinde Kullan\u0131lan Dental Biyomateryaller Dr. \u00d6\u011fr. \u00dcyesi \u015e\u00fckriye Ece GEDUK B\u00d6L\u00dcM 11 Ortognatik Cerrahi Tedavide \u00d6nce Cerrahi Yakla\u015f\u0131m\u0131 Ar\u015f. G\u00f6r. Dt. Emre K\u00d6SE Prof. Dr. Belma I\u015eIK B\u00d6L\u00dcM 12 Di\u015f Allotransplantasyonu \u00d6\u011fr. G\u00f6r. Abdullah Ya\u011f\u0131z B\u00d6L\u00dcM 13 Dudak\/Damak Yar\u0131\u011f\u0131 Olan Hastalarda Ortognatik Cerrahi Sonras\u0131 Meydana Gelen Komplikasyonlar Dr. \u00d6\u011fr. \u00dcyesi Adalet \u00c7ELEB\u0130 Do\u00e7. Dr. Ay\u015fe \u00d6zcan K\u00dc\u00c7\u00dcK B\u00d6L\u00dcM 14 \u0130mplant \u00dcst\u00fc Protezlerde Cad\/Cam Sisteminin Kullan\u0131m\u0131 Dr. Gaye SA\u011eLAM B\u00d6L\u00dcM 15 Di\u015f Allotransplantasyonu \u00d6\u011fr. G\u00f6r. Abdullah YA\u011eIZ B\u00d6L\u00dcM 16 G\u00fcncel Y\u00f6ntemler Do\u00e7. Esra KIZILCI Dt. Zehra SAVRAN B\u00d6L\u00dcM 17 Dental \u0130mplant Uygulamalar\u0131nda Yumu\u015fak Doku Komplikasyonlar\u0131n\u0131n Y\u00f6netimi ve \u00d6nlenmesi Uzm. Dt. \u0130rem TOSUN BALCI B\u00d6L\u00dcM 18 Oral Premalign Lezyonlar ve G\u00fcncel Tedavi Yakla\u015f\u0131mlar\u0131 Ar\u015f. G\u00f6r. Dt. Mustafa \u0130\u015eLEYEN Ar\u015f. G\u00f6r. Dt. Yeliz BULDUK B\u00d6L\u00dcM 19 Laminate Veneerler Ar\u015f. G\u00f6r. Merve G\u00dcLD\u0130B\u0130 Ar\u015f. G\u00f6r. Sinem ALKURT B\u00d6L\u00dcM 20 Molar- Kesici Di\u015f Hipomineralizasyonu Molar Incisor Hypomineralization Uzm. Dt. Bet\u00fcl KARAG\u00dcR B\u00d6L\u00dcM 21 Eklemeli \u00dcretim Tekni\u011finin Protetik Di\u015f Tedavisinde Kullan\u0131m\u0131 Ar\u015f. G\u00f6r. Da\u011flar AKSAKAL Dr. \u00d6\u011fr. \u00dcyesi Gaye SA\u011eLAM B\u00d6L\u00dcM 21 Dental Adeziv Bile\u015fenleri YDr. \u00d6\u011fr. \u00dcyesi G\u00fcl D\u0130N\u00c7 ATA<\/p>\n","protected":false},"excerpt":{"rendered":"<p>\u0130\u00c7\u0130NDEK\u0130LER B\u00d6L\u00dcM 1 \u00c7enede Kullan\u0131lan Kemik Greftlerinin \u0130yile\u015fme Mekanizmasi ve Biyomateryaler Ar\u015f. G\u00f6r Turan \u00d6ZT\u00dcRK Dr.\u00d6\u011fr. \u00dcyesi Kevser SANCAK B\u00d6L\u00dcM 2 Bruksist Hastalarda Protetik Yakla\u015f\u0131mlar Dr.<span class=\"excerpt-hellip\"> [\u2026]<\/span><\/p>\n","protected":false},"featured_media":0,"template":"","meta":{"_monsterinsights_skip_tracking":false,"_monsterinsights_sitenote_active":false,"_monsterinsights_sitenote_note":"","_monsterinsights_sitenote_category":0},"product_brand":[],"product_cat":[13366,13365],"product_tag":[],"class_list":{"0":"post-750356","1":"product","2":"type-product","3":"status-publish","5":"product_cat-diger-saglik","6":"product_cat-saglik","7":"pa_cilt-ciltsiz","8":"pa_tur-kitap","9":"pa_yayinevi-platanus-publishing","10":"pa_yazar-kolektif","12":"first","13":"instock","14":"sale","15":"shipping-taxable","16":"purchasable","17":"product-type-simple"},"_links":{"self":[{"href":"https:\/\/roveyayinevi.com.tr\/index.php\/wp-json\/wp\/v2\/product\/750356","targetHints":{"allow":["GET"]}}],"collection":[{"href":"https:\/\/roveyayinevi.com.tr\/index.php\/wp-json\/wp\/v2\/product"}],"about":[{"href":"https:\/\/roveyayinevi.com.tr\/index.php\/wp-json\/wp\/v2\/types\/product"}],"wp:attachment":[{"href":"https:\/\/roveyayinevi.com.tr\/index.php\/wp-json\/wp\/v2\/media?parent=750356"}],"wp:term":[{"taxonomy":"product_brand","embeddable":true,"href":"https:\/\/roveyayinevi.com.tr\/index.php\/wp-json\/wp\/v2\/product_brand?post=750356"},{"taxonomy":"product_cat","embeddable":true,"href":"https:\/\/roveyayinevi.com.tr\/index.php\/wp-json\/wp\/v2\/product_cat?post=750356"},{"taxonomy":"product_tag","embeddable":true,"href":"https:\/\/roveyayinevi.com.tr\/index.php\/wp-json\/wp\/v2\/product_tag?post=750356"}],"curies":[{"name":"wp","href":"https:\/\/api.w.org\/{rel}","templated":true}]}}