{"id":750352,"date":"2025-08-28T04:18:51","date_gmt":"2025-08-28T01:18:51","guid":{"rendered":"https:\/\/roveyayinevi.com.tr\/index.php\/urun\/balkanlardan-basraya\/"},"modified":"2026-04-16T03:03:38","modified_gmt":"2026-04-16T00:03:38","slug":"balkanlardan-basraya","status":"publish","type":"product","link":"https:\/\/roveyayinevi.com.tr\/index.php\/urun\/balkanlardan-basraya\/","title":{"rendered":"Balkanlar\u2019dan Basra\u2019ya"},"content":{"rendered":"<p>Birinci D\u00fcnya Sava\u015f\u0131\u2019nda Osmanl\u0131 Ordular\u0131, Emperyal Bat\u0131\u2019n\u0131n ordular\u0131yla cephelerde g\u00f6\u011f\u00fcs g\u00f6\u011f\u00fcse \u00e7arp\u0131\u015f\u0131rken, Yedek Subay Tu\u011frul\u2019un ser\u00fcveni e\u015fli\u011finde, Irak Cephesi\u2019nde Tu\u011frul Hoca ile \u0130ngiliz Ordu Rahibi Darell Conroy aras\u0131nda d\u00fc\u015f\u00fcnceler de k\u0131yas\u0131ya \u00e7arp\u0131\u015fm\u0131\u015ft\u0131r. Osmanl\u0131\u2019da adli ve idari yap\u0131n\u0131n i\u015fleyi\u015fi, \u0130slami inan\u0131\u015f, \u201cD\u00fcnya Bar\u0131\u015f\u0131\u201d, \u0130nsanl\u0131\u011f\u0131n tek bayrak alt\u0131nda birle\u015fmesi, \u201cD\u00fcnya Devleti\u201d anlay\u0131\u015f\u0131, \u201cEbedi Bar\u0131\u015f\u201d, Osmanl\u0131 \u00e7\u00f6kerken T\u00fcrkl\u00fc\u011f\u00fcn yeniden filizlenmeye ba\u015flamas\u0131, Tanzimat\u2019\u0131n getirdikleri, harplerin sadece ordular\u0131n de\u011fil, topyek\u00fbn devletlerin \u00e7arp\u0131\u015fmas\u0131 oldu\u011fu ve y\u0131k\u0131c\u0131l\u0131\u011f\u0131 \u00fczerine iki d\u00fc\u015fman (!) subay insan sevgisi \u00f6zelinde, \u00f6zg\u00fcn d\u00fc\u015f\u00fcnceler d\u00fcnyas\u0131nda gezinmi\u015flerdir. \u0130ki d\u00fc\u015fman (!) subay, silahlar\u0131n sesinden \u00e7\u0131\u011fl\u0131k \u00e7\u0131\u011fl\u0131\u011fa: \u201cEy insanlar! Bar\u0131\u015f olmadan insanl\u0131k, kayg\u0131dan korkudan ve tehlikeden kurtulamaz. D\u00fcnyaya gelen her insan sevmeyi, sevilmeyi ve sayg\u0131n bir \u015fekilde ya\u015famay\u0131 hak etmi\u015ftir. Hakk\u0131n, hukukun, adaletin, e\u015fitli\u011fin bulunmad\u0131\u011f\u0131 bir d\u00fcnyada insan \u2018bahtiyar\u2019 olamaz. Bug\u00fcn insano\u011flunun umutlar\u0131 t\u00fckenmi\u015f, i\u00e7inde sevgi kalmam\u0131\u015ft\u0131r\u2026\u201d <\/p>\n","protected":false},"excerpt":{"rendered":"<p>Birinci D\u00fcnya Sava\u015f\u0131\u2019nda Osmanl\u0131 Ordular\u0131, Emperyal Bat\u0131\u2019n\u0131n ordular\u0131yla cephelerde g\u00f6\u011f\u00fcs g\u00f6\u011f\u00fcse \u00e7arp\u0131\u015f\u0131rken, Yedek Subay Tu\u011frul\u2019un ser\u00fcveni e\u015fli\u011finde, Irak Cephesi\u2019nde Tu\u011frul Hoca ile \u0130ngiliz Ordu Rahibi Darell<span class=\"excerpt-hellip\"> [\u2026]<\/span><\/p>\n","protected":false},"featured_media":0,"template":"","meta":{"_monsterinsights_skip_tracking":false,"_monsterinsights_sitenote_active":false,"_monsterinsights_sitenote_note":"","_monsterinsights_sitenote_category":0},"product_brand":[],"product_cat":[12291,12745],"product_tag":[],"class_list":{"0":"post-750352","1":"product","2":"type-product","3":"status-publish","5":"product_cat-edebiyat","6":"product_cat-tarihi-roman","7":"pa_cilt-ciltsiz","8":"pa_tur-kitap","9":"pa_yayinevi-kaynak-yayinlari","10":"pa_yazar-mustafa-bademci","12":"first","13":"instock","14":"sale","15":"shipping-taxable","16":"purchasable","17":"product-type-simple"},"_links":{"self":[{"href":"https:\/\/roveyayinevi.com.tr\/index.php\/wp-json\/wp\/v2\/product\/750352","targetHints":{"allow":["GET"]}}],"collection":[{"href":"https:\/\/roveyayinevi.com.tr\/index.php\/wp-json\/wp\/v2\/product"}],"about":[{"href":"https:\/\/roveyayinevi.com.tr\/index.php\/wp-json\/wp\/v2\/types\/product"}],"wp:attachment":[{"href":"https:\/\/roveyayinevi.com.tr\/index.php\/wp-json\/wp\/v2\/media?parent=750352"}],"wp:term":[{"taxonomy":"product_brand","embeddable":true,"href":"https:\/\/roveyayinevi.com.tr\/index.php\/wp-json\/wp\/v2\/product_brand?post=750352"},{"taxonomy":"product_cat","embeddable":true,"href":"https:\/\/roveyayinevi.com.tr\/index.php\/wp-json\/wp\/v2\/product_cat?post=750352"},{"taxonomy":"product_tag","embeddable":true,"href":"https:\/\/roveyayinevi.com.tr\/index.php\/wp-json\/wp\/v2\/product_tag?post=750352"}],"curies":[{"name":"wp","href":"https:\/\/api.w.org\/{rel}","templated":true}]}}