{"id":750351,"date":"2025-08-28T04:18:50","date_gmt":"2025-08-28T01:18:50","guid":{"rendered":"https:\/\/roveyayinevi.com.tr\/index.php\/urun\/ataturk-devrimi-20-yuzyilin-mucizesi\/"},"modified":"2026-04-16T03:03:38","modified_gmt":"2026-04-16T00:03:38","slug":"ataturk-devrimi-20-yuzyilin-mucizesi","status":"publish","type":"product","link":"https:\/\/roveyayinevi.com.tr\/index.php\/urun\/ataturk-devrimi-20-yuzyilin-mucizesi\/","title":{"rendered":"Atat\u00fcrk Devrimi \/ 20. Y\u00fczy\u0131l\u0131n Mucizesi"},"content":{"rendered":"<p>Do\u00e7. Dr. H\u00fcner Tuncer\u2019den Cumhuriyet\u2019in 100. y\u0131l\u0131na bir arma\u011fan.   Atat\u00fcrk Devrimi, T\u00fcrk toplumunda laik bir d\u00fcnya anlay\u0131\u015f\u0131 temeli \u00fczerinde y\u00fckselen ak\u0131l-bilim \u00e7a\u011f\u0131n\u0131 etkin bi\u00e7imde a\u00e7m\u0131\u015ft\u0131. Atat\u00fcrk, \u015f\u00f6yle demekteydi: \u201cBen manevi miras olarak hi\u00e7bir dogma, hi\u00e7bir donmu\u015f, kal\u0131pla\u015fm\u0131\u015f d\u00fcstur b\u0131rakm\u0131yorum. Benim manevi miras\u0131m ilim ve ak\u0131ld\u0131r. Zaman s\u00fcratle d\u00f6n\u00fcyor\u2026 B\u00f6yle bir d\u00fcnyada asla de\u011fi\u015fmeyecek h\u00fck\u00fcmler getirildi\u011fini iddia etmek, akl\u0131n ve ilmin inki\u015faf\u0131n\u0131 ink\u00e2r etmek olur\u2026 Benden sonra beni benimsemek isteyenler, bu temel mihver \u00fczerinde akl\u0131n ve ilmin rehberli\u011fini kabul ederlerse, manevi miras\u00e7\u0131lar\u0131m olurlar.\u201d  \u201cAtat\u00fcrk\u00e7\u00fc modernle\u015fme\u201d, yaln\u0131zca siyasal ve ekonomik de\u011fil, k\u00fclt\u00fcrel \u00e7a\u011fda\u015fla\u015fmay\u0131 da \u00f6ng\u00f6rd\u00fc\u011f\u00fc i\u00e7in, Osmanl\u0131 Devleti d\u00f6neminde giri\u015filen k\u0131sm\u00ee modernle\u015fme-\u00e7a\u011fda\u015fla\u015fma-bat\u0131l\u0131la\u015fma hareketlerinden ayr\u0131lmaktayd\u0131. Atat\u00fcrk\u2019\u00fcn bize miras b\u0131rakt\u0131\u011f\u0131 Atat\u00fcrk\u00e7\u00fc ideolojinin hedefi, T\u00fcrk toplumunu ve T\u00fcrk insan\u0131n\u0131 siyasal, ekonomik ve k\u00fclt\u00fcrel alanlarda \u00e7a\u011fda\u015fla\u015ft\u0131rmakt\u0131. Bizlere bug\u00fcn d\u00fc\u015fen ba\u015fl\u0131ca g\u00f6rev; Atat\u00fcrk\u2019\u00fcn \u00f6\u011freti ve eylem sistemini \u201cya\u015fayan ideoloji\u201d olarak olu\u015fturmak ve bu ulusal modernle\u015fme ideolojisini, T\u00fcrkiye Cumhuriyeti\u2019nin ve T\u00fcrk halk\u0131n\u0131n \u00e7a\u011fda\u015f uygarl\u0131k d\u00fczeyine y\u00fckselmesinde ba\u015fl\u0131ca ara\u00e7 olarak uygulamakt\u0131r. <\/p>\n","protected":false},"excerpt":{"rendered":"<p>Do\u00e7. Dr. H\u00fcner Tuncer\u2019den Cumhuriyet\u2019in 100. y\u0131l\u0131na bir arma\u011fan. Atat\u00fcrk Devrimi, T\u00fcrk toplumunda laik bir d\u00fcnya anlay\u0131\u015f\u0131 temeli \u00fczerinde y\u00fckselen ak\u0131l-bilim \u00e7a\u011f\u0131n\u0131 etkin bi\u00e7imde a\u00e7m\u0131\u015ft\u0131. Atat\u00fcrk,<span class=\"excerpt-hellip\"> [\u2026]<\/span><\/p>\n","protected":false},"featured_media":0,"template":"","meta":{"_monsterinsights_skip_tracking":false,"_monsterinsights_sitenote_active":false,"_monsterinsights_sitenote_note":"","_monsterinsights_sitenote_category":0},"product_brand":[],"product_cat":[12370,12304],"product_tag":[],"class_list":{"0":"post-750351","1":"product","2":"type-product","3":"status-publish","5":"product_cat-arastirma-inceleme","6":"product_cat-tarih","7":"pa_cilt-ciltsiz","8":"pa_tur-kitap","9":"pa_yayinevi-kaynak-yayinlari","10":"pa_yazar-huner-tuncer","12":"first","13":"instock","14":"sale","15":"shipping-taxable","16":"purchasable","17":"product-type-simple"},"_links":{"self":[{"href":"https:\/\/roveyayinevi.com.tr\/index.php\/wp-json\/wp\/v2\/product\/750351","targetHints":{"allow":["GET"]}}],"collection":[{"href":"https:\/\/roveyayinevi.com.tr\/index.php\/wp-json\/wp\/v2\/product"}],"about":[{"href":"https:\/\/roveyayinevi.com.tr\/index.php\/wp-json\/wp\/v2\/types\/product"}],"wp:attachment":[{"href":"https:\/\/roveyayinevi.com.tr\/index.php\/wp-json\/wp\/v2\/media?parent=750351"}],"wp:term":[{"taxonomy":"product_brand","embeddable":true,"href":"https:\/\/roveyayinevi.com.tr\/index.php\/wp-json\/wp\/v2\/product_brand?post=750351"},{"taxonomy":"product_cat","embeddable":true,"href":"https:\/\/roveyayinevi.com.tr\/index.php\/wp-json\/wp\/v2\/product_cat?post=750351"},{"taxonomy":"product_tag","embeddable":true,"href":"https:\/\/roveyayinevi.com.tr\/index.php\/wp-json\/wp\/v2\/product_tag?post=750351"}],"curies":[{"name":"wp","href":"https:\/\/api.w.org\/{rel}","templated":true}]}}