{"id":750350,"date":"2025-08-28T04:18:48","date_gmt":"2025-08-28T01:18:48","guid":{"rendered":"https:\/\/roveyayinevi.com.tr\/index.php\/urun\/benden-sonra-tufan-partisi\/"},"modified":"2026-04-13T03:09:24","modified_gmt":"2026-04-13T00:09:24","slug":"benden-sonra-tufan-partisi","status":"publish","type":"product","link":"https:\/\/roveyayinevi.com.tr\/index.php\/urun\/benden-sonra-tufan-partisi\/","title":{"rendered":"Benden Sonra Tufan Partisi"},"content":{"rendered":"<p>\u0130nsanl\u0131k tarihinde, \u201cK\u00f6t\u00fcl\u00fc\u011f\u00fc Kutsayan\u201d hi\u00e7bir parti kurulmam\u0131\u015ft\u0131r. Peki kurulursa ne olur? Anlatmaya ba\u015flayal\u0131m: \u201cYery\u00fcz\u00fcnde hen\u00fcz iki ki\u015fi varken, (Adam ile Kad\u0131n) biri, meyveyi \u00e7al\u0131p (yasak oldu\u011fu i\u00e7in) di\u011ferine yedirdi. Birlikte cennetten kovuldular. \u0130kisi, ceza olarak insanla\u015ft\u0131lar. \u0130nsanla\u015fman\u0131n bir ceza oldu\u011fu sistem b\u00f6ylelikle do\u011fdu. \u0130nsan var olu\u015fu ile birlikte cezaland\u0131r\u0131lm\u0131\u015ft\u0131r.  \u0130nsan olmak, insan kalmak, insanca ya\u015famak isteyenlerin cezaland\u0131r\u0131lmas\u0131, Kitab-\u0131 Mukaddes\u2019in (Eski Ahit) ilk eylemidir. \u0130nsanla\u015fmalar\u0131 ceza olan bu ikisinin iki o\u011fullar\u0131 oldu. Adlar\u0131 Habil ve Kabil\u2019di. Yery\u00fcz\u00fcnde, anne ve baba d\u0131\u015f\u0131nda hen\u00fcz iki ki\u015fi var iken iki parti kurulmu\u015f oldu: Habil\u2019in Tar\u0131m Partisi ve Kabil\u2019in Hayvanc\u0131l\u0131k Partisi\u2026 D\u00fcnyada, demokrasi hen\u00fcz icat edilmemi\u015fken, bu iki partinin tek se\u00e7meni vard\u0131: Tanr\u0131 Yehova\u2026 Ve Tanr\u0131 Yehova, birini se\u00e7ti\u2026 Se\u00e7ilen, \u00f6ld\u00fcr\u00fcld\u00fc, se\u00e7ilmeyen lanetli bir ya\u015fama mahk\u00fbm edildi\u2026\u201d Ve g\u00fcn\u00fcm\u00fcze gelindi\u2026 Bu kitap, K\u00f6t\u00fcl\u00fc\u011f\u00fc Kutsayan, \u00f6d\u00fcn vermeyece\u011fi ilkeler olan erdemsizlik, ahlaks\u0131zl\u0131k ve yalanc\u0131l\u0131\u011f\u0131, t\u00fcz\u00fck ve program\u0131na yazan tarihin ilk ve tek kurulu\u015fu olan Benden Sonra Tufan Partisi\u2019ni anlatmaktad\u0131r. <\/p>\n","protected":false},"excerpt":{"rendered":"<p>\u0130nsanl\u0131k tarihinde, \u201cK\u00f6t\u00fcl\u00fc\u011f\u00fc Kutsayan\u201d hi\u00e7bir parti kurulmam\u0131\u015ft\u0131r. Peki kurulursa ne olur? Anlatmaya ba\u015flayal\u0131m: \u201cYery\u00fcz\u00fcnde hen\u00fcz iki ki\u015fi varken, (Adam ile Kad\u0131n) biri, meyveyi \u00e7al\u0131p (yasak oldu\u011fu<span class=\"excerpt-hellip\"> [\u2026]<\/span><\/p>\n","protected":false},"featured_media":0,"template":"","meta":{"_monsterinsights_skip_tracking":false,"_monsterinsights_sitenote_active":false,"_monsterinsights_sitenote_note":"","_monsterinsights_sitenote_category":0},"product_brand":[],"product_cat":[12291,12509],"product_tag":[],"class_list":{"0":"post-750350","1":"product","2":"type-product","3":"status-publish","5":"product_cat-edebiyat","6":"product_cat-siir","7":"pa_cilt-ciltsiz","8":"pa_tur-kitap","9":"pa_yayinevi-favori-yayinlari","10":"pa_yazar-sedat-memili","12":"first","13":"instock","14":"sale","15":"shipping-taxable","16":"purchasable","17":"product-type-simple"},"_links":{"self":[{"href":"https:\/\/roveyayinevi.com.tr\/index.php\/wp-json\/wp\/v2\/product\/750350","targetHints":{"allow":["GET"]}}],"collection":[{"href":"https:\/\/roveyayinevi.com.tr\/index.php\/wp-json\/wp\/v2\/product"}],"about":[{"href":"https:\/\/roveyayinevi.com.tr\/index.php\/wp-json\/wp\/v2\/types\/product"}],"wp:attachment":[{"href":"https:\/\/roveyayinevi.com.tr\/index.php\/wp-json\/wp\/v2\/media?parent=750350"}],"wp:term":[{"taxonomy":"product_brand","embeddable":true,"href":"https:\/\/roveyayinevi.com.tr\/index.php\/wp-json\/wp\/v2\/product_brand?post=750350"},{"taxonomy":"product_cat","embeddable":true,"href":"https:\/\/roveyayinevi.com.tr\/index.php\/wp-json\/wp\/v2\/product_cat?post=750350"},{"taxonomy":"product_tag","embeddable":true,"href":"https:\/\/roveyayinevi.com.tr\/index.php\/wp-json\/wp\/v2\/product_tag?post=750350"}],"curies":[{"name":"wp","href":"https:\/\/api.w.org\/{rel}","templated":true}]}}