{"id":750349,"date":"2025-08-28T04:18:46","date_gmt":"2025-08-28T01:18:46","guid":{"rendered":"https:\/\/roveyayinevi.com.tr\/index.php\/urun\/gonulde-acan-cicekler\/"},"modified":"2026-04-16T03:03:38","modified_gmt":"2026-04-16T00:03:38","slug":"gonulde-acan-cicekler","status":"publish","type":"product","link":"https:\/\/roveyayinevi.com.tr\/index.php\/urun\/gonulde-acan-cicekler\/","title":{"rendered":"G\u00f6n\u00fclde A\u00e7an \u00c7i\u00e7ekler"},"content":{"rendered":"<p>Sevgi sayg\u0131 ho\u015fg\u00f6r\u00fcyle A\u00e7ar g\u00f6n\u00fcl \u00e7i\u00e7ekleri Bahar g\u00fcl\u00fc s\u00fcrg\u00fcn\u00fcyle A\u00e7ar g\u00f6n\u00fcl \u00e7i\u00e7ekleri.   \u00c2\u015f\u0131k, ma\u015fukuyla zorda Cemre, H\u0131z\u0131r olur karda B\u00fclb\u00fcl\u00fc g\u00f6rd\u00fck\u00e7e z\u00e2rda A\u00e7ar g\u00f6n\u00fcl \u00e7i\u00e7ekleri.   Seher vakti yel s\u00f6yle\u015fir Y\u00e2r z\u00fclf\u00fcyle tel s\u00f6yle\u015fir Lebi \u015ferbet bal s\u00f6yle\u015fir. A\u00e7ar g\u00f6n\u00fcl \u00e7i\u00e7ekleri.     Sevda s\u0131z\u0131s\u0131 dindik\u00e7e G\u00f6n\u00fcl engine indik\u00e7e Evren sevgiyle d\u00f6nd\u00fck\u00e7e A\u00e7ar g\u00f6n\u00fcl \u00e7i\u00e7ekleri.   Ferhat, \u015eirin\u2019in selinde Mecnun, Leyla\u2019n\u0131n \u00e7\u00f6l\u00fcnde Kerem, Asl\u0131\u2019n\u0131n k\u00fcl\u00fcnde A\u00e7ar g\u00f6n\u00fcl \u00e7i\u00e7ekleri.   \u0130mam, Yunus yanmas\u0131yla Mevl\u00e2na\u2019n\u0131n d\u00f6nmesiyle Bekta\u015f, ilme kanmas\u0131yla A\u00e7ar g\u00f6n\u00fcl \u00e7i\u00e7ekleri. <\/p>\n","protected":false},"excerpt":{"rendered":"<p>Sevgi sayg\u0131 ho\u015fg\u00f6r\u00fcyle A\u00e7ar g\u00f6n\u00fcl \u00e7i\u00e7ekleri Bahar g\u00fcl\u00fc s\u00fcrg\u00fcn\u00fcyle A\u00e7ar g\u00f6n\u00fcl \u00e7i\u00e7ekleri. \u00c2\u015f\u0131k, ma\u015fukuyla zorda Cemre, H\u0131z\u0131r olur karda B\u00fclb\u00fcl\u00fc g\u00f6rd\u00fck\u00e7e z\u00e2rda A\u00e7ar g\u00f6n\u00fcl \u00e7i\u00e7ekleri. Seher<span class=\"excerpt-hellip\"> [\u2026]<\/span><\/p>\n","protected":false},"featured_media":0,"template":"","meta":{"_monsterinsights_skip_tracking":false,"_monsterinsights_sitenote_active":false,"_monsterinsights_sitenote_note":"","_monsterinsights_sitenote_category":0},"product_brand":[],"product_cat":[12291,12509],"product_tag":[],"class_list":{"0":"post-750349","1":"product","2":"type-product","3":"status-publish","5":"product_cat-edebiyat","6":"product_cat-siir","7":"pa_cilt-ciltsiz","8":"pa_tur-kitap","9":"pa_yayinevi-favori-yayinlari","10":"pa_yazar-imam-ozel","12":"first","13":"instock","14":"sale","15":"shipping-taxable","16":"purchasable","17":"product-type-simple"},"_links":{"self":[{"href":"https:\/\/roveyayinevi.com.tr\/index.php\/wp-json\/wp\/v2\/product\/750349","targetHints":{"allow":["GET"]}}],"collection":[{"href":"https:\/\/roveyayinevi.com.tr\/index.php\/wp-json\/wp\/v2\/product"}],"about":[{"href":"https:\/\/roveyayinevi.com.tr\/index.php\/wp-json\/wp\/v2\/types\/product"}],"wp:attachment":[{"href":"https:\/\/roveyayinevi.com.tr\/index.php\/wp-json\/wp\/v2\/media?parent=750349"}],"wp:term":[{"taxonomy":"product_brand","embeddable":true,"href":"https:\/\/roveyayinevi.com.tr\/index.php\/wp-json\/wp\/v2\/product_brand?post=750349"},{"taxonomy":"product_cat","embeddable":true,"href":"https:\/\/roveyayinevi.com.tr\/index.php\/wp-json\/wp\/v2\/product_cat?post=750349"},{"taxonomy":"product_tag","embeddable":true,"href":"https:\/\/roveyayinevi.com.tr\/index.php\/wp-json\/wp\/v2\/product_tag?post=750349"}],"curies":[{"name":"wp","href":"https:\/\/api.w.org\/{rel}","templated":true}]}}