{"id":750348,"date":"2025-08-28T04:18:45","date_gmt":"2025-08-28T01:18:45","guid":{"rendered":"https:\/\/roveyayinevi.com.tr\/index.php\/urun\/ayurveda-2\/"},"modified":"2026-04-16T03:03:38","modified_gmt":"2026-04-16T00:03:38","slug":"ayurveda-2","status":"publish","type":"product","link":"https:\/\/roveyayinevi.com.tr\/index.php\/urun\/ayurveda-2\/","title":{"rendered":"Ayurveda"},"content":{"rendered":"<p>\u201cAyurveda\u2019n\u0131n sa\u011fl\u0131\u011fa dair sundu\u011fu benzersiz yakla\u015f\u0131m bize,kendi b\u00fcnyemizi ve e\u011filimlerimizi \u00f6\u011frenme ve d\u00fcnyay\u0131 anlama f\u0131rsat\u0131 sunar.\u201d \u201cYa\u015fam bilimi\u201d anlam\u0131na gelen kadim Hint \u00f6\u011fretisi Ayurveda\u2019n\u0131n ge\u00e7mi\u015fi, be\u015f bin y\u0131l \u00f6ncesine dayan\u0131r. Ayurveda fiziksel, zihinsel, sosyal ve ruhsal uyumu geli\u015ftirmek konusunda bize rehberlik ederek sa\u011fl\u0131kl\u0131 ya\u015fama dair b\u00fct\u00fcnc\u00fcl bir yakla\u015f\u0131m geli\u015ftirmemize olanak sa\u011flar. Ayurveda ilmine dair genel bilgilerin yan\u0131 s\u0131ra te\u015fhis, \u00f6nleyici t\u0131p ve farkl\u0131 rahats\u0131zl\u0131klara yakla\u015f\u0131m bi\u00e7imleri gibi \u00f6zel bilgileri de okuyucuyla payla\u015fan Ayurveda: Sa\u011fl\u0131\u011fa B\u00fct\u00fcnsel Bir Yakla\u015f\u0131m, bu geleneksel t\u0131p sistemine ili\u015fkin eri\u015filebilir ve pratik bir rehberdir.<\/p>\n","protected":false},"excerpt":{"rendered":"<p>\u201cAyurveda\u2019n\u0131n sa\u011fl\u0131\u011fa dair sundu\u011fu benzersiz yakla\u015f\u0131m bize,kendi b\u00fcnyemizi ve e\u011filimlerimizi \u00f6\u011frenme ve d\u00fcnyay\u0131 anlama f\u0131rsat\u0131 sunar.\u201d \u201cYa\u015fam bilimi\u201d anlam\u0131na gelen kadim Hint \u00f6\u011fretisi Ayurveda\u2019n\u0131n ge\u00e7mi\u015fi, be\u015f<span class=\"excerpt-hellip\"> [\u2026]<\/span><\/p>\n","protected":false},"featured_media":0,"template":"","meta":{"_monsterinsights_skip_tracking":false,"_monsterinsights_sitenote_active":false,"_monsterinsights_sitenote_note":"","_monsterinsights_sitenote_category":0},"product_brand":[],"product_cat":[16965,13365],"product_tag":[],"class_list":{"0":"post-750348","1":"product","2":"type-product","3":"status-publish","5":"product_cat-genel-saglik-kitaplari","6":"product_cat-saglik","7":"pa_cilt-ciltsiz","8":"pa_tur-kitap","9":"pa_yayinevi-omega","10":"pa_yazar-reenita-malhotra-hora","12":"first","13":"instock","14":"sale","15":"shipping-taxable","16":"purchasable","17":"product-type-simple"},"_links":{"self":[{"href":"https:\/\/roveyayinevi.com.tr\/index.php\/wp-json\/wp\/v2\/product\/750348","targetHints":{"allow":["GET"]}}],"collection":[{"href":"https:\/\/roveyayinevi.com.tr\/index.php\/wp-json\/wp\/v2\/product"}],"about":[{"href":"https:\/\/roveyayinevi.com.tr\/index.php\/wp-json\/wp\/v2\/types\/product"}],"wp:attachment":[{"href":"https:\/\/roveyayinevi.com.tr\/index.php\/wp-json\/wp\/v2\/media?parent=750348"}],"wp:term":[{"taxonomy":"product_brand","embeddable":true,"href":"https:\/\/roveyayinevi.com.tr\/index.php\/wp-json\/wp\/v2\/product_brand?post=750348"},{"taxonomy":"product_cat","embeddable":true,"href":"https:\/\/roveyayinevi.com.tr\/index.php\/wp-json\/wp\/v2\/product_cat?post=750348"},{"taxonomy":"product_tag","embeddable":true,"href":"https:\/\/roveyayinevi.com.tr\/index.php\/wp-json\/wp\/v2\/product_tag?post=750348"}],"curies":[{"name":"wp","href":"https:\/\/api.w.org\/{rel}","templated":true}]}}