{"id":750342,"date":"2025-08-28T04:18:38","date_gmt":"2025-08-28T01:18:38","guid":{"rendered":"https:\/\/roveyayinevi.com.tr\/index.php\/urun\/kisa-yunanistan-tarihi\/"},"modified":"2026-04-16T03:03:38","modified_gmt":"2026-04-16T00:03:38","slug":"kisa-yunanistan-tarihi","status":"publish","type":"product","link":"https:\/\/roveyayinevi.com.tr\/index.php\/urun\/kisa-yunanistan-tarihi\/","title":{"rendered":"K\u0131sa Yunanistan Tarihi"},"content":{"rendered":"<p>Felsefe, sanat, dil, demokrasi, hepsi de Yunan uygarl\u0131\u011f\u0131n\u0131n \u00fcr\u00fcnleri taraf\u0131ndan \u015fekillendirildi. Yine de bizlere bu kadar \u00e7ok \u015fey katan bir halk ve yer hakk\u0131nda \u00e7ok az \u015fey biliyoruz. Akropolis ve B\u00fcy\u00fck \u0130skender tan\u0131d\u0131k gelebilir ama ya Yunan d\u00fcnyas\u0131n\u0131 Sparta zulm\u00fcnden kurtaran Thebaili general Epameinondas hakk\u0131nda ne biliyoruz? Modern Yunanistan\u2019\u0131n hik\u00e2yesi ise b\u00f6l\u00fcnme ve diktat\u00f6rl\u00fck arac\u0131l\u0131\u011f\u0131yla kurtulu\u015f ve geni\u015fleme, Nazi i\u015fgali, i\u00e7 sava\u015f ve kemer s\u0131kma politikalar\u0131yla dramatik bir zafer ve felaketler silsilesidir. K\u0131sa Yunanistan Tarihi\u2019nde James Heneage Yunanlar\u0131n \u00fc\u00e7 bin y\u0131l\u0131 a\u015fk\u0131n s\u00fcredir devam eden ser\u00fcvenini anlat\u0131rken demokrasilerimizi yeniden d\u00fczenlemeye yarayacak \u00f6nemli sonu\u00e7lar da sunuyor. Alfa\u2019dan Omega\u2019ya, Sokrates\u2019ten Siriza\u2019ya t\u00fcm Yunan tarihi, Maraton\u2019dan Atina\u2019ya ko\u015fan Filippides\u2019e yara\u015f\u0131r bir h\u0131zla ve ustal\u0131kla anlat\u0131lm\u0131\u015f. <\/p>\n","protected":false},"excerpt":{"rendered":"<p>Felsefe, sanat, dil, demokrasi, hepsi de Yunan uygarl\u0131\u011f\u0131n\u0131n \u00fcr\u00fcnleri taraf\u0131ndan \u015fekillendirildi. Yine de bizlere bu kadar \u00e7ok \u015fey katan bir halk ve yer hakk\u0131nda \u00e7ok az<span class=\"excerpt-hellip\"> [\u2026]<\/span><\/p>\n","protected":false},"featured_media":0,"template":"","meta":{"_monsterinsights_skip_tracking":false,"_monsterinsights_sitenote_active":false,"_monsterinsights_sitenote_note":"","_monsterinsights_sitenote_category":0},"product_brand":[],"product_cat":[12312,12304],"product_tag":[],"class_list":{"0":"post-750342","1":"product","2":"type-product","3":"status-publish","5":"product_cat-diger","6":"product_cat-tarih","7":"pa_cilt-ciltsiz","8":"pa_tur-kitap","9":"pa_yayinevi-say-yayinlari","10":"pa_yazar-james-heneage","12":"first","13":"instock","14":"sale","15":"shipping-taxable","16":"purchasable","17":"product-type-simple"},"_links":{"self":[{"href":"https:\/\/roveyayinevi.com.tr\/index.php\/wp-json\/wp\/v2\/product\/750342","targetHints":{"allow":["GET"]}}],"collection":[{"href":"https:\/\/roveyayinevi.com.tr\/index.php\/wp-json\/wp\/v2\/product"}],"about":[{"href":"https:\/\/roveyayinevi.com.tr\/index.php\/wp-json\/wp\/v2\/types\/product"}],"wp:attachment":[{"href":"https:\/\/roveyayinevi.com.tr\/index.php\/wp-json\/wp\/v2\/media?parent=750342"}],"wp:term":[{"taxonomy":"product_brand","embeddable":true,"href":"https:\/\/roveyayinevi.com.tr\/index.php\/wp-json\/wp\/v2\/product_brand?post=750342"},{"taxonomy":"product_cat","embeddable":true,"href":"https:\/\/roveyayinevi.com.tr\/index.php\/wp-json\/wp\/v2\/product_cat?post=750342"},{"taxonomy":"product_tag","embeddable":true,"href":"https:\/\/roveyayinevi.com.tr\/index.php\/wp-json\/wp\/v2\/product_tag?post=750342"}],"curies":[{"name":"wp","href":"https:\/\/api.w.org\/{rel}","templated":true}]}}