{"id":750340,"date":"2025-08-28T04:18:36","date_gmt":"2025-08-28T01:18:36","guid":{"rendered":"https:\/\/roveyayinevi.com.tr\/index.php\/urun\/islam-cagimiza-yanit-verebilir-mi\/"},"modified":"2026-04-16T03:03:38","modified_gmt":"2026-04-16T00:03:38","slug":"islam-cagimiza-yanit-verebilir-mi","status":"publish","type":"product","link":"https:\/\/roveyayinevi.com.tr\/index.php\/urun\/islam-cagimiza-yanit-verebilir-mi\/","title":{"rendered":"\u0130slam \u00c7a\u011f\u0131m\u0131za Yan\u0131t Verebilir mi?"},"content":{"rendered":"<p>Son y\u0131llarda hemen hemen b\u00fct\u00fcn M\u00fcsl\u00fcman \u00fclkeler, \u015feriat\u00e7\u0131 ak\u0131mlarla \u00e7alkalan\u0131yorlar. Kimi yerde iktidara da gelmi\u015f bu ak\u0131mlar\u0131n mesaj\u0131nda, din ve inan\u00e7 \u00f6zg\u00fcrl\u00fc\u011f\u00fc ile yetinmeyip toplumu, devleti, giderek bireyi, \u0130slam\u2019a g\u00f6re yeniden bi\u00e7imlendirmek var ve i\u015fin ger\u00e7e\u011fi, \u0130slam da malzeme veriyor onlara. \u00c7a\u011f\u0131m\u0131zla ilgisi ne bu mesaj\u0131n? Akl\u0131n ve bilimin \u00f6nc\u00fcl\u00fc\u011f\u00fc, d\u00fc\u015f\u00fcnce ve \u00f6rg\u00fctlenme \u00f6zg\u00fcrl\u00fc\u011f\u00fc, ba\u015fta emek\u00e7ilerin ve kad\u0131nlar\u0131nkiler olmak \u00fczere temel insan haklar\u0131, k\u0131sacas\u0131 uygarl\u0131\u011f\u0131n ula\u015ft\u0131\u011f\u0131 vazge\u00e7ilmez de\u011ferler g\u00f6z \u00f6n\u00fcnde tutuldu\u011funda, neyi temsil ediyor bu ak\u0131mlar? \u0130slam\u2019\u0131n uyan\u0131\u015f\u0131 m\u0131 g\u00f6rd\u00fcklerimiz? Yoksa, \u00e7a\u011f\u0131n\u0131 yakalama yolunda XIX. Y\u00fczy\u0131ldan bu yana hayli mesafeler alm\u0131\u015f M\u00fcsl\u00fcman d\u00fcnyan\u0131n ilerleyi\u015fini durdurmakla kalmay\u0131p onu daha da gerilere sav\u0131p savuracak gericilik r\u00fczg\u00e2rlar\u0131 m\u0131? T\u00fcrkiye gibi \u201cAyd\u0131nlanma\u201d yolunda nice menzillere eri\u015fmi\u015f, akl\u0131 ve bilimi tek yol g\u00f6sterici olarak bellemi\u015f, ve \u00f6yle oldu\u011fu i\u00e7in de laik ilkeyi kabul etmi\u015f bir \u00fclke bak\u0131m\u0131ndan, daha da yak\u0131c\u0131 sorular bunlar. T\u00fcrkiye s\u00f6z konusu oldu\u011funda, demokrasi de g\u00fcndeme geliyor: Onu, laik zeminden ayr\u0131 d\u00fc\u015f\u00fcnebilir miyiz? Yoksa demokrasi ile laiklik, etle t\u0131rnak gibi birbirine ba\u011fl\u0131 s\u00fcre\u00e7ler mi? Okuyunuz g\u00f6receksiniz\u2026 <\/p>\n","protected":false},"excerpt":{"rendered":"<p>Son y\u0131llarda hemen hemen b\u00fct\u00fcn M\u00fcsl\u00fcman \u00fclkeler, \u015feriat\u00e7\u0131 ak\u0131mlarla \u00e7alkalan\u0131yorlar. Kimi yerde iktidara da gelmi\u015f bu ak\u0131mlar\u0131n mesaj\u0131nda, din ve inan\u00e7 \u00f6zg\u00fcrl\u00fc\u011f\u00fc ile yetinmeyip toplumu, devleti,<span class=\"excerpt-hellip\"> [\u2026]<\/span><\/p>\n","protected":false},"featured_media":0,"template":"","meta":{"_monsterinsights_skip_tracking":false,"_monsterinsights_sitenote_active":false,"_monsterinsights_sitenote_note":"","_monsterinsights_sitenote_category":0},"product_brand":[],"product_cat":[13036,12718,12719],"product_tag":[],"class_list":{"0":"post-750340","1":"product","2":"type-product","3":"status-publish","5":"product_cat-arastirma-inceleme-islam","6":"product_cat-din","7":"product_cat-islam","8":"pa_cilt-ciltsiz","9":"pa_tur-kitap","10":"pa_yayinevi-cumhuriyet-kitaplari","11":"pa_yazar-server-tanilli","13":"first","14":"instock","15":"sale","16":"shipping-taxable","17":"purchasable","18":"product-type-simple"},"_links":{"self":[{"href":"https:\/\/roveyayinevi.com.tr\/index.php\/wp-json\/wp\/v2\/product\/750340","targetHints":{"allow":["GET"]}}],"collection":[{"href":"https:\/\/roveyayinevi.com.tr\/index.php\/wp-json\/wp\/v2\/product"}],"about":[{"href":"https:\/\/roveyayinevi.com.tr\/index.php\/wp-json\/wp\/v2\/types\/product"}],"wp:attachment":[{"href":"https:\/\/roveyayinevi.com.tr\/index.php\/wp-json\/wp\/v2\/media?parent=750340"}],"wp:term":[{"taxonomy":"product_brand","embeddable":true,"href":"https:\/\/roveyayinevi.com.tr\/index.php\/wp-json\/wp\/v2\/product_brand?post=750340"},{"taxonomy":"product_cat","embeddable":true,"href":"https:\/\/roveyayinevi.com.tr\/index.php\/wp-json\/wp\/v2\/product_cat?post=750340"},{"taxonomy":"product_tag","embeddable":true,"href":"https:\/\/roveyayinevi.com.tr\/index.php\/wp-json\/wp\/v2\/product_tag?post=750340"}],"curies":[{"name":"wp","href":"https:\/\/api.w.org\/{rel}","templated":true}]}}