{"id":750339,"date":"2025-08-28T04:18:34","date_gmt":"2025-08-28T01:18:34","guid":{"rendered":"https:\/\/roveyayinevi.com.tr\/index.php\/urun\/kisa-dinler-tarihi\/"},"modified":"2026-04-16T03:03:38","modified_gmt":"2026-04-16T00:03:38","slug":"kisa-dinler-tarihi","status":"publish","type":"product","link":"https:\/\/roveyayinevi.com.tr\/index.php\/urun\/kisa-dinler-tarihi\/","title":{"rendered":"K\u0131sa Dinler Tarihi"},"content":{"rendered":"<p>\u0130\u00e7inde bulundu\u011fumuz \u00e7a\u011fda d\u00fcnyan\u0131n bir\u00e7ok yerinde \u00e7at\u0131\u015fmalar\u0131n h\u00fck\u00fcm s\u00fcrd\u00fc\u011f\u00fcn\u00fc biliyoruz ve b\u00f6yle bir iklimde ba\u015fka k\u00fclt\u00fcrlerin dinlerini ve felsefelerini anlayabilmek belki de her zamankinden \u00e7ok \u00f6nemli. Bu kitap Yahudilik, H\u0131ristiyanl\u0131k, \u0130slam, Budizm ve Hinduizm gibi d\u00fcnyan\u0131n en pop\u00fcler dinlerinin k\u00f6kenlerine, inan\u00e7lar\u0131na, ibadet bi\u00e7imlerine ve kutsal yaz\u0131lar\u0131na a\u00e7\u0131klay\u0131c\u0131 ve temel bir giri\u015f sunarken k\u00fc\u00e7\u00fck gruplar taraf\u0131ndan benimsenen ba\u011f\u0131ms\u0131z inan\u00e7 sistemlerini de unutmuyor. Ayn\u0131 zamanda t\u0131bbi tedavi g\u00f6rmeyi reddeden H\u0131ristiyan Bilimi hareketinden, milyonlarca \u00c7inli taraf\u0131ndan benimsenen ve bir zihin-beden egzersizi olan \u00c7igong\u2019a ve Scientology gibi UFO dinlerine kadar yeni ak\u0131mlar\u0131n ilgin\u00e7 uygulamalar\u0131n\u0131 inceliyor. <\/p>\n","protected":false},"excerpt":{"rendered":"<p>\u0130\u00e7inde bulundu\u011fumuz \u00e7a\u011fda d\u00fcnyan\u0131n bir\u00e7ok yerinde \u00e7at\u0131\u015fmalar\u0131n h\u00fck\u00fcm s\u00fcrd\u00fc\u011f\u00fcn\u00fc biliyoruz ve b\u00f6yle bir iklimde ba\u015fka k\u00fclt\u00fcrlerin dinlerini ve felsefelerini anlayabilmek belki de her zamankinden \u00e7ok \u00f6nemli.<span class=\"excerpt-hellip\"> [\u2026]<\/span><\/p>\n","protected":false},"featured_media":0,"template":"","meta":{"_monsterinsights_skip_tracking":false,"_monsterinsights_sitenote_active":false,"_monsterinsights_sitenote_note":"","_monsterinsights_sitenote_category":0},"product_brand":[],"product_cat":[12718,16794],"product_tag":[],"class_list":{"0":"post-750339","1":"product","2":"type-product","3":"status-publish","5":"product_cat-din","6":"product_cat-dinler-tarihi","7":"pa_cilt-ciltsiz","8":"pa_tur-kitap","9":"pa_yayinevi-say-yayinlari","10":"pa_yazar-gordon-kerr","12":"first","13":"instock","14":"sale","15":"shipping-taxable","16":"purchasable","17":"product-type-simple"},"_links":{"self":[{"href":"https:\/\/roveyayinevi.com.tr\/index.php\/wp-json\/wp\/v2\/product\/750339","targetHints":{"allow":["GET"]}}],"collection":[{"href":"https:\/\/roveyayinevi.com.tr\/index.php\/wp-json\/wp\/v2\/product"}],"about":[{"href":"https:\/\/roveyayinevi.com.tr\/index.php\/wp-json\/wp\/v2\/types\/product"}],"wp:attachment":[{"href":"https:\/\/roveyayinevi.com.tr\/index.php\/wp-json\/wp\/v2\/media?parent=750339"}],"wp:term":[{"taxonomy":"product_brand","embeddable":true,"href":"https:\/\/roveyayinevi.com.tr\/index.php\/wp-json\/wp\/v2\/product_brand?post=750339"},{"taxonomy":"product_cat","embeddable":true,"href":"https:\/\/roveyayinevi.com.tr\/index.php\/wp-json\/wp\/v2\/product_cat?post=750339"},{"taxonomy":"product_tag","embeddable":true,"href":"https:\/\/roveyayinevi.com.tr\/index.php\/wp-json\/wp\/v2\/product_tag?post=750339"}],"curies":[{"name":"wp","href":"https:\/\/api.w.org\/{rel}","templated":true}]}}