{"id":750338,"date":"2025-08-28T04:18:33","date_gmt":"2025-08-28T01:18:33","guid":{"rendered":"https:\/\/roveyayinevi.com.tr\/index.php\/urun\/doganin-gizli-agi\/"},"modified":"2026-04-16T03:03:38","modified_gmt":"2026-04-16T00:03:38","slug":"doganin-gizli-agi","status":"publish","type":"product","link":"https:\/\/roveyayinevi.com.tr\/index.php\/urun\/doganin-gizli-agi\/","title":{"rendered":"Do\u011fan\u0131n Gizli A\u011f\u0131"},"content":{"rendered":"<p>Do\u011fa akla hayale gelmeyecek s\u00fcrprizle dolu ve bizim bildi\u011fimizden \u00e7ok daha karma\u015f\u0131k. Y\u0131llar\u0131n ormanc\u0131s\u0131 ve \u00e7ok okunan kitaplar\u0131n yazar\u0131 Peter Wohlleben, en son bilimsel bulgular\u0131 ve onlarca y\u0131ll\u0131k g\u00f6zlemlerini kullanarak bize bir kez daha do\u011faya hayret etmeyi \u00f6\u011fretiyor. Ve etraf\u0131m\u0131zdaki d\u00fcnyay\u0131 yepyeni g\u00f6zlerle g\u00f6rmemizi sa\u011fl\u0131yor.   Do\u011fadaki canl\u0131lar birbirlerini nas\u0131l etkiliyor? Farkl\u0131 t\u00fcrler aras\u0131nda nas\u0131l bir ileti\u015fim var? Do\u011fan\u0131n o me\u015fhur dengesi ger\u00e7ekten bizim zannetti\u011fimiz gibi mi i\u015fliyor?   \u201cDo\u011fada her \u015fey birbiriyle ili\u015fki i\u00e7indedir. Bu ili\u015fki a\u011f\u0131 \u00f6ylesine karma\u015f\u0131k ve incelikle dallan\u0131p budaklanm\u0131\u015ft\u0131r ki muhtemelen tam anlam\u0131yla kavray\u0131p \u00e7\u00f6zmemiz hi\u00e7bir zaman m\u00fcmk\u00fcn olmayacak. B\u00f6yle olmas\u0131 asl\u0131nda daha iyi san\u0131r\u0131m; zira hayvanlara ve bitkilere bakt\u0131k\u00e7a ya\u015fad\u0131\u011f\u0131m\u0131z \u015fa\u015fk\u0131nl\u0131\u011f\u0131 hi\u00e7bir zaman yitirmeyece\u011fiz. En m\u00fchimiyse k\u00fc\u00e7\u00fcc\u00fck m\u00fcdahalelerin bile \u00e7ok b\u00fcy\u00fck sonu\u00e7lar\u0131 olabilece\u011fini kavramam\u0131z ve \u00e7ok gerekmedik\u00e7e burnumuzu do\u011fan\u0131n i\u015fine sokmaktan ka\u00e7\u0131nmam\u0131z olacakt\u0131r.   \u015eimdi bu hassas a\u011f\u0131 daha net g\u00f6rebilmemiz i\u00e7in size baz\u0131 \u00f6rnekler vermek istiyorum. O halde \u015fimdi gelin birlikte \u015fa\u015f\u0131ral\u0131m!\u201d <\/p>\n","protected":false},"excerpt":{"rendered":"<p>Do\u011fa akla hayale gelmeyecek s\u00fcrprizle dolu ve bizim bildi\u011fimizden \u00e7ok daha karma\u015f\u0131k. Y\u0131llar\u0131n ormanc\u0131s\u0131 ve \u00e7ok okunan kitaplar\u0131n yazar\u0131 Peter Wohlleben, en son bilimsel bulgular\u0131 ve<span class=\"excerpt-hellip\"> [\u2026]<\/span><\/p>\n","protected":false},"featured_media":0,"template":"","meta":{"_monsterinsights_skip_tracking":false,"_monsterinsights_sitenote_active":false,"_monsterinsights_sitenote_note":"","_monsterinsights_sitenote_category":0},"product_brand":[],"product_cat":[23323,12364],"product_tag":[],"class_list":{"0":"post-750338","1":"product","2":"type-product","3":"status-publish","5":"product_cat-ekoloji","6":"product_cat-genel-konular","7":"pa_cilt-ciltsiz","8":"pa_tur-kitap","9":"pa_yayinevi-kolektif-kitap","10":"pa_yazar-peter-wohlleben","12":"first","13":"instock","14":"sale","15":"shipping-taxable","16":"purchasable","17":"product-type-simple"},"_links":{"self":[{"href":"https:\/\/roveyayinevi.com.tr\/index.php\/wp-json\/wp\/v2\/product\/750338","targetHints":{"allow":["GET"]}}],"collection":[{"href":"https:\/\/roveyayinevi.com.tr\/index.php\/wp-json\/wp\/v2\/product"}],"about":[{"href":"https:\/\/roveyayinevi.com.tr\/index.php\/wp-json\/wp\/v2\/types\/product"}],"wp:attachment":[{"href":"https:\/\/roveyayinevi.com.tr\/index.php\/wp-json\/wp\/v2\/media?parent=750338"}],"wp:term":[{"taxonomy":"product_brand","embeddable":true,"href":"https:\/\/roveyayinevi.com.tr\/index.php\/wp-json\/wp\/v2\/product_brand?post=750338"},{"taxonomy":"product_cat","embeddable":true,"href":"https:\/\/roveyayinevi.com.tr\/index.php\/wp-json\/wp\/v2\/product_cat?post=750338"},{"taxonomy":"product_tag","embeddable":true,"href":"https:\/\/roveyayinevi.com.tr\/index.php\/wp-json\/wp\/v2\/product_tag?post=750338"}],"curies":[{"name":"wp","href":"https:\/\/api.w.org\/{rel}","templated":true}]}}