{"id":750337,"date":"2025-08-28T04:18:31","date_gmt":"2025-08-28T01:18:31","guid":{"rendered":"https:\/\/roveyayinevi.com.tr\/index.php\/urun\/kuma-kuma-kuma-bear-cilt-3-somizli\/"},"modified":"2026-04-16T03:03:38","modified_gmt":"2026-04-16T00:03:38","slug":"kuma-kuma-kuma-bear-cilt-3-somizli","status":"publish","type":"product","link":"https:\/\/roveyayinevi.com.tr\/index.php\/urun\/kuma-kuma-kuma-bear-cilt-3-somizli\/","title":{"rendered":"Kuma Kuma Kuma Bear Cilt 3 (\u015e\u00f6mizli)"},"content":{"rendered":"<p>Yuna, bah\u00e7eli ve iki katl\u0131 Kuma Evi&#8217;ni in\u015fa etti, bir s\u00fcr\u00fc insanla tan\u0131\u015ft\u0131 ve Paralel D\u00fcnya\u2019daki hayat\u0131na al\u0131\u015fmaya ba\u015flad\u0131.   Yuna, bir g\u00fcn loncaya gitti\u011finde \u201cK\u00f6y\u00fcm\u00fcz\u00fc y\u0131landan kurtar\u0131n,\u201d diye a\u011flayan Kai ad\u0131ndaki \u00e7ocukla kar\u015f\u0131la\u015f\u0131r. Beraber k\u00f6ye do\u011fru yola \u00e7\u0131karlar. Ancak bu y\u0131lan dev gibidir ve kendini iyile\u015ftirebilen \u00e7ok g\u00fc\u00e7l\u00fc bir d\u00fc\u015fmand\u0131r. Her kar\u015f\u0131la\u015fma, yepyeni kar\u015f\u0131la\u015ft\u0131rmalar\u0131 da beraberinde getirir.   \u00c7ok sevilen Paralel D\u00fcnya\u2019daki Kuma k\u0131z hik\u00e2yesinin 3. cildi kar\u015f\u0131n\u0131zda! <\/p>\n","protected":false},"excerpt":{"rendered":"<p>Yuna, bah\u00e7eli ve iki katl\u0131 Kuma Evi&#8217;ni in\u015fa etti, bir s\u00fcr\u00fc insanla tan\u0131\u015ft\u0131 ve Paralel D\u00fcnya\u2019daki hayat\u0131na al\u0131\u015fmaya ba\u015flad\u0131. Yuna, bir g\u00fcn loncaya gitti\u011finde \u201cK\u00f6y\u00fcm\u00fcz\u00fc y\u0131landan<span class=\"excerpt-hellip\"> [\u2026]<\/span><\/p>\n","protected":false},"featured_media":0,"template":"","meta":{"_monsterinsights_skip_tracking":false,"_monsterinsights_sitenote_active":false,"_monsterinsights_sitenote_note":"","_monsterinsights_sitenote_category":0},"product_brand":[],"product_cat":[12416,12291],"product_tag":[],"class_list":{"0":"post-750337","1":"product","2":"type-product","3":"status-publish","5":"product_cat-cizgi-roman","6":"product_cat-edebiyat","7":"pa_cilt-ciltsiz","8":"pa_tur-kitap","9":"pa_yayinevi-kayip-kita-yayinlari","10":"pa_yazar-kumanano","12":"first","13":"instock","14":"sale","15":"shipping-taxable","16":"purchasable","17":"product-type-simple"},"_links":{"self":[{"href":"https:\/\/roveyayinevi.com.tr\/index.php\/wp-json\/wp\/v2\/product\/750337","targetHints":{"allow":["GET"]}}],"collection":[{"href":"https:\/\/roveyayinevi.com.tr\/index.php\/wp-json\/wp\/v2\/product"}],"about":[{"href":"https:\/\/roveyayinevi.com.tr\/index.php\/wp-json\/wp\/v2\/types\/product"}],"wp:attachment":[{"href":"https:\/\/roveyayinevi.com.tr\/index.php\/wp-json\/wp\/v2\/media?parent=750337"}],"wp:term":[{"taxonomy":"product_brand","embeddable":true,"href":"https:\/\/roveyayinevi.com.tr\/index.php\/wp-json\/wp\/v2\/product_brand?post=750337"},{"taxonomy":"product_cat","embeddable":true,"href":"https:\/\/roveyayinevi.com.tr\/index.php\/wp-json\/wp\/v2\/product_cat?post=750337"},{"taxonomy":"product_tag","embeddable":true,"href":"https:\/\/roveyayinevi.com.tr\/index.php\/wp-json\/wp\/v2\/product_tag?post=750337"}],"curies":[{"name":"wp","href":"https:\/\/api.w.org\/{rel}","templated":true}]}}