{"id":750336,"date":"2025-08-28T04:18:30","date_gmt":"2025-08-28T01:18:30","guid":{"rendered":"https:\/\/roveyayinevi.com.tr\/index.php\/urun\/arketip-kartlar\/"},"modified":"2026-04-16T03:03:38","modified_gmt":"2026-04-16T00:03:38","slug":"arketip-kartlar","status":"publish","type":"product","link":"https:\/\/roveyayinevi.com.tr\/index.php\/urun\/arketip-kartlar\/","title":{"rendered":"Arketip Kartlar"},"content":{"rendered":"<p>Arketipler, Carl Jung\u2019un tabiriyle \u201cortak bilin\u00e7alt\u0131na\u201d g\u00f6m\u00fclm\u00fc\u015f kadim, evrensel kal\u0131plard\u0131r. Caroline Myss, her biri farkl\u0131 bir arketipin temel Olumlu ve G\u00f6lge Niteliklerini g\u00f6stermek i\u00e7in tasarlanm\u0131\u015f 74 Arketip Kart\u0131\u2019ndan olu\u015fan e\u015fsiz bir deste tasarlad\u0131. Destede ayr\u0131ca kendi arketiplerinizi yaratabilece\u011finiz 6 bo\u015f kart da yer almaktad\u0131r. Bu desteye psi\u015fenizde en \u00e7ok hangi Arketiplerin aktif oldu\u011funu belirlemenize ve bunlar\u0131n nas\u0131l sizi hayat\u0131n\u0131zda daha b\u00fcy\u00fck i\u00e7g\u00f6r\u00fcler kazanmaya y\u00f6neltebilece\u011fini anlaman\u0131za yard\u0131m etmek i\u00e7in kartlar\u0131n nas\u0131l kullan\u0131laca\u011f\u0131n\u0131 a\u00e7\u0131klayan bir kitap\u00e7\u0131k da e\u015flik ediyor. Bu deste tek ba\u015f\u0131na kullan\u0131labilece\u011fi gibi Caroline\u2019in Sacred Contracts kitab\u0131yla ya da ba\u015fka herhangi bir \u00e7al\u0131\u015fmas\u0131 ve semineriyle birlikte de kullan\u0131labilir.   ARKET\u0130P KARTLAR REHBER K\u0130TABI: Bu kitap\u00e7\u0131k Arketip Kartlar\u2019\u0131n psi\u015fenizde en \u00e7ok hangi arketipin bask\u0131n oldu\u011funu belirlemeye yard\u0131m etmek i\u00e7in nas\u0131l kullan\u0131laca\u011f\u0131n\u0131 ve sizi hayat\u0131n\u0131zda nas\u0131l daha b\u00fcy\u00fck i\u00e7g\u00f6r\u00fcler kazanmaya y\u00f6nlendirebilece\u011fini a\u00e7\u0131kl\u0131yor. <\/p>\n","protected":false},"excerpt":{"rendered":"<p>Arketipler, Carl Jung\u2019un tabiriyle \u201cortak bilin\u00e7alt\u0131na\u201d g\u00f6m\u00fclm\u00fc\u015f kadim, evrensel kal\u0131plard\u0131r. Caroline Myss, her biri farkl\u0131 bir arketipin temel Olumlu ve G\u00f6lge Niteliklerini g\u00f6stermek i\u00e7in tasarlanm\u0131\u015f 74<span class=\"excerpt-hellip\"> [\u2026]<\/span><\/p>\n","protected":false},"featured_media":0,"template":"","meta":{"_monsterinsights_skip_tracking":false,"_monsterinsights_sitenote_active":false,"_monsterinsights_sitenote_note":"","_monsterinsights_sitenote_category":0},"product_brand":[],"product_cat":[18082,15563],"product_tag":[],"class_list":{"0":"post-750336","1":"product","2":"type-product","3":"status-publish","5":"product_cat-astroloji-fal-ruya","6":"product_cat-hobi","7":"pa_cilt-ciltsiz","8":"pa_tur-kitap","9":"pa_yayinevi-butik-yayinlari","10":"pa_yazar-caroline-myss","12":"first","13":"instock","14":"sale","15":"shipping-taxable","16":"purchasable","17":"product-type-simple"},"_links":{"self":[{"href":"https:\/\/roveyayinevi.com.tr\/index.php\/wp-json\/wp\/v2\/product\/750336","targetHints":{"allow":["GET"]}}],"collection":[{"href":"https:\/\/roveyayinevi.com.tr\/index.php\/wp-json\/wp\/v2\/product"}],"about":[{"href":"https:\/\/roveyayinevi.com.tr\/index.php\/wp-json\/wp\/v2\/types\/product"}],"wp:attachment":[{"href":"https:\/\/roveyayinevi.com.tr\/index.php\/wp-json\/wp\/v2\/media?parent=750336"}],"wp:term":[{"taxonomy":"product_brand","embeddable":true,"href":"https:\/\/roveyayinevi.com.tr\/index.php\/wp-json\/wp\/v2\/product_brand?post=750336"},{"taxonomy":"product_cat","embeddable":true,"href":"https:\/\/roveyayinevi.com.tr\/index.php\/wp-json\/wp\/v2\/product_cat?post=750336"},{"taxonomy":"product_tag","embeddable":true,"href":"https:\/\/roveyayinevi.com.tr\/index.php\/wp-json\/wp\/v2\/product_tag?post=750336"}],"curies":[{"name":"wp","href":"https:\/\/api.w.org\/{rel}","templated":true}]}}