{"id":750335,"date":"2025-08-28T04:18:28","date_gmt":"2025-08-28T01:18:28","guid":{"rendered":"https:\/\/roveyayinevi.com.tr\/index.php\/urun\/eski-ile-yeni-arasinda-irtika-dergisi\/"},"modified":"2026-03-12T03:11:54","modified_gmt":"2026-03-12T00:11:54","slug":"eski-ile-yeni-arasinda-irtika-dergisi","status":"publish","type":"product","link":"https:\/\/roveyayinevi.com.tr\/index.php\/urun\/eski-ile-yeni-arasinda-irtika-dergisi\/","title":{"rendered":"Eski \u0130le Yeni Aras\u0131nda \u0130rtika Dergisi"},"content":{"rendered":"<p>Osmanl\u0131 Devleti\u2019nin son y\u00fczy\u0131l\u0131nda yay\u0131n ve bas\u0131n faaliyetleri h\u0131z kazanm\u0131\u015ft\u0131r. 19.yy.\u2019\u0131n ikinci yar\u0131s\u0131ndan itibaren gazete ve dergi faaliyetleri \u00e7o\u011falm\u0131\u015ft\u0131r. Terc\u00fcm\u00e2n-\u0131 Ahval\u2019in (1860) ba\u015f\u0131n\u0131 \u00e7ekti\u011fi yay\u0131n faaliyetleri hem siyasal hem ticari hem de edeb\u00ee anlamda bir\u00e7ok yenilik ve farkl\u0131l\u0131\u011f\u0131n yay\u0131n d\u00fcnyam\u0131za girmesini sa\u011flam\u0131\u015ft\u0131r. 1895\u2019te kurulan ve Bat\u0131l\u0131 anlamda bir\u00e7ok yenili\u011fin ve ba\u015far\u0131l\u0131 \u00fcr\u00fcn\u00fcn\u00fcn sergilenmesini sa\u011flayan Servetif\u00fcn\u00fbn edeb\u00ee toplulu\u011fu da Servet-i F\u00fcn\u00fbn dergisinin \u00fcr\u00fcn\u00fcd\u00fcr. Onun sanat ve hayat anlay\u0131\u015f\u0131 kar\u015f\u0131s\u0131nda duran, muhalefet eden ve onlar\u0131 benimsemeyen bir\u00e7ok yay\u0131n da ortaya \u00e7\u0131kar. Servetif\u00fcn\u00fbn\u2019un kar\u015f\u0131s\u0131nda Ahmet Mithat Efendi\u2019nin Terc\u00fcm\u00e2n-\u0131 Hak\u00eekat\u2019i (1878-1921) gelene\u011fi \u00e7ok d\u0131\u015flamadan, kendi toplumuna yabanc\u0131la\u015fmadan yenile\u015fmeyi savunur. Onun a\u00e7t\u0131\u011f\u0131 yoldan Baba Tahir olarak bilinen Mehmet Tahir\u2019in sahibi oldu\u011fu Bahar (1883), Malumat (1895-1903), Servet (1898-1903), Musavver Fen ve Edeb (1899-1903) ve \u0130rtik\u00e2 (1899-1904) \u00f6zellikle Servetif\u00fcn\u00fbncular\u0131n kulland\u0131klar\u0131 dil \u00fczerinden onlara y\u00fcklenirler. Edebiyat\u0131m\u0131z\u0131n geli\u015fim \u00e7izgisi genel olarak Servetif\u00fcn\u00fbn \u00fczerinden de\u011ferlendirildi\u011fi i\u00e7in gelene\u011fi d\u0131\u015flamadan yenili\u011fe y\u00fcr\u00fcmeyi ama\u00e7layan bas\u0131n ve yay\u0131n organlar\u0131 ihmal edilmi\u015ftir. Bu konuda umumiyetle y\u00fcksek lisans tez \u00e7al\u0131\u015fmalar\u0131 yap\u0131lmaktad\u0131r. Ancak mezk\u00fbr \u00e7al\u0131\u015fmalar\u0131n kitapla\u015fma oranlar\u0131 biraz d\u00fc\u015f\u00fckt\u00fcr. Okuyaca\u011f\u0131n\u0131z bu kitap bu karanl\u0131\u011f\u0131 ayd\u0131nlatmak i\u00e7in yak\u0131lan bir mum \u0131\u015f\u0131\u011f\u0131 gibidir. Umar\u0131z bundan sonra bu t\u00fcr yay\u0131nlar artar ve edebiyat\u0131m\u0131z tek bak\u0131\u015f a\u00e7\u0131s\u0131ndan de\u011ferlendirilmez.  <\/p>\n","protected":false},"excerpt":{"rendered":"<p>Osmanl\u0131 Devleti\u2019nin son y\u00fczy\u0131l\u0131nda yay\u0131n ve bas\u0131n faaliyetleri h\u0131z kazanm\u0131\u015ft\u0131r. 19.yy.\u2019\u0131n ikinci yar\u0131s\u0131ndan itibaren gazete ve dergi faaliyetleri \u00e7o\u011falm\u0131\u015ft\u0131r. Terc\u00fcm\u00e2n-\u0131 Ahval\u2019in (1860) ba\u015f\u0131n\u0131 \u00e7ekti\u011fi yay\u0131n faaliyetleri<span class=\"excerpt-hellip\"> [\u2026]<\/span><\/p>\n","protected":false},"featured_media":0,"template":"","meta":{"_monsterinsights_skip_tracking":false,"_monsterinsights_sitenote_active":false,"_monsterinsights_sitenote_note":"","_monsterinsights_sitenote_category":0},"product_brand":[],"product_cat":[13072,12291],"product_tag":[],"class_list":{"0":"post-750335","1":"product","2":"type-product","3":"status-publish","5":"product_cat-arastirma-inceleme-referans","6":"product_cat-edebiyat","7":"pa_cilt-ciltsiz","8":"pa_tur-kitap","9":"pa_yayinevi-kirmizi-cati-yayinlari","10":"pa_yazar-cetin-arslan","12":"first","13":"instock","14":"sale","15":"shipping-taxable","16":"purchasable","17":"product-type-simple"},"_links":{"self":[{"href":"https:\/\/roveyayinevi.com.tr\/index.php\/wp-json\/wp\/v2\/product\/750335","targetHints":{"allow":["GET"]}}],"collection":[{"href":"https:\/\/roveyayinevi.com.tr\/index.php\/wp-json\/wp\/v2\/product"}],"about":[{"href":"https:\/\/roveyayinevi.com.tr\/index.php\/wp-json\/wp\/v2\/types\/product"}],"wp:attachment":[{"href":"https:\/\/roveyayinevi.com.tr\/index.php\/wp-json\/wp\/v2\/media?parent=750335"}],"wp:term":[{"taxonomy":"product_brand","embeddable":true,"href":"https:\/\/roveyayinevi.com.tr\/index.php\/wp-json\/wp\/v2\/product_brand?post=750335"},{"taxonomy":"product_cat","embeddable":true,"href":"https:\/\/roveyayinevi.com.tr\/index.php\/wp-json\/wp\/v2\/product_cat?post=750335"},{"taxonomy":"product_tag","embeddable":true,"href":"https:\/\/roveyayinevi.com.tr\/index.php\/wp-json\/wp\/v2\/product_tag?post=750335"}],"curies":[{"name":"wp","href":"https:\/\/api.w.org\/{rel}","templated":true}]}}