{"id":750331,"date":"2025-08-28T04:18:22","date_gmt":"2025-08-28T01:18:22","guid":{"rendered":"https:\/\/roveyayinevi.com.tr\/index.php\/urun\/antik-donemin-rekorlari\/"},"modified":"2026-04-16T03:03:38","modified_gmt":"2026-04-16T00:03:38","slug":"antik-donemin-rekorlari","status":"publish","type":"product","link":"https:\/\/roveyayinevi.com.tr\/index.php\/urun\/antik-donemin-rekorlari\/","title":{"rendered":"Antik D\u00f6nemin Rekorlar\u0131"},"content":{"rendered":"<p>\u015ea\u015f\u0131rt\u0131c\u0131 olaylar, b\u00fcy\u00fck ba\u015far\u0131lar ya da ba\u015far\u0131s\u0131zl\u0131klar tarihin ilk d\u00f6nemlerinden beri insanlar\u0131n dikkatlerini \u00e7ekmeyi ba\u015farm\u0131\u015ft\u0131r. En edepsiz imparatori\u00e7e, en b\u00fcy\u00fck trib\u00fcn kavgas\u0131, olimpiyatlardaki ilk \u015fike, ilk olimpiyat \u015fampiyonu, en \u00e7ok hayvan \u00f6ld\u00fcren imparator, en pahal\u0131 parf\u00fcm, en g\u00fczel model, en y\u0131k\u0131c\u0131 deprem, en zalim imparator, en pahal\u0131 kitap, en kuvvetli imparator, en uzun ki\u015fi\u2026 \u0130sve\u00e7li arkeologlar Allan ve Cecilia Klynne, klasik edebiyat ve k\u00fclt\u00fcrel belle\u011fimizin ayr\u0131lmaz bir par\u00e7as\u0131 haline gelen anekdotlar\u0131, hik\u00e2yeleri, efsaneleri ve eserleri tarayarak antik Yunan ve Roma d\u00f6nemine ait \u015fa\u015f\u0131rt\u0131c\u0131, e\u011flenceli ve t\u00fcyler \u00fcrpertici yakla\u015f\u0131k 800 ba\u015fl\u0131\u011f\u0131 bir ciltte derledi. <\/p>\n","protected":false},"excerpt":{"rendered":"<p>\u015ea\u015f\u0131rt\u0131c\u0131 olaylar, b\u00fcy\u00fck ba\u015far\u0131lar ya da ba\u015far\u0131s\u0131zl\u0131klar tarihin ilk d\u00f6nemlerinden beri insanlar\u0131n dikkatlerini \u00e7ekmeyi ba\u015farm\u0131\u015ft\u0131r. En edepsiz imparatori\u00e7e, en b\u00fcy\u00fck trib\u00fcn kavgas\u0131, olimpiyatlardaki ilk \u015fike, ilk<span class=\"excerpt-hellip\"> [\u2026]<\/span><\/p>\n","protected":false},"featured_media":0,"template":"","meta":{"_monsterinsights_skip_tracking":false,"_monsterinsights_sitenote_active":false,"_monsterinsights_sitenote_note":"","_monsterinsights_sitenote_category":0},"product_brand":[],"product_cat":[12304],"product_tag":[],"class_list":{"0":"post-750331","1":"product","2":"type-product","3":"status-publish","5":"product_cat-tarih","6":"pa_cilt-ciltsiz","7":"pa_tur-kitap","8":"pa_yayinevi-inkilap-kitabevi","9":"pa_yazar-cecilia-klynne-allan-klynne","11":"first","12":"instock","13":"sale","14":"shipping-taxable","15":"purchasable","16":"product-type-simple"},"_links":{"self":[{"href":"https:\/\/roveyayinevi.com.tr\/index.php\/wp-json\/wp\/v2\/product\/750331","targetHints":{"allow":["GET"]}}],"collection":[{"href":"https:\/\/roveyayinevi.com.tr\/index.php\/wp-json\/wp\/v2\/product"}],"about":[{"href":"https:\/\/roveyayinevi.com.tr\/index.php\/wp-json\/wp\/v2\/types\/product"}],"wp:attachment":[{"href":"https:\/\/roveyayinevi.com.tr\/index.php\/wp-json\/wp\/v2\/media?parent=750331"}],"wp:term":[{"taxonomy":"product_brand","embeddable":true,"href":"https:\/\/roveyayinevi.com.tr\/index.php\/wp-json\/wp\/v2\/product_brand?post=750331"},{"taxonomy":"product_cat","embeddable":true,"href":"https:\/\/roveyayinevi.com.tr\/index.php\/wp-json\/wp\/v2\/product_cat?post=750331"},{"taxonomy":"product_tag","embeddable":true,"href":"https:\/\/roveyayinevi.com.tr\/index.php\/wp-json\/wp\/v2\/product_tag?post=750331"}],"curies":[{"name":"wp","href":"https:\/\/api.w.org\/{rel}","templated":true}]}}