{"id":750328,"date":"2025-08-28T04:18:18","date_gmt":"2025-08-28T01:18:18","guid":{"rendered":"https:\/\/roveyayinevi.com.tr\/index.php\/urun\/buyuculer-cagi\/"},"modified":"2026-04-16T03:03:38","modified_gmt":"2026-04-16T00:03:38","slug":"buyuculer-cagi","status":"publish","type":"product","link":"https:\/\/roveyayinevi.com.tr\/index.php\/urun\/buyuculer-cagi\/","title":{"rendered":"B\u00fcy\u00fcc\u00fcler \u00c7a\u011f\u0131"},"content":{"rendered":"<p>Ya\u015fam ve insan varolu\u015fu hakk\u0131nda yeni sorular\u0131n soruldu\u011fu, baz\u0131 fikirlerin ilk kez d\u00fc\u015f\u00fcn\u00fcld\u00fc\u011f\u00fc bir on y\u0131l.Uzun y\u0131llar Philosophie Magazin dergisinin yay\u0131n y\u00f6netmenli\u011fini yapan Wolfram Eilenberger; iki d\u00fcnya sava\u015f\u0131aras\u0131 d\u00f6nemde 1920\u2019lerin ruh halini, b\u00fcy\u00fck belirsizli\u011fi, biten bir sava\u015f\u0131n ard\u0131nda b\u0131rakt\u0131\u011f\u0131 tahribat\u0131 ve birsonrakinin yakla\u015fan ayak seslerini, y\u00fckselen ekonomik krize kar\u015f\u0131n her \u015feye e\u015flik eden ya\u015fam sevincini, eskininy\u0131k\u0131ld\u0131\u011f\u0131 ama yeninin ne oldu\u011fu nun da tam bilinemedi\u011fi bir zaman aral\u0131\u011f\u0131n\u0131 d\u00f6rt b\u00fcy\u00fck filozofun hayat\u0131\u00fczerinden anlat\u0131yor.D\u00fcnyaya \u00e7arpan bir g\u00f6kta\u015f\u0131 misali aniden ortaya \u00e7\u0131kan ve Hannah Arendt&#8217;e olan a\u015fk\u0131yla kavrulan MartinHeidegger. Cambridge&#8217;deki herkes bir felsefe tanr\u0131s\u0131 olarak ona taparken ta\u015frada ilkokul \u00e7ocuklar\u0131na yoksulluki\u00e7inde ders vermeyi se\u00e7en, servetini reddetmi\u015f bir milyarderin o\u011flu, b\u00fcy\u00fck d\u00e2hi Ludwig Wittgenstein. Letonyal\u0131bir anar\u015fistle Capri&#8217;de ya\u015fad\u0131\u011f\u0131 a\u015fk\u0131n bir devrimciye d\u00f6n\u00fc\u015ft\u00fcrd\u00fc\u011f\u00fc Walter Benjamin. Ve son olarak, \u00fclkesiniterk etmeden \u00f6nce Hamburg&#8217;un burjuva mahallelerinde Nazi iktidar\u0131n\u0131n ve Yahudi d\u00fc\u015fmanl\u0131\u011f\u0131n\u0131n y\u00fckseli\u015fine\u00e7\u0131plak g\u00f6zle tan\u0131k olan Ernst Cassirer. Farkl\u0131 k\u00f6kenlerden, farkl\u0131 d\u00fcnya anlay\u0131\u015flar\u0131ndan gelip farkl\u0131 bir gelece\u011feyelken a\u00e7salar da temelde pe\u015fine d\u00fc\u015ft\u00fckleri soru ayn\u0131d\u0131r: \u0130nsan nedir?Wolfram Eilenberger, bu d\u00f6rt ayk\u0131r\u0131 filozofun ya\u015famlar\u0131nda ve devrimci d\u00fc\u015f\u00fcncelerinde bug\u00fcnk\u00fc d\u00fcnyam\u0131z\u0131nk\u00f6kenlerini g\u00f6r\u00fcyor. 1920\u2019lere felsefe tarihi \u00fczerinden bu bak\u0131\u015f; ayn\u0131 zamanda g\u00fcn\u00fcm\u00fcz d\u00fcnyas\u0131ndaki benzeranlams\u0131zl\u0131\u011fa, t\u0131kanm\u0131\u015fl\u0131\u011fa dair hem bir hat\u0131rlatma hem de bir ilham kayna\u011f\u0131. Ama hepsinden \u00f6nce b\u00fcy\u00fcleyicibir okuma deneyimi.<\/p>\n","protected":false},"excerpt":{"rendered":"<p>Ya\u015fam ve insan varolu\u015fu hakk\u0131nda yeni sorular\u0131n soruldu\u011fu, baz\u0131 fikirlerin ilk kez d\u00fc\u015f\u00fcn\u00fcld\u00fc\u011f\u00fc bir on y\u0131l.Uzun y\u0131llar Philosophie Magazin dergisinin yay\u0131n y\u00f6netmenli\u011fini yapan Wolfram Eilenberger; iki<span class=\"excerpt-hellip\"> [\u2026]<\/span><\/p>\n","protected":false},"featured_media":0,"template":"","meta":{"_monsterinsights_skip_tracking":false,"_monsterinsights_sitenote_active":false,"_monsterinsights_sitenote_note":"","_monsterinsights_sitenote_category":0},"product_brand":[],"product_cat":[12388,14717],"product_tag":[],"class_list":{"0":"post-750328","1":"product","2":"type-product","3":"status-publish","5":"product_cat-felsefe","6":"product_cat-felsefe-tarihi","7":"pa_cilt-ciltsiz","8":"pa_tur-kitap","9":"pa_yayinevi-kolektif-kitap","10":"pa_yazar-wolfram-eilenberger","12":"first","13":"instock","14":"sale","15":"shipping-taxable","16":"purchasable","17":"product-type-simple"},"_links":{"self":[{"href":"https:\/\/roveyayinevi.com.tr\/index.php\/wp-json\/wp\/v2\/product\/750328","targetHints":{"allow":["GET"]}}],"collection":[{"href":"https:\/\/roveyayinevi.com.tr\/index.php\/wp-json\/wp\/v2\/product"}],"about":[{"href":"https:\/\/roveyayinevi.com.tr\/index.php\/wp-json\/wp\/v2\/types\/product"}],"wp:attachment":[{"href":"https:\/\/roveyayinevi.com.tr\/index.php\/wp-json\/wp\/v2\/media?parent=750328"}],"wp:term":[{"taxonomy":"product_brand","embeddable":true,"href":"https:\/\/roveyayinevi.com.tr\/index.php\/wp-json\/wp\/v2\/product_brand?post=750328"},{"taxonomy":"product_cat","embeddable":true,"href":"https:\/\/roveyayinevi.com.tr\/index.php\/wp-json\/wp\/v2\/product_cat?post=750328"},{"taxonomy":"product_tag","embeddable":true,"href":"https:\/\/roveyayinevi.com.tr\/index.php\/wp-json\/wp\/v2\/product_tag?post=750328"}],"curies":[{"name":"wp","href":"https:\/\/api.w.org\/{rel}","templated":true}]}}