{"id":750327,"date":"2025-08-28T04:18:16","date_gmt":"2025-08-28T01:18:16","guid":{"rendered":"https:\/\/roveyayinevi.com.tr\/index.php\/urun\/emily-pariste\/"},"modified":"2026-04-16T03:03:38","modified_gmt":"2026-04-16T00:03:38","slug":"emily-pariste","status":"publish","type":"product","link":"https:\/\/roveyayinevi.com.tr\/index.php\/urun\/emily-pariste\/","title":{"rendered":"Emily Paris\u2019te"},"content":{"rendered":"<p>Kendimi bir takside buluyorum, kalbim o kadar h\u0131zl\u0131 at\u0131yor ki patlayacakm\u0131\u015f gibi hissediyorum! Ben, Emily Cooper, Paris\u2019teyim! Hepimiz var olabilmek i\u00e7in hayallere ihtiya\u00e7 duyar\u0131z ve benimki ger\u00e7ekle\u015fiyor.   Ama bu kadar \u00e7ok hayal kurdu\u011funuzda, kendinizi durdurman\u0131z imk\u00e2ns\u0131zd\u0131r! Paris sokaklar\u0131 her biri bir di\u011ferinden daha g\u00f6rkemli \u00fcnl\u00fc simge yap\u0131lar\u0131yla g\u00f6zlerimin \u00f6n\u00fcnden ge\u00e7iyor. Bana gelince, g\u00fcl\u00fcms\u00fcyorum, g\u00fcl\u00fcms\u00fcyorum!   Yine de bir par\u00e7am korkuyor. Buraya ait olmad\u0131\u011f\u0131mdan korkuyorum. Ger\u00e7ekli\u011fin hayallerimle uyumlu olmayaca\u011f\u0131ndan korkuyorum&#8230; <\/p>\n","protected":false},"excerpt":{"rendered":"<p>Kendimi bir takside buluyorum, kalbim o kadar h\u0131zl\u0131 at\u0131yor ki patlayacakm\u0131\u015f gibi hissediyorum! Ben, Emily Cooper, Paris\u2019teyim! Hepimiz var olabilmek i\u00e7in hayallere ihtiya\u00e7 duyar\u0131z ve benimki<span class=\"excerpt-hellip\"> [\u2026]<\/span><\/p>\n","protected":false},"featured_media":0,"template":"","meta":{"_monsterinsights_skip_tracking":false,"_monsterinsights_sitenote_active":false,"_monsterinsights_sitenote_note":"","_monsterinsights_sitenote_category":0},"product_brand":[],"product_cat":[12291,12711],"product_tag":[],"class_list":{"0":"post-750327","1":"product","2":"type-product","3":"status-publish","5":"product_cat-edebiyat","6":"product_cat-roman-oyku","7":"pa_cilt-ciltsiz","8":"pa_tur-kitap","9":"pa_yayinevi-eksik-parca-yayinlari","10":"pa_yazar-catherine-kalengula","12":"first","13":"instock","14":"sale","15":"shipping-taxable","16":"purchasable","17":"product-type-simple"},"_links":{"self":[{"href":"https:\/\/roveyayinevi.com.tr\/index.php\/wp-json\/wp\/v2\/product\/750327","targetHints":{"allow":["GET"]}}],"collection":[{"href":"https:\/\/roveyayinevi.com.tr\/index.php\/wp-json\/wp\/v2\/product"}],"about":[{"href":"https:\/\/roveyayinevi.com.tr\/index.php\/wp-json\/wp\/v2\/types\/product"}],"wp:attachment":[{"href":"https:\/\/roveyayinevi.com.tr\/index.php\/wp-json\/wp\/v2\/media?parent=750327"}],"wp:term":[{"taxonomy":"product_brand","embeddable":true,"href":"https:\/\/roveyayinevi.com.tr\/index.php\/wp-json\/wp\/v2\/product_brand?post=750327"},{"taxonomy":"product_cat","embeddable":true,"href":"https:\/\/roveyayinevi.com.tr\/index.php\/wp-json\/wp\/v2\/product_cat?post=750327"},{"taxonomy":"product_tag","embeddable":true,"href":"https:\/\/roveyayinevi.com.tr\/index.php\/wp-json\/wp\/v2\/product_tag?post=750327"}],"curies":[{"name":"wp","href":"https:\/\/api.w.org\/{rel}","templated":true}]}}