{"id":750324,"date":"2025-08-28T04:18:10","date_gmt":"2025-08-28T01:18:10","guid":{"rendered":"https:\/\/roveyayinevi.com.tr\/index.php\/urun\/bilincaltinin-kayip-odalari\/"},"modified":"2026-04-16T03:03:38","modified_gmt":"2026-04-16T00:03:38","slug":"bilincaltinin-kayip-odalari","status":"publish","type":"product","link":"https:\/\/roveyayinevi.com.tr\/index.php\/urun\/bilincaltinin-kayip-odalari\/","title":{"rendered":"Bilin\u00e7alt\u0131n\u0131n Kay\u0131p Odalar\u0131"},"content":{"rendered":"<p>Parmaklar\u0131yla dokunuyor o tenine Yanan parmak u\u00e7lar\u0131, gelgit ak\u0131llar sonlar t\u00fckenmeyen. G\u00f6z\u00fc kap\u0131da\u2026 Islak bir o\u011flan \u00e7ocu\u011fu emzirilmeyi bekliyor. Sabaha yak\u0131n \u00e7ocu\u011fun kalbi ellerinde\u2026 Y\u00fcksek topuklu narin bir kad\u0131n\u0131n \u00e7ocu\u011fu \u2018I\u015f\u0131k \u0131\u015f\u0131k\u2019 diyor, \u2018\u0131\u015f\u0131\u011fa \u00e7\u0131kar\u0131n beni\u2019 Burnunu her ka\u015f\u0131d\u0131\u011f\u0131nda \u00f6l\u00fcler d\u00f6k\u00fcl\u00fcyor teninden. Arslanlar\u0131n \u00e7\u0131lg\u0131nca sevi\u015fti\u011fini, ya\u011fmur ya\u011fd\u0131rd\u0131\u011f\u0131n\u0131 g\u00f6r\u00fcyor Teni emanet Nas\u0131l isterdi oysa g\u00fc\u00e7l\u00fc, ko\u00e7 gibi\u2026 At\u0131na bak\u0131yor, d\u00fc\u015fl\u00fcyor\u2026 O \u00fclkeyi mutlu\u2026 Ve \u0131\u015f\u0131k aralan\u0131yor, do\u011fru yolda Bir \u00e7ocuk do\u011furdu ad\u0131 \u2018A\u015fk\u2019\u2026 Ayaklar\u0131n\u0131 sall\u0131yor endamla\u2026 Lir ku\u015fu gibi\u2026 Biliyor her \u015fey birbirine ba\u011fl\u0131 \u00c7aputu, \u00e7aputa ba\u011fla S\u00fcr at\u0131n\u0131 k\u0131rlara\u2026 Sabah erken bulmaya kalkmaya s\u00f6z verip, Uyuyor\u2026 <\/p>\n","protected":false},"excerpt":{"rendered":"<p>Parmaklar\u0131yla dokunuyor o tenine Yanan parmak u\u00e7lar\u0131, gelgit ak\u0131llar sonlar t\u00fckenmeyen. G\u00f6z\u00fc kap\u0131da\u2026 Islak bir o\u011flan \u00e7ocu\u011fu emzirilmeyi bekliyor. Sabaha yak\u0131n \u00e7ocu\u011fun kalbi ellerinde\u2026 Y\u00fcksek topuklu<span class=\"excerpt-hellip\"> [\u2026]<\/span><\/p>\n","protected":false},"featured_media":0,"template":"","meta":{"_monsterinsights_skip_tracking":false,"_monsterinsights_sitenote_active":false,"_monsterinsights_sitenote_note":"","_monsterinsights_sitenote_category":0},"product_brand":[],"product_cat":[12291,18202],"product_tag":[],"class_list":{"0":"post-750324","1":"product","2":"type-product","3":"status-publish","5":"product_cat-edebiyat","6":"product_cat-hikaye","7":"pa_cilt-ciltsiz","8":"pa_tur-kitap","9":"pa_yayinevi-elpis-yayinlari","10":"pa_yazar-melike-kaan","12":"first","13":"instock","14":"sale","15":"shipping-taxable","16":"purchasable","17":"product-type-simple"},"_links":{"self":[{"href":"https:\/\/roveyayinevi.com.tr\/index.php\/wp-json\/wp\/v2\/product\/750324","targetHints":{"allow":["GET"]}}],"collection":[{"href":"https:\/\/roveyayinevi.com.tr\/index.php\/wp-json\/wp\/v2\/product"}],"about":[{"href":"https:\/\/roveyayinevi.com.tr\/index.php\/wp-json\/wp\/v2\/types\/product"}],"wp:attachment":[{"href":"https:\/\/roveyayinevi.com.tr\/index.php\/wp-json\/wp\/v2\/media?parent=750324"}],"wp:term":[{"taxonomy":"product_brand","embeddable":true,"href":"https:\/\/roveyayinevi.com.tr\/index.php\/wp-json\/wp\/v2\/product_brand?post=750324"},{"taxonomy":"product_cat","embeddable":true,"href":"https:\/\/roveyayinevi.com.tr\/index.php\/wp-json\/wp\/v2\/product_cat?post=750324"},{"taxonomy":"product_tag","embeddable":true,"href":"https:\/\/roveyayinevi.com.tr\/index.php\/wp-json\/wp\/v2\/product_tag?post=750324"}],"curies":[{"name":"wp","href":"https:\/\/api.w.org\/{rel}","templated":true}]}}