{"id":750323,"date":"2025-08-28T04:18:07","date_gmt":"2025-08-28T01:18:07","guid":{"rendered":"https:\/\/roveyayinevi.com.tr\/index.php\/urun\/faik\/"},"modified":"2026-04-16T03:03:38","modified_gmt":"2026-04-16T00:03:38","slug":"faik","status":"publish","type":"product","link":"https:\/\/roveyayinevi.com.tr\/index.php\/urun\/faik\/","title":{"rendered":"Faik"},"content":{"rendered":"<p>Hi\u00e7 sevgilisi olmam\u0131\u015f engelli bir birey hayal edin. Sapk\u0131n \u00e7evresinin gece hayat\u0131na \u015fahitlik ederken, yaln\u0131zca g\u00f6zlemci pozisyonuna hapsolan bir kimseydi o. Nitekim \u015fans\u0131n\u0131 her defas\u0131nda zorlamak, ard\u0131 arkas\u0131 kesilmeyen f\u0131rsatlar\u0131 getirmez beraberinde. Engelli olman\u0131n ya\u015fatt\u0131\u011f\u0131 \u00f6zg\u00fcvensizlikten kurtulmak ad\u0131na \u015f\u0131mar\u0131kl\u0131\u011f\u0131 araya koyup s\u00f6zde zirveye y\u00fckselmek de\u011fildir mutlulu\u011fun anahtar\u0131. Kurgusall\u0131\u011f\u0131n yan\u0131nda ger\u00e7ek ancak toprak olmu\u015f bir dostlu\u011fu kaleme alan bu roman, zaman zaman \u00e2\u015f\u0131klar\u0131n yollar\u0131n\u0131n kesi\u015fti\u011fi sat\u0131rlar\u0131 da i\u00e7inde bar\u0131nd\u0131r\u0131yor. Muhtac\u0131zd\u0131r bir nebze umuda. Tutsak edildi\u011fimiz soyut duvarlar\u0131m\u0131z\u0131 k\u0131rabilecek miyiz g\u00fcn\u00fcn birinde? Belki de \u00f6ylesine k\u0131raca\u011f\u0131z ki, vazge\u00e7mek isteyece\u011fiz benli\u011fimizden. Zira bedenimiz ve ruhumuz yetersiz, ba\u015fka hayat ve evrenler cazip gelir kimi zaman.<\/p>\n","protected":false},"excerpt":{"rendered":"<p>Hi\u00e7 sevgilisi olmam\u0131\u015f engelli bir birey hayal edin. Sapk\u0131n \u00e7evresinin gece hayat\u0131na \u015fahitlik ederken, yaln\u0131zca g\u00f6zlemci pozisyonuna hapsolan bir kimseydi o. Nitekim \u015fans\u0131n\u0131 her defas\u0131nda zorlamak,<span class=\"excerpt-hellip\"> [\u2026]<\/span><\/p>\n","protected":false},"featured_media":0,"template":"","meta":{"_monsterinsights_skip_tracking":false,"_monsterinsights_sitenote_active":false,"_monsterinsights_sitenote_note":"","_monsterinsights_sitenote_category":0},"product_brand":[],"product_cat":[12291,12711],"product_tag":[],"class_list":{"0":"post-750323","1":"product","2":"type-product","3":"status-publish","5":"product_cat-edebiyat","6":"product_cat-roman-oyku","7":"pa_cilt-ciltsiz","8":"pa_tur-kitap","9":"pa_yayinevi-elpis-yayinlari","10":"pa_yazar-cem-kozok","12":"first","13":"instock","14":"sale","15":"shipping-taxable","16":"purchasable","17":"product-type-simple"},"_links":{"self":[{"href":"https:\/\/roveyayinevi.com.tr\/index.php\/wp-json\/wp\/v2\/product\/750323","targetHints":{"allow":["GET"]}}],"collection":[{"href":"https:\/\/roveyayinevi.com.tr\/index.php\/wp-json\/wp\/v2\/product"}],"about":[{"href":"https:\/\/roveyayinevi.com.tr\/index.php\/wp-json\/wp\/v2\/types\/product"}],"wp:attachment":[{"href":"https:\/\/roveyayinevi.com.tr\/index.php\/wp-json\/wp\/v2\/media?parent=750323"}],"wp:term":[{"taxonomy":"product_brand","embeddable":true,"href":"https:\/\/roveyayinevi.com.tr\/index.php\/wp-json\/wp\/v2\/product_brand?post=750323"},{"taxonomy":"product_cat","embeddable":true,"href":"https:\/\/roveyayinevi.com.tr\/index.php\/wp-json\/wp\/v2\/product_cat?post=750323"},{"taxonomy":"product_tag","embeddable":true,"href":"https:\/\/roveyayinevi.com.tr\/index.php\/wp-json\/wp\/v2\/product_tag?post=750323"}],"curies":[{"name":"wp","href":"https:\/\/api.w.org\/{rel}","templated":true}]}}