{"id":750320,"date":"2025-08-28T04:18:02","date_gmt":"2025-08-28T01:18:02","guid":{"rendered":"https:\/\/roveyayinevi.com.tr\/index.php\/urun\/gizli-gecitleri-bulmanin-yollari\/"},"modified":"2026-04-16T03:03:38","modified_gmt":"2026-04-16T00:03:38","slug":"gizli-gecitleri-bulmanin-yollari","status":"publish","type":"product","link":"https:\/\/roveyayinevi.com.tr\/index.php\/urun\/gizli-gecitleri-bulmanin-yollari\/","title":{"rendered":"Gizli Ge\u00e7itleri Bulman\u0131n Yollar\u0131"},"content":{"rendered":"<p>Mavisel Yener, Tudem Edebiyat Birincilik \u00d6d\u00fcll\u00fc roman\u0131 Mavi Zamanlar&#8217;\u0131n okurla bulu\u015fmas\u0131n\u0131n 20. y\u0131l d\u00f6n\u00fcm\u00fcn\u00fc, Gizli Ge\u00e7itleri Bulman\u0131n Yollar\u0131 isimli s\u00fcrpriz devam kitab\u0131yla ta\u00e7land\u0131r\u0131yor.   Kurmaca ile ger\u00e7e\u011fi, \u00fc\u00e7 ayr\u0131 zaman diliminde ge\u00e7en nefes kesici bir ser\u00fcvende bulu\u015fturan yazar; okurlar\u0131 masallar\u0131n \u0131\u015f\u0131\u011f\u0131nda y\u0131kanmaya, ortak k\u00fclt\u00fcr miras\u0131m\u0131za sahip \u00e7\u0131kmaya ve iyili\u011fe uzanan gizli ge\u00e7itlerin s\u0131rr\u0131n\u0131 ke\u015ffetmeye \u00e7a\u011f\u0131r\u0131yor. Kadim kent \u0130zmir&#8217;in \u015fah damar\u0131ndan beslenen eser, uygarl\u0131\u011f\u0131n bir d\u00f6ng\u00fc oldu\u011funa dikkat \u00e7ekiyor; tarihin tozlu sayfalar\u0131n\u0131n, d\u00fcnyay\u0131 h\u00fckmetme h\u0131rs\u0131yla yak\u0131p y\u0131kan nice a\u00e7g\u00f6zl\u00fc insan\u0131 yazd\u0131\u011f\u0131n\u0131 hat\u0131rlat\u0131yor. 1974 y\u0131l\u0131n\u0131n 1 \u015eubat gecesi, saat 02.04&#8217;te meydana gelen 5.2 \u015fiddetindeki deprem, eski zaman masallar\u0131na ev sahipli\u011fi yapm\u0131\u015f \u0130zmir&#8217;in yeralt\u0131nda gizlenen onlarca as\u0131rl\u0131k s\u0131rr\u0131n da g\u00fcn y\u00fcz\u00fcne \u00e7\u0131kmas\u0131na sebep olur. Tarih\u00ee \u0130zmir Saat Kulesi&#8217;nin zemininde ortaya \u00e7\u0131kan antika bir kapak, kulaktan kula\u011fa yay\u0131larak ba\u015fta bilim insanlar\u0131 olmak \u00fczere t\u00fcm \u0130zmirlilerin merak\u0131n\u0131 cezbeder. Kulenin bak\u0131m\u0131ndan sorumlu horolog Mehmet Fikri Bey bu gizemli konunun dillendirilmesine pek s\u0131cak bakmasa da o\u011flu Fethi&#8217;nin merak\u0131n\u0131 bast\u0131rmay\u0131 ba\u015faramaz. \u00d6yle ki o\u011flu, elinden hi\u00e7 d\u00fc\u015f\u00fcrmedi\u011fi Gizli Ge\u00e7itleri Bulman\u0131n Yollar\u0131 isimli k\u0131rm\u0131z\u0131 kapakl\u0131, el yazmas\u0131 kitab\u0131n kula\u011f\u0131na f\u0131s\u0131ldad\u0131klar\u0131yla, \u015fifrelerle \u00f6r\u00fcl\u00fc \u00e7\u0131kmaz bir yola sapm\u0131\u015ft\u0131r bile&#8230; Sadece ona haz\u0131r olanlar\u0131n eline ge\u00e7erek kendisine sorulan t\u00fcm sorulara yan\u0131t veren antika bir kitap. Tekrarlayan r\u00fcyalarda beliren gizemli bir \u00e7ocuk. Aniden s\u0131rra kadem basarak kendisinden haber al\u0131namayan bir arkeolog ve tuhaf bi\u00e7imde birbirine ba\u011fl\u0131 olaylar dizisi&#8230; Dolunayl\u0131 gecelerde bir araya gelen Dolunay Masalc\u0131lar\u0131 i\u00e7in yine, yeni, yeniden ayr\u0131m yapmaks\u0131z\u0131n yery\u00fcz\u00fcndeki herkese yard\u0131m eli uzatma vakti geldi de ge\u00e7iyor!  Yerel ile evrenseli su gibi akan bir anlat\u0131da bulu\u015fturarak insan\u0131n tarihteki rol\u00fc \u00fczerine d\u00fc\u015f\u00fcnd\u00fcren bu \u00e7ok katmanl\u0131 roman; 1974, 2035 ve 2185&#8217;te cereyan eden esrarengiz hadiseleri son sayfalara kadar gizemini koruyan m\u00fcthi\u015f bir kurgu e\u015fli\u011finde sunuyor.  Ge\u00e7mi\u015fte ya\u015fananlar\u0131 bilmeden bug\u00fcn\u00fc anlayamayaca\u011f\u0131m\u0131z\u0131 ve gelece\u011fe umutla bakamayaca\u011f\u0131m\u0131z\u0131 ileri s\u00fcren Gizli Ge\u00e7itleri Bulman\u0131n Yollar\u0131, okurlar\u0131 iyilik yolunda birle\u015fmeye ve yeralt\u0131nda g\u00fcvenle saklanan s\u0131rlar\u0131n edeb\u00ee koruyuculu\u011funu \u00fcstlenmeye davet ediyor.  Kim bilir, belki de aram\u0131zda &#8221;Yeni Nesil&#8221; Dolunay Masalc\u0131lar\u0131 vard\u0131r&#8230;<\/p>\n","protected":false},"excerpt":{"rendered":"<p>Mavisel Yener, Tudem Edebiyat Birincilik \u00d6d\u00fcll\u00fc roman\u0131 Mavi Zamanlar&#8217;\u0131n okurla bulu\u015fmas\u0131n\u0131n 20. y\u0131l d\u00f6n\u00fcm\u00fcn\u00fc, Gizli Ge\u00e7itleri Bulman\u0131n Yollar\u0131 isimli s\u00fcrpriz devam kitab\u0131yla ta\u00e7land\u0131r\u0131yor. Kurmaca ile ger\u00e7e\u011fi,<span class=\"excerpt-hellip\"> [\u2026]<\/span><\/p>\n","protected":false},"featured_media":0,"template":"","meta":{"_monsterinsights_skip_tracking":false,"_monsterinsights_sitenote_active":false,"_monsterinsights_sitenote_note":"","_monsterinsights_sitenote_category":0},"product_brand":[],"product_cat":[12274],"product_tag":[],"class_list":{"0":"post-750320","1":"product","2":"type-product","3":"status-publish","5":"product_cat-cocuk-ve-genclik-kitaplari","6":"pa_cilt-ciltsiz","7":"pa_tur-kitap","8":"pa_yayinevi-tudem-yayinlari","9":"pa_yazar-mavisel-yener","11":"first","12":"instock","13":"sale","14":"shipping-taxable","15":"purchasable","16":"product-type-simple"},"_links":{"self":[{"href":"https:\/\/roveyayinevi.com.tr\/index.php\/wp-json\/wp\/v2\/product\/750320","targetHints":{"allow":["GET"]}}],"collection":[{"href":"https:\/\/roveyayinevi.com.tr\/index.php\/wp-json\/wp\/v2\/product"}],"about":[{"href":"https:\/\/roveyayinevi.com.tr\/index.php\/wp-json\/wp\/v2\/types\/product"}],"wp:attachment":[{"href":"https:\/\/roveyayinevi.com.tr\/index.php\/wp-json\/wp\/v2\/media?parent=750320"}],"wp:term":[{"taxonomy":"product_brand","embeddable":true,"href":"https:\/\/roveyayinevi.com.tr\/index.php\/wp-json\/wp\/v2\/product_brand?post=750320"},{"taxonomy":"product_cat","embeddable":true,"href":"https:\/\/roveyayinevi.com.tr\/index.php\/wp-json\/wp\/v2\/product_cat?post=750320"},{"taxonomy":"product_tag","embeddable":true,"href":"https:\/\/roveyayinevi.com.tr\/index.php\/wp-json\/wp\/v2\/product_tag?post=750320"}],"curies":[{"name":"wp","href":"https:\/\/api.w.org\/{rel}","templated":true}]}}