{"id":750318,"date":"2025-08-28T04:17:59","date_gmt":"2025-08-28T01:17:59","guid":{"rendered":"https:\/\/roveyayinevi.com.tr\/index.php\/urun\/sekil-sekil-her-yer-sekil\/"},"modified":"2026-04-16T03:03:38","modified_gmt":"2026-04-16T00:03:38","slug":"sekil-sekil-her-yer-sekil","status":"publish","type":"product","link":"https:\/\/roveyayinevi.com.tr\/index.php\/urun\/sekil-sekil-her-yer-sekil\/","title":{"rendered":"\u015eekil, \u015eekil Her Yer \u015eekil"},"content":{"rendered":"<p>M\u00fcfredat temalar\u0131: SAYILAR ve \u0130\u015eLEMLER, \u0130LET\u0130\u015e\u0130M, GEOMETR\u0130, ZAMAN ve MEK\u00c2N, SANAT, TOPLUM HAYATI, \u00c7OCUK D\u00dcNYASI, B\u0130REY ve TOPLUM   \u201c\u015eekillerin e\u011flenceli ve yarat\u0131c\u0131 d\u00fcnyas\u0131na bir yolculuk.\u201d Lenka Chytilov\u00e1 ve Gary Boller\u2019in kitab\u0131 \u00e7ocuklar\u0131n hayal g\u00fc\u00e7lerini geli\u015ftirmelerine ve \u015fekillerin \u00e7e\u015fitli kombinasyonlar\u0131n\u0131 kullanarak yeni nesneler ve \u015fekiller hayal etmelerine olanak tan\u0131yan e\u011flenceli ve e\u011fitici bir kaynak.   Kitapta g\u00fcnl\u00fck hayatta s\u0131k s\u0131k kar\u015f\u0131la\u015f\u0131lan daire, kare, \u00fc\u00e7gen, d\u00f6rtgen gibi \u015fekillerin hayat\u0131m\u0131zdaki yeri ve kullan\u0131ld\u0131klar\u0131 alanlar basit bir dil ve \u00f6zg\u00fcn, canl\u0131 \u00e7izimlerle anlat\u0131l\u0131yor.   Hem e\u011fitici hem de e\u011flenceli olan bu kitap, \u00e7ocuklar\u0131n \u015fekilleri tan\u0131malar\u0131na ve hayal g\u00fc\u00e7lerini geli\u015ftirmelerine olanak sa\u011flaman\u0131n yan\u0131 s\u0131ra g\u00fcnl\u00fck hayat\u0131m\u0131zda s\u0131kl\u0131kla kar\u015f\u0131la\u015ft\u0131\u011f\u0131m\u0131z \u015fekilleri fark etmelerine ve d\u00fcnyay\u0131 farkl\u0131 bir bak\u0131\u015f a\u00e7\u0131s\u0131yla g\u00f6rmelerine yard\u0131mc\u0131 olacak. <\/p>\n","protected":false},"excerpt":{"rendered":"<p>M\u00fcfredat temalar\u0131: SAYILAR ve \u0130\u015eLEMLER, \u0130LET\u0130\u015e\u0130M, GEOMETR\u0130, ZAMAN ve MEK\u00c2N, SANAT, TOPLUM HAYATI, \u00c7OCUK D\u00dcNYASI, B\u0130REY ve TOPLUM \u201c\u015eekillerin e\u011flenceli ve yarat\u0131c\u0131 d\u00fcnyas\u0131na bir yolculuk.\u201d Lenka<span class=\"excerpt-hellip\"> [\u2026]<\/span><\/p>\n","protected":false},"featured_media":0,"template":"","meta":{"_monsterinsights_skip_tracking":false,"_monsterinsights_sitenote_active":false,"_monsterinsights_sitenote_note":"","_monsterinsights_sitenote_category":0},"product_brand":[],"product_cat":[12274,15842],"product_tag":[],"class_list":{"0":"post-750318","1":"product","2":"type-product","3":"status-publish","5":"product_cat-cocuk-ve-genclik-kitaplari","6":"product_cat-egitici-kitaplar","7":"pa_cilt-ciltsiz","8":"pa_tur-kitap","9":"pa_yayinevi-kronik-kitap","10":"pa_yazar-lenka-chytilova","12":"first","13":"instock","14":"sale","15":"shipping-taxable","16":"purchasable","17":"product-type-simple"},"_links":{"self":[{"href":"https:\/\/roveyayinevi.com.tr\/index.php\/wp-json\/wp\/v2\/product\/750318","targetHints":{"allow":["GET"]}}],"collection":[{"href":"https:\/\/roveyayinevi.com.tr\/index.php\/wp-json\/wp\/v2\/product"}],"about":[{"href":"https:\/\/roveyayinevi.com.tr\/index.php\/wp-json\/wp\/v2\/types\/product"}],"wp:attachment":[{"href":"https:\/\/roveyayinevi.com.tr\/index.php\/wp-json\/wp\/v2\/media?parent=750318"}],"wp:term":[{"taxonomy":"product_brand","embeddable":true,"href":"https:\/\/roveyayinevi.com.tr\/index.php\/wp-json\/wp\/v2\/product_brand?post=750318"},{"taxonomy":"product_cat","embeddable":true,"href":"https:\/\/roveyayinevi.com.tr\/index.php\/wp-json\/wp\/v2\/product_cat?post=750318"},{"taxonomy":"product_tag","embeddable":true,"href":"https:\/\/roveyayinevi.com.tr\/index.php\/wp-json\/wp\/v2\/product_tag?post=750318"}],"curies":[{"name":"wp","href":"https:\/\/api.w.org\/{rel}","templated":true}]}}