{"id":750317,"date":"2025-08-28T04:17:57","date_gmt":"2025-08-28T01:17:57","guid":{"rendered":"https:\/\/roveyayinevi.com.tr\/index.php\/urun\/sayi-sayi-her-yer-sayi\/"},"modified":"2026-04-16T03:03:38","modified_gmt":"2026-04-16T00:03:38","slug":"sayi-sayi-her-yer-sayi","status":"publish","type":"product","link":"https:\/\/roveyayinevi.com.tr\/index.php\/urun\/sayi-sayi-her-yer-sayi\/","title":{"rendered":"Say\u0131, Say\u0131 Her Yer Say\u0131"},"content":{"rendered":"<p>M\u00fcfredat temalar\u0131: SAYILAR ve \u0130\u015eLEMLER, \u0130LET\u0130\u015e\u0130M, GEOMETR\u0130, ZAMAN ve MEK\u00c2N, DO\u011eA ve EVREN, TOPLUM HAYATI, \u00c7OCUK D\u00dcNYASI, B\u0130REY ve TOPLUM     \u201c\u00c7ocuklar\u0131n matematiksel becerilerini geli\u015ftirmeyi ve matemati\u011fi sevmelerini ama\u00e7layan ilgi \u00e7ekici bir kaynak.\u201d Magda Gargul\u00e1kov\u00e1 ve Sean Longcroft&#8217;un kitab\u0131 \u00e7ocuklar\u0131n matematiksel becerilerini geli\u015ftirmeyi ve matemati\u011fi sevmelerini ama\u00e7layan, g\u00f6rsel bir yakla\u015f\u0131m kullanarak haz\u0131rlanm\u0131\u015f ilgi \u00e7ekici bir kaynak. Say\u0131lar ve matematiksel i\u015flemler, g\u00fcnl\u00fck hayatta kar\u015f\u0131la\u015f\u0131lan durumlarla ili\u015fkilendirilerek anlat\u0131l\u0131yor: Oyun oynarken, al\u0131\u015fveri\u015f yaparken veya zaman\u0131 takip ederken matematiksel kavramlar kullan\u0131l\u0131yor ve b\u00f6ylece \u00e7ocuklar\u0131n matematikle g\u00fcnl\u00fck hayatlar\u0131nda nas\u0131l kar\u015f\u0131la\u015ft\u0131klar\u0131n\u0131 g\u00f6steriliyor. Kitapta kullan\u0131lan renkli ve ilgi \u00e7ekici g\u00f6rseller sayesinde matematiksel kavramlar daha kolay anla\u015f\u0131l\u0131r h\u00e2le geliyor. B\u00f6ylece \u00e7ocuklar\u0131n matematiksel kavramlar\u0131 g\u00f6rselle\u015ftirmeleri ve say\u0131larla aralar\u0131ndaki ba\u011f\u0131 g\u00fc\u00e7lendirmeleri hedefleniyor. Kitap, \u00e7ocuklara matemati\u011fi sevdirmek i\u00e7in \u00f6\u011frenme s\u00fcrecini e\u011flenceli ve ilgi \u00e7ekici k\u0131l\u0131yor. <\/p>\n","protected":false},"excerpt":{"rendered":"<p>M\u00fcfredat temalar\u0131: SAYILAR ve \u0130\u015eLEMLER, \u0130LET\u0130\u015e\u0130M, GEOMETR\u0130, ZAMAN ve MEK\u00c2N, DO\u011eA ve EVREN, TOPLUM HAYATI, \u00c7OCUK D\u00dcNYASI, B\u0130REY ve TOPLUM \u201c\u00c7ocuklar\u0131n matematiksel becerilerini geli\u015ftirmeyi ve matemati\u011fi<span class=\"excerpt-hellip\"> [\u2026]<\/span><\/p>\n","protected":false},"featured_media":0,"template":"","meta":{"_monsterinsights_skip_tracking":false,"_monsterinsights_sitenote_active":false,"_monsterinsights_sitenote_note":"","_monsterinsights_sitenote_category":0},"product_brand":[],"product_cat":[12274,15842],"product_tag":[],"class_list":{"0":"post-750317","1":"product","2":"type-product","3":"status-publish","5":"product_cat-cocuk-ve-genclik-kitaplari","6":"product_cat-egitici-kitaplar","7":"pa_cilt-ciltsiz","8":"pa_tur-kitap","9":"pa_yayinevi-kronik-kitap","10":"pa_yazar-magda-gargulakova","12":"first","13":"instock","14":"sale","15":"shipping-taxable","16":"purchasable","17":"product-type-simple"},"_links":{"self":[{"href":"https:\/\/roveyayinevi.com.tr\/index.php\/wp-json\/wp\/v2\/product\/750317","targetHints":{"allow":["GET"]}}],"collection":[{"href":"https:\/\/roveyayinevi.com.tr\/index.php\/wp-json\/wp\/v2\/product"}],"about":[{"href":"https:\/\/roveyayinevi.com.tr\/index.php\/wp-json\/wp\/v2\/types\/product"}],"wp:attachment":[{"href":"https:\/\/roveyayinevi.com.tr\/index.php\/wp-json\/wp\/v2\/media?parent=750317"}],"wp:term":[{"taxonomy":"product_brand","embeddable":true,"href":"https:\/\/roveyayinevi.com.tr\/index.php\/wp-json\/wp\/v2\/product_brand?post=750317"},{"taxonomy":"product_cat","embeddable":true,"href":"https:\/\/roveyayinevi.com.tr\/index.php\/wp-json\/wp\/v2\/product_cat?post=750317"},{"taxonomy":"product_tag","embeddable":true,"href":"https:\/\/roveyayinevi.com.tr\/index.php\/wp-json\/wp\/v2\/product_tag?post=750317"}],"curies":[{"name":"wp","href":"https:\/\/api.w.org\/{rel}","templated":true}]}}