{"id":750315,"date":"2025-08-28T04:17:55","date_gmt":"2025-08-28T01:17:55","guid":{"rendered":"https:\/\/roveyayinevi.com.tr\/index.php\/urun\/dakikalar-icinde-bilim-kitapligi-kutulu-set-5-kitap\/"},"modified":"2026-04-16T03:03:38","modified_gmt":"2026-04-16T00:03:38","slug":"dakikalar-icinde-bilim-kitapligi-kutulu-set-5-kitap","status":"publish","type":"product","link":"https:\/\/roveyayinevi.com.tr\/index.php\/urun\/dakikalar-icinde-bilim-kitapligi-kutulu-set-5-kitap\/","title":{"rendered":"Dakikalar \u0130\u00e7inde Bilim Kitapl\u0131\u011f\u0131 &#8211; Kutulu Set (5 Kitap)"},"content":{"rendered":"<p>SET \u0130\u00c7\u0130NDEK\u0130 K\u0130TAPLAR: 1. Dakikalar \u0130\u00e7inde Astronomi \u2013 Giles Sparrow 2. Dakikalar \u0130\u00e7inde Genetik &#8211; Tom Jackson 3. Dakikalar \u0130\u00e7inde Psikoloji &#8211; Marcus Weeks 4. Dakikalar \u0130\u00e7inde Ekonomi &#8211; Niall Kishtainy 5. Dakikalar \u0130\u00e7inde Gelecek &#8211; Keith Mansfield       DAK\u0130KALAR \u0130\u00c7\u0130NDE ASTRONOM\u0130 \u2013 GILES SPARROW An\u0131nda A\u00e7\u0131klanan 200 Temel Kavram Geni\u015f evrendeki yerimizi kavramak i\u00e7in kendi gezegenimizden ba\u015flayarak G\u00fcne\u015f sistemimizdeki di\u011fer b\u00fcy\u00fck gezegenlere, onlar\u0131n b\u00fcy\u00fck aylar\u0131na ve haklar\u0131nda daha az \u015fey bilinen b\u00fcy\u00fcleyici g\u00f6k cisimlerine ve tak\u0131my\u0131ld\u0131zlara do\u011fru \u00e7\u0131k\u0131lan soluksuz bir macera\u2026 \u201cD\u00fcnyay\u0131 ka\u00e7 tak\u0131my\u0131ld\u0131z kapl\u0131yor? Bir y\u0131ld\u0131z \u00f6ld\u00fc\u011f\u00fcnde ne olur? G\u00fcne\u015f sistemimizde ka\u00e7 asteroit var? Galaksiler \u00e7arp\u0131\u015fabilir mi? Karanl\u0131k madde ve kara delik nedir? Evrenin k\u00f6keni nas\u0131l a\u00e7\u0131klan\u0131yor?\u201d gibi bir\u00e7ok sorunun cevab\u0131n\u0131 bulurken Samanyolu\u2019na g\u00f6z atacak, galaksileri ve b\u00fcy\u00fck \u00f6l\u00e7ekli evreni ke\u015ffedecek, evrenin k\u00f6keni ve do\u011fas\u0131na dair en temel sorular\u0131n cevab\u0131n\u0131 bulacak ve kozmolojiye g\u00f6z atacaks\u0131n\u0131z. Bunlar\u0131 yaparken her tak\u0131my\u0131ld\u0131za e\u015flik eden harita, her bir teoriyi netle\u015ftiren basit diyagramlar ve uzaydan al\u0131nan en son foto\u011fraflar da evrenin g\u00f6z\u00fcn\u00fczde t\u00fcm ger\u00e7ekli\u011fiyle canlanmas\u0131n\u0131 sa\u011flayacak. Dakikalar \u0130\u00e7inde Astronomi, astronominin b\u00fcy\u00fcleyici d\u00fcnyas\u0131na m\u00fckemmel bir giri\u015f\u2026 Evrenin gizemini ke\u015ffetmenin m\u00fcmk\u00fcn olan en e\u011flenceli ve h\u0131zl\u0131 yolu\u2026   DAK\u0130KALAR \u0130\u00c7\u0130NDE GENET\u0130K &#8211; TOM JACKSON An\u0131nda A\u00e7\u0131klanan 200 Temel Kavram YA\u015eAMIN K\u00d6KENLER\u0130NE DA\u0130R 200 TEMEL KAVRAM Dakikalar \u0130\u00e7inde Genetik, ya\u015fam\u0131n k\u00f6keni, h\u00fccreler, DNA, kromozom, insan genomu, kal\u0131t\u0131m, do\u011fal se\u00e7ilim, k\u00f6k h\u00fccre ve gen terapileri, klonlama, genetik m\u00fchendisli\u011fi ve yapay se\u00e7ilim ile evrim, cinsiyet, s\u0131n\u0131fland\u0131rma ve ekoloji gibi biyolojik temelleri konu alan g\u00f6rseller e\u015fli\u011finde genetik bilimine dair 200 kavram \u00fczerinden kapsay\u0131c\u0131 ve keyifli bir okuma imk\u00e2n\u0131 sunuyor. Ya\u015fam nedir? Canl\u0131lar tek bir h\u00fccreden nas\u0131l olu\u015fur? Gezegenimizi ka\u00e7 farkl\u0131 organizmayla payla\u015f\u0131yoruz? D\u00fcnya\u2019daki \u00e7e\u015fitlili\u011fin sebepleri neler? T\u00fcrler neden yok olur? DNA ve RNA s\u0131rlar\u0131n\u0131 h\u00e2l\u00e2 koruyor mu? Genetik kodlar hayat\u0131m\u0131z\u0131 ve davran\u0131\u015flar\u0131m\u0131z\u0131 nas\u0131l etkiler? Geneti\u011fimiz ve zek\u00e2m\u0131z aras\u0131nda nas\u0131l bir ba\u011flant\u0131 vard\u0131r? GDO nedir ve genetik modifikasyonlar hayat\u0131m\u0131z\u0131 nas\u0131l etkiler? Vir\u00fcsler canl\u0131 m\u0131d\u0131r? Kanser nedir? Hastal\u0131klara dair arad\u0131\u011f\u0131m\u0131z yan\u0131tlar gen terapisi ve k\u00f6k h\u00fccre tedavisinde mi yatmaktad\u0131r? Ya\u015fama ve varolu\u015fumuza dair bir\u00e7ok sorunun yan\u0131t\u0131 bu kitab\u0131n sayfalar\u0131n\u0131 s\u00fcsl\u00fcyor. Dakikalar \u0130\u00e7inde Genetik, bedenlerimizi ve ya\u015famlar\u0131m\u0131z\u0131 \u015fekillendiren genlerimizi anlamam\u0131z\u0131 ve onlar \u00fczerinde kontrol sahibi olmam\u0131z\u0131 sa\u011flayan genetik biliminin temel kavramlar\u0131n\u0131 \u00f6\u011frenmenin en h\u0131zl\u0131 ve e\u011flenceli yolu olacak.   DAK\u0130KALAR \u0130\u00c7\u0130NDE PS\u0130KOLOJ\u0130 \u2013 MARCUS WEEKS An\u0131nda A\u00e7\u0131klanan 200 Temel Kavram \u0130NSAN Z\u0130HN\u0130NE VE DAVRANI\u015eINA DA\u0130R B\u0130L\u0130MSEL B\u0130R YAKLA\u015eIM Psikolojinin temellerinden g\u00fcn\u00fcm\u00fcz uygulamalar\u0131na, \u00f6ng\u00f6r\u00fclemez insan zihni ve davran\u0131\u015f\u0131na tutulan bir mercek\u2026 G\u00f6rseller e\u015fli\u011finde 200 temel psikolojik kavram, teori ve uygulama \u00fczerinden e\u015fsiz bir ba\u015fvuru kitab\u0131\u2026 Haf\u0131za ne \u00f6l\u00e7\u00fcde ruh haline ba\u011fl\u0131d\u0131r? Neden kendimizi ba\u015fkalar\u0131yla kar\u015f\u0131la\u015ft\u0131r\u0131r\u0131z? Farkl\u0131 zek\u00e2 t\u00fcrleri var m\u0131d\u0131r? Zek\u00e2 do\u011fu\u015ftan m\u0131d\u0131r, sonradan da geli\u015ftirilebilir mi? Ya\u015fla birlikte nas\u0131l de\u011fi\u015firiz? Bizi \u00e7evreleyen d\u00fcnyada tepkilerimizi neye g\u00f6re veririz? Bilin\u00e7li beyinde neler olur? Ge\u00e7mi\u015ften bug\u00fcne ruhsal hastal\u0131klara yakla\u015f\u0131m\u0131m\u0131z nas\u0131l de\u011fi\u015fti? Dakikalar \u0130\u00e7inde serisinden Psikoloji, Pavlov\u2019un k\u00f6peklerinden deneysel eti\u011fe, ki\u015filik geli\u015fiminden bili\u015fsel davran\u0131\u015f\u00e7\u0131 terapiye kadar pek \u00e7ok hususta h\u0131zl\u0131 ve doyurucu bir okuma vadediyor. Psikolojinin ilkeleri, \u00e7ocukluk geli\u015fimimizden ba\u015fkalar\u0131yla etkile\u015fimimize kadar pek \u00e7ok insani meseleye \u0131\u015f\u0131k tuttu\u011fu i\u00e7in her birimiz i\u00e7in ge\u00e7erlidir ve bu kitap; g\u00f6rseller ve a\u00e7\u0131klay\u0131c\u0131 \u015femalarla zenginle\u015ftirilmi\u015f her bir b\u00f6l\u00fcm\u00fcyle bizi insana dair b\u00fcy\u00fcleyici bir yolculu\u011fa davet ediyor. E\u011fitici oldu\u011fu kadar sade ve anla\u015f\u0131l\u0131r \u00fcslubuyla bu alana ilgi duyan herkes i\u00e7in m\u00fckemmel bir kaynak\u2026   DAK\u0130KALAR \u0130\u00c7\u0130NDE EKONOM\u0130 &#8211; NIALL KISHTAINY An\u0131nda A\u00e7\u0131klanan 200 Temel Kavram TEMEL EKONOM\u0130K KAVRAMLARIN HAR\u0130KA B\u0130R \u00d6ZET\u0130! Baz\u0131lar\u0131n\u0131 di\u011ferlerinden daha zengin yapan \u015fey nedir? Bankalar neden batar? Vergi oranlar\u0131 nas\u0131l olmal\u0131d\u0131r? Bireyi yeni bir bilgisayar almaya, bir i\u015f insan\u0131n\u0131 fabrika kurmaya veya bir \u00e7al\u0131\u015fan\u0131 \u015fehir d\u0131\u015f\u0131ndaki bir i\u015fi kabul etmeye iten \u015fey nedir? Bir \u00fcr\u00fcn\u00fcn fiyat\u0131n\u0131 belirleyen kriterler nelerdir? Ekonomik krizler nas\u0131l olu\u015fur? Esasen ekonomi nedir? Dakikalar \u0130\u00e7inde serisinden Ekonomi, ekonominin nas\u0131l i\u015fledi\u011fi ve nas\u0131l y\u00f6netilmesi gerekti\u011fi konusundaki teorilere dair pek \u00e7ok \u00f6nemli detayla h\u0131zl\u0131 ve doyurucu bir okuma vadediyor. Bir g\u00f6rsel ya da a\u00e7\u0131klay\u0131c\u0131 \u015feman\u0131n e\u015flik etti\u011fi her bir ba\u015fl\u0131kta yaln\u0131zca paran\u0131n rol\u00fc veya borsan\u0131n nas\u0131l i\u015fledi\u011fi gibi temel fikirleri de\u011fil; ayn\u0131 zamanda bug\u00fcn herkes i\u00e7in giderek daha \u00f6nemli hale gelen ve g\u00fcndelik hayat\u0131m\u0131z\u0131 da etkileyen konular\u0131 -i\u015fsizlik, devlet borcu ve vergiler vs.- kapsayan ideal bir ba\u015fvuru kitab\u0131\u2026 G\u00f6rseller e\u015fli\u011finde ekonomideki 200 temel kavram\u0131, terminolojik a\u00e7\u0131klamalarla k\u0131sa ve yal\u0131n bir dille sunan bu \u00e7al\u0131\u015fma, sadece ekonomistlere de\u011fil, ekonomi alan\u0131ndaki bilgisini derinle\u015ftirmek isteyen herkese hitap edecek.   DAK\u0130KALAR \u0130\u00c7\u0130NDE GELECEK &#8211; KEITH MANSFIELD Gelece\u011fimizi \u015eekillendirecek 200 Kavram, Teknoloji ve Sonu\u00e7lar\u0131 GELECEKTE \u0130NSANLI\u011eI NELER BEKL\u0130YOR? Nas\u0131l ya\u015fayacak, \u00e7al\u0131\u015facak ve e\u011flenece\u011fiz? Hangi yeni teknolojiler geli\u015ftirilecek? \u0130nsanlar evrimle\u015fecek mi, belki de sonsuza kadar ya\u015fayacak m\u0131? Yoksa bizi ve hatta t\u00fcm evreni sona erdirebilecek tehditlerle mi kar\u015f\u0131 kar\u015f\u0131yay\u0131z? Uzayda ya\u015fam m\u00fcmk\u00fcn olacak m\u0131? Robotlar hayat\u0131m\u0131zda ne kadar yer alacak? Robotlar\u0131n haklar\u0131 olacak m\u0131? Yapay zek\u00e2, insan zek\u00e2s\u0131n\u0131n kavrayamayaca\u011f\u0131 \u015fekillerde ya\u015fam bi\u00e7imimizi de\u011fi\u015ftirecek mi? Y\u00f6netim modelleri \u015fekil de\u011fi\u015ftirecek ve d\u00fcnya h\u00fck\u00fcmeti kurulacak m\u0131? Gelece\u011fi tahmin etmek, insans\u0131z hava ara\u00e7lar\u0131, k\u0131tl\u0131k, sava\u015f\u0131n de\u011fi\u015fen do\u011fas\u0131, siber tehditler, \u00f6l\u00fcms\u00fczl\u00fck aray\u0131\u015f\u0131, organ yeti\u015ftirme, post-insanlar, yapay zek\u00e2, insanl\u0131\u011fa y\u00f6nelik tehditler, uzay yolculu\u011fu, y\u00fczen \u015fehirler, zihin birle\u015ftirme, d\u00fcnyan\u0131n ve evrenin kaderi gibi 200 olgu, ke\u015fif, geli\u015fme ve 200 g\u00f6rsel ile bizi bekleyen gelecek\u2026 Dakikalar \u0130\u00e7inde Gelecek, kripto para birimleri, insans\u0131 robotlar, gen terapisi, gezegenleri kolonile\u015ftirmek ve yapay zek\u00e2ya kadar gelece\u011fe dair her \u015feyi k\u0131sa ve net bir \u015fekilde a\u00e7\u0131klayarak \u00fctopya veya felaket ekseninde gelecekte insanl\u0131\u011f\u0131 bekleyenlere dair keyifli bir okuma. <\/p>\n","protected":false},"excerpt":{"rendered":"<p>SET \u0130\u00c7\u0130NDEK\u0130 K\u0130TAPLAR: 1. Dakikalar \u0130\u00e7inde Astronomi \u2013 Giles Sparrow 2. Dakikalar \u0130\u00e7inde Genetik &#8211; Tom Jackson 3. Dakikalar \u0130\u00e7inde Psikoloji &#8211; Marcus Weeks 4. Dakikalar<span class=\"excerpt-hellip\"> [\u2026]<\/span><\/p>\n","protected":false},"featured_media":0,"template":"","meta":{"_monsterinsights_skip_tracking":false,"_monsterinsights_sitenote_active":false,"_monsterinsights_sitenote_note":"","_monsterinsights_sitenote_category":0},"product_brand":[],"product_cat":[13005],"product_tag":[],"class_list":{"0":"post-750315","1":"product","2":"type-product","3":"status-publish","5":"product_cat-bilim-muhendislik","6":"pa_cilt-ciltsiz","7":"pa_tur-kitap","8":"pa_yayinevi-kronik-kitap","9":"pa_yazar-kolektif","11":"first","12":"instock","13":"sale","14":"shipping-taxable","15":"purchasable","16":"product-type-simple"},"_links":{"self":[{"href":"https:\/\/roveyayinevi.com.tr\/index.php\/wp-json\/wp\/v2\/product\/750315","targetHints":{"allow":["GET"]}}],"collection":[{"href":"https:\/\/roveyayinevi.com.tr\/index.php\/wp-json\/wp\/v2\/product"}],"about":[{"href":"https:\/\/roveyayinevi.com.tr\/index.php\/wp-json\/wp\/v2\/types\/product"}],"wp:attachment":[{"href":"https:\/\/roveyayinevi.com.tr\/index.php\/wp-json\/wp\/v2\/media?parent=750315"}],"wp:term":[{"taxonomy":"product_brand","embeddable":true,"href":"https:\/\/roveyayinevi.com.tr\/index.php\/wp-json\/wp\/v2\/product_brand?post=750315"},{"taxonomy":"product_cat","embeddable":true,"href":"https:\/\/roveyayinevi.com.tr\/index.php\/wp-json\/wp\/v2\/product_cat?post=750315"},{"taxonomy":"product_tag","embeddable":true,"href":"https:\/\/roveyayinevi.com.tr\/index.php\/wp-json\/wp\/v2\/product_tag?post=750315"}],"curies":[{"name":"wp","href":"https:\/\/api.w.org\/{rel}","templated":true}]}}